{"id":718221,"date":"2025-08-27T18:05:23","date_gmt":"2025-08-27T15:05:23","guid":{"rendered":"https:\/\/roveyayinevi.com.tr\/index.php\/urun\/piyano-2-bolum-repertuvar-kitabi\/"},"modified":"2026-04-16T02:26:21","modified_gmt":"2026-04-15T23:26:21","slug":"piyano-2-bolum-repertuvar-kitabi","status":"publish","type":"product","link":"https:\/\/roveyayinevi.com.tr\/index.php\/urun\/piyano-2-bolum-repertuvar-kitabi\/","title":{"rendered":"Piyano 2. B\u00f6l\u00fcm Repertuvar Kitab\u0131"},"content":{"rendered":"<p>Bu kitab\u0131n konusu olan ve \u00f6rneklerle a\u00e7\u0131klanan klasik m\u00fczik tarihi \u00e7e\u015fitli d\u00f6nemlerden ge\u00e7mi\u015ftir. Ba\u015flang\u0131\u00e7ta klasik yunan d\u00f6nemi sonra orta \u00e7a\u011f klasik m\u00fczik d\u00f6nemi ve bunlar\u0131 taki ben r\u00f6nesans d\u00f6nemi ya\u015fanm\u0131\u015ft\u0131r. Orta\u00e7a\u011f klasik m\u00fczik d\u00f6neminin dikkat \u00e7ekici y\u00f6n\u00fc m\u00fczikte \u00e7ok seslili\u011fe ge\u00e7i\u015f d\u00f6nemi olmas\u0131d\u0131r. Bunu sa\u011flayan en \u00f6nemli neden ilk nota sisteminin kurulmaya ba\u015flanmas\u0131 ve farkl\u0131 seslerin kesin i\u015faretlerle isimlendirilmesidir. Klasik m\u00fczik tarihinde piyanonun yo\u011fun kullan\u0131ld\u0131\u011f\u0131 bir d\u00f6nemdir. Ancak bu d\u00f6nemde bu g\u00fcn bildi\u011fimiz piyanonun atalar\u0131 say\u0131lan clavichord ve harpsichord kullan\u0131lm\u0131\u015ft\u0131r. <\/p>\n","protected":false},"excerpt":{"rendered":"<p>Bu kitab\u0131n konusu olan ve \u00f6rneklerle a\u00e7\u0131klanan klasik m\u00fczik tarihi \u00e7e\u015fitli d\u00f6nemlerden ge\u00e7mi\u015ftir. Ba\u015flang\u0131\u00e7ta klasik yunan d\u00f6nemi sonra orta \u00e7a\u011f klasik m\u00fczik d\u00f6nemi ve bunlar\u0131 taki<span class=\"excerpt-hellip\"> [\u2026]<\/span><\/p>\n","protected":false},"featured_media":0,"template":"","meta":{"_monsterinsights_skip_tracking":false,"_monsterinsights_sitenote_active":false,"_monsterinsights_sitenote_note":"","_monsterinsights_sitenote_category":0},"product_brand":[],"product_cat":[14556,20810],"product_tag":[],"class_list":{"0":"post-718221","1":"product","2":"type-product","3":"status-publish","5":"product_cat-muzik","6":"product_cat-ogrenim-kitaplari","7":"pa_cilt-ciltsiz","8":"pa_tur-kitap","9":"pa_yayinevi-porte-muzik-egitim-merkezi","10":"pa_yazar-elena-yikilmaz","12":"first","13":"instock","14":"sale","15":"shipping-taxable","16":"purchasable","17":"product-type-simple"},"_links":{"self":[{"href":"https:\/\/roveyayinevi.com.tr\/index.php\/wp-json\/wp\/v2\/product\/718221","targetHints":{"allow":["GET"]}}],"collection":[{"href":"https:\/\/roveyayinevi.com.tr\/index.php\/wp-json\/wp\/v2\/product"}],"about":[{"href":"https:\/\/roveyayinevi.com.tr\/index.php\/wp-json\/wp\/v2\/types\/product"}],"wp:attachment":[{"href":"https:\/\/roveyayinevi.com.tr\/index.php\/wp-json\/wp\/v2\/media?parent=718221"}],"wp:term":[{"taxonomy":"product_brand","embeddable":true,"href":"https:\/\/roveyayinevi.com.tr\/index.php\/wp-json\/wp\/v2\/product_brand?post=718221"},{"taxonomy":"product_cat","embeddable":true,"href":"https:\/\/roveyayinevi.com.tr\/index.php\/wp-json\/wp\/v2\/product_cat?post=718221"},{"taxonomy":"product_tag","embeddable":true,"href":"https:\/\/roveyayinevi.com.tr\/index.php\/wp-json\/wp\/v2\/product_tag?post=718221"}],"curies":[{"name":"wp","href":"https:\/\/api.w.org\/{rel}","templated":true}]}}