{"id":718220,"date":"2025-08-27T18:05:23","date_gmt":"2025-08-27T15:05:23","guid":{"rendered":"https:\/\/roveyayinevi.com.tr\/index.php\/urun\/bir-yabanciyla-yasamak\/"},"modified":"2026-04-16T02:26:21","modified_gmt":"2026-04-15T23:26:21","slug":"bir-yabanciyla-yasamak","status":"publish","type":"product","link":"https:\/\/roveyayinevi.com.tr\/index.php\/urun\/bir-yabanciyla-yasamak\/","title":{"rendered":"Bir Yabanc\u0131yla Ya\u015famak"},"content":{"rendered":"<p>Hayat\u0131m\u0131 payla\u015ft\u0131\u011f\u0131m bu kedi kimdir, nas\u0131l bir varl\u0131kt\u0131r, ne d\u00fc\u015f\u00fcn\u00fcr, nas\u0131l d\u00fc\u015f\u00fcn\u00fcr, bu davran\u0131\u015f\u0131n\u0131n anlam\u0131 nedir? Kedilerle ya\u015fayan ya da sokaklarda kedilerle kar\u015f\u0131la\u015fan herkes bu t\u00fcrden sorular\u0131 sormu\u015ftur kendine. Hayvanlar\u0131n varl\u0131\u011f\u0131 ve haklar\u0131 \u00fczerinde \u00e7al\u0131\u015fan felsefeci Florence Burgat, Bir Yabanc\u0131yla Ya\u015famak\u2019ta kedileri, ortak ya\u015fam, rit\u00fceller, ileti\u015fim, dostluk, sevgi, ac\u0131mas\u0131zl\u0131k gibi temalar \u00e7er\u00e7evesinde ele al\u0131yor. Kedilerle olan deneyimimize \u0131\u015f\u0131k tutacak, belki de onlarla ili\u015fkimizi farkl\u0131la\u015ft\u0131racak keyifli bir bak\u0131\u015f a\u00e7\u0131s\u0131n\u0131, felsefi ve etik tart\u0131\u015fmalar\u0131 kuramsal ve edebi izd\u00fc\u015f\u00fcmlerle harmanlayarak ad\u0131m ad\u0131m \u00f6r\u00fcyor.<\/p>\n","protected":false},"excerpt":{"rendered":"<p>Hayat\u0131m\u0131 payla\u015ft\u0131\u011f\u0131m bu kedi kimdir, nas\u0131l bir varl\u0131kt\u0131r, ne d\u00fc\u015f\u00fcn\u00fcr, nas\u0131l d\u00fc\u015f\u00fcn\u00fcr, bu davran\u0131\u015f\u0131n\u0131n anlam\u0131 nedir? Kedilerle ya\u015fayan ya da sokaklarda kedilerle kar\u015f\u0131la\u015fan herkes bu t\u00fcrden<span class=\"excerpt-hellip\"> [\u2026]<\/span><\/p>\n","protected":false},"featured_media":0,"template":"","meta":{"_monsterinsights_skip_tracking":false,"_monsterinsights_sitenote_active":false,"_monsterinsights_sitenote_note":"","_monsterinsights_sitenote_category":0},"product_brand":[],"product_cat":[14787,13488],"product_tag":[],"class_list":{"0":"post-718220","1":"product","2":"type-product","3":"status-publish","5":"product_cat-diger-toplum-ve-insan","6":"product_cat-toplum-ve-insan","7":"pa_cilt-ciltsiz","8":"pa_tur-kitap","9":"pa_yayinevi-sel-yayincilik","10":"pa_yazar-florence-burgat","12":"first","13":"instock","14":"sale","15":"shipping-taxable","16":"purchasable","17":"product-type-simple"},"_links":{"self":[{"href":"https:\/\/roveyayinevi.com.tr\/index.php\/wp-json\/wp\/v2\/product\/718220","targetHints":{"allow":["GET"]}}],"collection":[{"href":"https:\/\/roveyayinevi.com.tr\/index.php\/wp-json\/wp\/v2\/product"}],"about":[{"href":"https:\/\/roveyayinevi.com.tr\/index.php\/wp-json\/wp\/v2\/types\/product"}],"wp:attachment":[{"href":"https:\/\/roveyayinevi.com.tr\/index.php\/wp-json\/wp\/v2\/media?parent=718220"}],"wp:term":[{"taxonomy":"product_brand","embeddable":true,"href":"https:\/\/roveyayinevi.com.tr\/index.php\/wp-json\/wp\/v2\/product_brand?post=718220"},{"taxonomy":"product_cat","embeddable":true,"href":"https:\/\/roveyayinevi.com.tr\/index.php\/wp-json\/wp\/v2\/product_cat?post=718220"},{"taxonomy":"product_tag","embeddable":true,"href":"https:\/\/roveyayinevi.com.tr\/index.php\/wp-json\/wp\/v2\/product_tag?post=718220"}],"curies":[{"name":"wp","href":"https:\/\/api.w.org\/{rel}","templated":true}]}}