{"id":718219,"date":"2025-08-27T18:05:22","date_gmt":"2025-08-27T15:05:22","guid":{"rendered":"https:\/\/roveyayinevi.com.tr\/index.php\/urun\/bahdavar\/"},"modified":"2026-04-16T02:26:21","modified_gmt":"2026-04-15T23:26:21","slug":"bahdavar","status":"publish","type":"product","link":"https:\/\/roveyayinevi.com.tr\/index.php\/urun\/bahdavar\/","title":{"rendered":"Bahdavar"},"content":{"rendered":"<p>Terekemeleri Terekeme Leh\u00e7esiyle Anlatan Bu Romanda G\u00f6r\u00fclecektirki ; Terekeme Leh\u00e7esi Sevimli Olmaya \u00c7al\u0131\u015fmadan Sevimli Olan Bir T\u00fcrk Leh\u00e7esidir <\/p>\n","protected":false},"excerpt":{"rendered":"<p>Terekemeleri Terekeme Leh\u00e7esiyle Anlatan Bu Romanda G\u00f6r\u00fclecektirki ; Terekeme Leh\u00e7esi Sevimli Olmaya \u00c7al\u0131\u015fmadan Sevimli Olan Bir T\u00fcrk Leh\u00e7esidir<\/p>\n","protected":false},"featured_media":0,"template":"","meta":{"_monsterinsights_skip_tracking":false,"_monsterinsights_sitenote_active":false,"_monsterinsights_sitenote_note":"","_monsterinsights_sitenote_category":0},"product_brand":[],"product_cat":[12291,12711],"product_tag":[],"class_list":{"0":"post-718219","1":"product","2":"type-product","3":"status-publish","5":"product_cat-edebiyat","6":"product_cat-roman-oyku","7":"pa_cilt-ciltsiz","8":"pa_tur-kitap","9":"pa_yayinevi-soncag-akademik-kitaplar","10":"pa_yazar-rahim-tas","12":"first","13":"instock","14":"sale","15":"shipping-taxable","16":"purchasable","17":"product-type-simple"},"_links":{"self":[{"href":"https:\/\/roveyayinevi.com.tr\/index.php\/wp-json\/wp\/v2\/product\/718219","targetHints":{"allow":["GET"]}}],"collection":[{"href":"https:\/\/roveyayinevi.com.tr\/index.php\/wp-json\/wp\/v2\/product"}],"about":[{"href":"https:\/\/roveyayinevi.com.tr\/index.php\/wp-json\/wp\/v2\/types\/product"}],"wp:attachment":[{"href":"https:\/\/roveyayinevi.com.tr\/index.php\/wp-json\/wp\/v2\/media?parent=718219"}],"wp:term":[{"taxonomy":"product_brand","embeddable":true,"href":"https:\/\/roveyayinevi.com.tr\/index.php\/wp-json\/wp\/v2\/product_brand?post=718219"},{"taxonomy":"product_cat","embeddable":true,"href":"https:\/\/roveyayinevi.com.tr\/index.php\/wp-json\/wp\/v2\/product_cat?post=718219"},{"taxonomy":"product_tag","embeddable":true,"href":"https:\/\/roveyayinevi.com.tr\/index.php\/wp-json\/wp\/v2\/product_tag?post=718219"}],"curies":[{"name":"wp","href":"https:\/\/api.w.org\/{rel}","templated":true}]}}