{"id":718216,"date":"2025-08-27T18:05:20","date_gmt":"2025-08-27T15:05:20","guid":{"rendered":"https:\/\/roveyayinevi.com.tr\/index.php\/urun\/dus-kirpintilari\/"},"modified":"2026-04-16T02:26:21","modified_gmt":"2026-04-15T23:26:21","slug":"dus-kirpintilari","status":"publish","type":"product","link":"https:\/\/roveyayinevi.com.tr\/index.php\/urun\/dus-kirpintilari\/","title":{"rendered":"D\u00fc\u015f K\u0131rp\u0131nt\u0131lar\u0131"},"content":{"rendered":"<p>Enis Batur, \u201ck\u00fclt\u00fcr iktidar\u0131\u201dn\u0131n dillerden d\u00fc\u015fmedi\u011fi bir d\u00f6nemde, yeni denemeleriyle, k\u00fclt\u00fcr\u00fcn has de\u011ferlerinin ancak muhalif bir duru\u015fla elden ele ge\u00e7ebilece\u011fini savunuyor.<\/p>\n","protected":false},"excerpt":{"rendered":"<p>Enis Batur, \u201ck\u00fclt\u00fcr iktidar\u0131\u201dn\u0131n dillerden d\u00fc\u015fmedi\u011fi bir d\u00f6nemde, yeni denemeleriyle, k\u00fclt\u00fcr\u00fcn has de\u011ferlerinin ancak muhalif bir duru\u015fla elden ele ge\u00e7ebilece\u011fini savunuyor.<\/p>\n","protected":false},"featured_media":0,"template":"","meta":{"_monsterinsights_skip_tracking":false,"_monsterinsights_sitenote_active":false,"_monsterinsights_sitenote_note":"","_monsterinsights_sitenote_category":0},"product_brand":[],"product_cat":[12777,12291],"product_tag":[],"class_list":{"0":"post-718216","1":"product","2":"type-product","3":"status-publish","5":"product_cat-deneme","6":"product_cat-edebiyat","7":"pa_cilt-ciltsiz","8":"pa_tur-kitap","9":"pa_yayinevi-sel-yayincilik","10":"pa_yazar-enis-batur","12":"first","13":"instock","14":"sale","15":"shipping-taxable","16":"purchasable","17":"product-type-simple"},"_links":{"self":[{"href":"https:\/\/roveyayinevi.com.tr\/index.php\/wp-json\/wp\/v2\/product\/718216","targetHints":{"allow":["GET"]}}],"collection":[{"href":"https:\/\/roveyayinevi.com.tr\/index.php\/wp-json\/wp\/v2\/product"}],"about":[{"href":"https:\/\/roveyayinevi.com.tr\/index.php\/wp-json\/wp\/v2\/types\/product"}],"wp:attachment":[{"href":"https:\/\/roveyayinevi.com.tr\/index.php\/wp-json\/wp\/v2\/media?parent=718216"}],"wp:term":[{"taxonomy":"product_brand","embeddable":true,"href":"https:\/\/roveyayinevi.com.tr\/index.php\/wp-json\/wp\/v2\/product_brand?post=718216"},{"taxonomy":"product_cat","embeddable":true,"href":"https:\/\/roveyayinevi.com.tr\/index.php\/wp-json\/wp\/v2\/product_cat?post=718216"},{"taxonomy":"product_tag","embeddable":true,"href":"https:\/\/roveyayinevi.com.tr\/index.php\/wp-json\/wp\/v2\/product_tag?post=718216"}],"curies":[{"name":"wp","href":"https:\/\/api.w.org\/{rel}","templated":true}]}}