{"id":718214,"date":"2025-08-27T18:05:19","date_gmt":"2025-08-27T15:05:19","guid":{"rendered":"https:\/\/roveyayinevi.com.tr\/index.php\/urun\/kristal-dunya\/"},"modified":"2026-04-16T02:26:21","modified_gmt":"2026-04-15T23:26:21","slug":"kristal-dunya","status":"publish","type":"product","link":"https:\/\/roveyayinevi.com.tr\/index.php\/urun\/kristal-dunya\/","title":{"rendered":"Kristal D\u00fcnya"},"content":{"rendered":"<p>Bilimkurgu edebiyat\u0131nda \u00e7\u0131\u011f\u0131r a\u00e7an kurgular\u0131yla haf\u0131zalara kaz\u0131nan usta yazar J. G. Ballard, Kristal D\u00fcnya\u2019da Bat\u0131 Afrika cang\u0131l\u0131n\u0131n derinliklerinde tekinsiz bir d\u00fcnya kuruyor.G\u00f6zlerden \u0131rak bir c\u00fczam hastanesine davet edilen Doktor Sanders\u2019\u0131n yolculu\u011fu, kristalle\u015fen orman\u0131n ger\u00e7ek\u00fcst\u00fc varl\u0131\u011f\u0131yla s\u00fcre\u011fen, belirsiz, mucizevi bir r\u00fcyaya evrilir. A\u011fa\u00e7lar\u0131n m\u00fccevherlere, timsah ve ku\u015flar\u0131n kristallere d\u00f6n\u00fc\u015ft\u00fc\u011f\u00fc bir anti-yolculuktur bu; ger\u00e7ekli\u011fin do\u011fas\u0131ndan r\u00fcyaya ka\u00e7\u0131\u015fa do\u011fru uzanan.\u201cAs\u0131l yabanc\u0131 gezegen d\u00fcnyam\u0131zd\u0131r,\u201d diyen Ballard\u2019dan, okurunu bir kez daha belirsizli\u011fe s\u00fcr\u00fckleyen epik bir anlat\u0131.<\/p>\n","protected":false},"excerpt":{"rendered":"<p>Bilimkurgu edebiyat\u0131nda \u00e7\u0131\u011f\u0131r a\u00e7an kurgular\u0131yla haf\u0131zalara kaz\u0131nan usta yazar J. G. Ballard, Kristal D\u00fcnya\u2019da Bat\u0131 Afrika cang\u0131l\u0131n\u0131n derinliklerinde tekinsiz bir d\u00fcnya kuruyor.G\u00f6zlerden \u0131rak bir c\u00fczam hastanesine<span class=\"excerpt-hellip\"> [\u2026]<\/span><\/p>\n","protected":false},"featured_media":0,"template":"","meta":{"_monsterinsights_skip_tracking":false,"_monsterinsights_sitenote_active":false,"_monsterinsights_sitenote_note":"","_monsterinsights_sitenote_category":0},"product_brand":[],"product_cat":[12291,12711],"product_tag":[],"class_list":{"0":"post-718214","1":"product","2":"type-product","3":"status-publish","5":"product_cat-edebiyat","6":"product_cat-roman-oyku","7":"pa_cilt-ciltsiz","8":"pa_tur-kitap","9":"pa_yayinevi-sel-yayincilik","10":"pa_yazar-j-g-ballard","12":"first","13":"instock","14":"sale","15":"shipping-taxable","16":"purchasable","17":"product-type-simple"},"_links":{"self":[{"href":"https:\/\/roveyayinevi.com.tr\/index.php\/wp-json\/wp\/v2\/product\/718214","targetHints":{"allow":["GET"]}}],"collection":[{"href":"https:\/\/roveyayinevi.com.tr\/index.php\/wp-json\/wp\/v2\/product"}],"about":[{"href":"https:\/\/roveyayinevi.com.tr\/index.php\/wp-json\/wp\/v2\/types\/product"}],"wp:attachment":[{"href":"https:\/\/roveyayinevi.com.tr\/index.php\/wp-json\/wp\/v2\/media?parent=718214"}],"wp:term":[{"taxonomy":"product_brand","embeddable":true,"href":"https:\/\/roveyayinevi.com.tr\/index.php\/wp-json\/wp\/v2\/product_brand?post=718214"},{"taxonomy":"product_cat","embeddable":true,"href":"https:\/\/roveyayinevi.com.tr\/index.php\/wp-json\/wp\/v2\/product_cat?post=718214"},{"taxonomy":"product_tag","embeddable":true,"href":"https:\/\/roveyayinevi.com.tr\/index.php\/wp-json\/wp\/v2\/product_tag?post=718214"}],"curies":[{"name":"wp","href":"https:\/\/api.w.org\/{rel}","templated":true}]}}