{"id":718212,"date":"2025-08-27T18:05:18","date_gmt":"2025-08-27T15:05:18","guid":{"rendered":"https:\/\/roveyayinevi.com.tr\/index.php\/urun\/herculine-barbin-namidiger-alexina-b\/"},"modified":"2026-04-16T02:26:21","modified_gmt":"2026-04-15T23:26:21","slug":"herculine-barbin-namidiger-alexina-b","status":"publish","type":"product","link":"https:\/\/roveyayinevi.com.tr\/index.php\/urun\/herculine-barbin-namidiger-alexina-b\/","title":{"rendered":"Herculine Barbin Nam\u0131di\u011fer Alexina B."},"content":{"rendered":"<p>Herculine Ad\u00e9la\u00efde Barbin, Alexina B. ya da Abel Barbin\u2026Bu hermafrodit, on dokuzuncu y\u00fczy\u0131lda \u00e7ok\u00e7a tart\u0131\u015f\u0131lan \u201ckimlik av\u0131n\u0131n\u201d kurbanlar\u0131ndan yaln\u0131zca biriydi. Alexina B.\u2019nin erkek kimli\u011fini elde ettikten sonra yazd\u0131\u011f\u0131 An\u0131lar\u0131m, cinsel kimlik aray\u0131\u015f\u0131n\u0131n bir mesele haline geldi\u011fi on dokuzuncu y\u00fczy\u0131l ger\u00e7ekli\u011fi i\u00e7erisinde, metni y\u00fcz y\u0131l sonra sa\u011fl\u0131k bakanl\u0131\u011f\u0131 ar\u015fivlerinde ke\u015ffeden Michel Foucault\u2019nun tabiriyle tarihi bir belge niteli\u011findedir.Alexina B.\u2019nin resmi olarak cinsiyet de\u011fi\u015fikli\u011fine onay veren Doktor Chesnet ve Barbin\u2019in otopsi raporunu haz\u0131rlayan Goujon\u2019un incelemelerinin ve Oscar Panizza\u2019n\u0131n An\u0131lar\u0131m\u2019dan ilham alarak yazd\u0131\u011f\u0131 Manast\u0131rda Skandal\u2019\u0131n\u0131n bir araya getirildi\u011fi bu kitap; t\u0131bb\u0131n, hukukun ve toplumun \u201cger\u00e7ek\u201d cinsel kimlikleri sorgulad\u0131\u011f\u0131, yarg\u0131lad\u0131\u011f\u0131 ve h\u00fckme ba\u011flad\u0131\u011f\u0131 bir d\u00fczene ve hermafroditli\u011fe dair geni\u015f bir bak\u0131\u015f a\u00e7\u0131s\u0131 sunar.Ancak metni Foucault\u2019dan da yakla\u015f\u0131k y\u00fcz y\u0131l \u00f6nce ke\u015ffeden bir ki\u015fi daha vard\u0131r: o y\u0131llarda Paris\u2019te t\u0131p e\u011fitimi alan Doktor \u0130brahim \u015eevki. An\u0131lar\u0131m, kendisi taraf\u0131ndan terc\u00fcme edilerek \u00f6nce tefrika halinde, 1885 y\u0131l\u0131nda da Ahmed Midhat Efendi\u2019nin Mukaddime\u2019si ve H\u00fcviyet ba\u015fl\u0131\u011f\u0131yla kitap olarak yay\u0131nlanm\u0131\u015ft\u0131r. Sesini, s\u0131n\u0131rlar\u0131 ve dilleri a\u015farak iki y\u00fczy\u0131la yay\u0131lacak \u015fekilde duyuran Alexina B.\u2019nin \u00f6yk\u00fcs\u00fcn\u00fc bu e\u015fsiz edisyonla sunabilmenin k\u0131vanc\u0131n\u0131 ya\u015f\u0131yoruz.<\/p>\n","protected":false},"excerpt":{"rendered":"<p>Herculine Ad\u00e9la\u00efde Barbin, Alexina B. ya da Abel Barbin\u2026Bu hermafrodit, on dokuzuncu y\u00fczy\u0131lda \u00e7ok\u00e7a tart\u0131\u015f\u0131lan \u201ckimlik av\u0131n\u0131n\u201d kurbanlar\u0131ndan yaln\u0131zca biriydi. Alexina B.\u2019nin erkek kimli\u011fini elde ettikten<span class=\"excerpt-hellip\"> [\u2026]<\/span><\/p>\n","protected":false},"featured_media":0,"template":"","meta":{"_monsterinsights_skip_tracking":false,"_monsterinsights_sitenote_active":false,"_monsterinsights_sitenote_note":"","_monsterinsights_sitenote_category":0},"product_brand":[],"product_cat":[20351,12388],"product_tag":[],"class_list":{"0":"post-718212","1":"product","2":"type-product","3":"status-publish","5":"product_cat-dusunce","6":"product_cat-felsefe","7":"pa_cilt-ciltsiz","8":"pa_tur-kitap","9":"pa_yayinevi-sel-yayincilik","10":"pa_yazar-michel-foucault","12":"first","13":"instock","14":"sale","15":"shipping-taxable","16":"purchasable","17":"product-type-simple"},"_links":{"self":[{"href":"https:\/\/roveyayinevi.com.tr\/index.php\/wp-json\/wp\/v2\/product\/718212","targetHints":{"allow":["GET"]}}],"collection":[{"href":"https:\/\/roveyayinevi.com.tr\/index.php\/wp-json\/wp\/v2\/product"}],"about":[{"href":"https:\/\/roveyayinevi.com.tr\/index.php\/wp-json\/wp\/v2\/types\/product"}],"wp:attachment":[{"href":"https:\/\/roveyayinevi.com.tr\/index.php\/wp-json\/wp\/v2\/media?parent=718212"}],"wp:term":[{"taxonomy":"product_brand","embeddable":true,"href":"https:\/\/roveyayinevi.com.tr\/index.php\/wp-json\/wp\/v2\/product_brand?post=718212"},{"taxonomy":"product_cat","embeddable":true,"href":"https:\/\/roveyayinevi.com.tr\/index.php\/wp-json\/wp\/v2\/product_cat?post=718212"},{"taxonomy":"product_tag","embeddable":true,"href":"https:\/\/roveyayinevi.com.tr\/index.php\/wp-json\/wp\/v2\/product_tag?post=718212"}],"curies":[{"name":"wp","href":"https:\/\/api.w.org\/{rel}","templated":true}]}}