{"id":718211,"date":"2025-08-27T18:05:17","date_gmt":"2025-08-27T15:05:17","guid":{"rendered":"https:\/\/roveyayinevi.com.tr\/index.php\/urun\/delliaddem\/"},"modified":"2026-04-08T02:33:26","modified_gmt":"2026-04-07T23:33:26","slug":"delliaddem","status":"publish","type":"product","link":"https:\/\/roveyayinevi.com.tr\/index.php\/urun\/delliaddem\/","title":{"rendered":"Delliaddem"},"content":{"rendered":"<p>\u201c\u00c7\u00fcnk\u00fc bu defa Tanr\u0131 ona bir ko\u00e7 g\u00f6ndermeyecek.\u201d\u0130nsan eliyle gelen k\u0131yametin ard\u0131ndan sa\u011f kalan Toby, insans\u0131z d\u00fcnyan\u0131n yeni sakinlerine, Fluryagillere kaosun ve kaostan \u00f6nceki zamanlar\u0131n \u00f6yk\u00fcs\u00fcn\u00fc anlat\u0131yor. Saf ve \u00e7ocuksu Flurya \u00c7ocuklar\u0131, k\u00f6t\u00fc niyetli \u00c7ilePatlarc\u0131lar, g\u00f6n\u00fcls\u00fcz peygamber KarAdam\u0131 Jimmy, Tanr\u0131\u2019n\u0131n Bah\u00e7\u0131vanlar\u0131, geneti\u011fiyle oynanm\u0131\u015f hayvanlar, domuzonlar, \u00c7evik Tilki, Delli\u00c2ddemciler ve \u015eirketler bu yeni d\u00fcnyada hayatta kalma m\u00fccadelesi verirken, tarih bir kez daha iyinin ve k\u00f6t\u00fcn\u00fcn sava\u015f\u0131n\u0131 yazacakt\u0131r. Bu sava\u015ftan geriye kalan ise kad\u0131nlar\u0131n rahmindeki yeni ya\u015famd\u0131r.Margaret Atwood,  Antilop ve Flurya ve Tufan Zaman\u0131\u2019ndan sonra Delli\u00c2ddem \u00fc\u00e7lemesinin son kitab\u0131nda, yarat\u0131l\u0131\u015f mitolojilerinden esinler ta\u015f\u0131yan bir k\u0131yamet sonras\u0131 \u00f6yk\u00fc anlat\u0131yor. \u0130nsanl\u0131\u011fa ve gelece\u011fe dair bir umut olup olmad\u0131\u011f\u0131 da Toby\u2019nin masum Fluryagillere anlatt\u0131\u011f\u0131 bu ola\u011fan\u00fcst\u00fc zek\u00e2 ve ironiyle \u00f6r\u00fclm\u00fc\u015f insanl\u0131k \u00f6yk\u00fcs\u00fcnde gizli.<\/p>\n","protected":false},"excerpt":{"rendered":"<p>\u201c\u00c7\u00fcnk\u00fc bu defa Tanr\u0131 ona bir ko\u00e7 g\u00f6ndermeyecek.\u201d\u0130nsan eliyle gelen k\u0131yametin ard\u0131ndan sa\u011f kalan Toby, insans\u0131z d\u00fcnyan\u0131n yeni sakinlerine, Fluryagillere kaosun ve kaostan \u00f6nceki zamanlar\u0131n \u00f6yk\u00fcs\u00fcn\u00fc<span class=\"excerpt-hellip\"> [\u2026]<\/span><\/p>\n","protected":false},"featured_media":0,"template":"","meta":{"_monsterinsights_skip_tracking":false,"_monsterinsights_sitenote_active":false,"_monsterinsights_sitenote_note":"","_monsterinsights_sitenote_category":0},"product_brand":[],"product_cat":[12291,12711],"product_tag":[],"class_list":{"0":"post-718211","1":"product","2":"type-product","3":"status-publish","5":"product_cat-edebiyat","6":"product_cat-roman-oyku","7":"pa_cilt-ciltsiz","8":"pa_tur-kitap","9":"pa_yayinevi-dogan-kitap","10":"pa_yazar-margaret-atwood","12":"first","13":"instock","14":"sale","15":"shipping-taxable","16":"purchasable","17":"product-type-simple"},"_links":{"self":[{"href":"https:\/\/roveyayinevi.com.tr\/index.php\/wp-json\/wp\/v2\/product\/718211","targetHints":{"allow":["GET"]}}],"collection":[{"href":"https:\/\/roveyayinevi.com.tr\/index.php\/wp-json\/wp\/v2\/product"}],"about":[{"href":"https:\/\/roveyayinevi.com.tr\/index.php\/wp-json\/wp\/v2\/types\/product"}],"wp:attachment":[{"href":"https:\/\/roveyayinevi.com.tr\/index.php\/wp-json\/wp\/v2\/media?parent=718211"}],"wp:term":[{"taxonomy":"product_brand","embeddable":true,"href":"https:\/\/roveyayinevi.com.tr\/index.php\/wp-json\/wp\/v2\/product_brand?post=718211"},{"taxonomy":"product_cat","embeddable":true,"href":"https:\/\/roveyayinevi.com.tr\/index.php\/wp-json\/wp\/v2\/product_cat?post=718211"},{"taxonomy":"product_tag","embeddable":true,"href":"https:\/\/roveyayinevi.com.tr\/index.php\/wp-json\/wp\/v2\/product_tag?post=718211"}],"curies":[{"name":"wp","href":"https:\/\/api.w.org\/{rel}","templated":true}]}}