{"id":718210,"date":"2025-08-27T18:05:16","date_gmt":"2025-08-27T15:05:16","guid":{"rendered":"https:\/\/roveyayinevi.com.tr\/index.php\/urun\/5-sinifa-hazirim-sirin-proje-seti\/"},"modified":"2026-04-16T02:26:21","modified_gmt":"2026-04-15T23:26:21","slug":"5-sinifa-hazirim-sirin-proje-seti","status":"publish","type":"product","link":"https:\/\/roveyayinevi.com.tr\/index.php\/urun\/5-sinifa-hazirim-sirin-proje-seti\/","title":{"rendered":"5. S\u0131n\u0131fa Haz\u0131r\u0131m &#8211; \u015eirin Proje Seti"},"content":{"rendered":"<p>\u00d6\u011frenmek e\u011flenceli bir u\u011fra\u015ft\u0131r!Prof. Dr. Sel\u00e7uk \u015eirin liderli\u011finde uzman e\u011fitmenler taraf\u0131ndan \u00f6zenle haz\u0131rlanan \u015eirin Proje Seti ezbere, \u00f6deve ve test \u00e7\u00f6zmeye dayal\u0131 e\u011fitim anlay\u0131\u015f\u0131n\u0131n aksine i\u00e7eri\u011fiyle \u00f6\u011frencilerde merak duygusu uyand\u0131r\u0131yor ve b\u00f6l\u00fcm sonlar\u0131nda yer alan uygulamal\u0131 ara\u015ft\u0131rmalarla bunu destekliyor. \u0130lkokullar i\u00e7in haz\u0131rlanan bu kitaplar, \u00e7ocuklar\u0131n y\u0131l boyunca okulda \u00f6\u011frendiklerini peki\u015ftirmeyi ve onlar\u0131 bir sonraki a\u015famaya daha iyi bir \u015fekilde haz\u0131rlamay\u0131 ama\u00e7l\u0131yor. Sette yer alan Proje \u00c7al\u0131\u015fmalar\u0131 iki b\u00f6l\u00fcmden olu\u015fuyor. \u201cBilimsel Proje\u201d ile ad\u0131m ad\u0131m bilimsel \u00e7al\u0131\u015fma, \u201cKitap Projesi\u201d ile okudu\u011funu anlayarak analiz etme becerisi kazand\u0131r\u0131l\u0131yor. Bu projeler ayn\u0131 zamanda \u00e7ocuklara \u00f6\u011frendiklerini ba\u015fkalar\u0131na anlatma ve kendini ifade etme olana\u011f\u0131 sunuyor. \u015eirin Proje Seti \u00e7ocuklar\u0131m\u0131za \u00f6\u011frenmenin e\u011flenceli bir u\u011fra\u015f oldu\u011funu g\u00f6sterecek. Ara\u015ft\u0131rarak, problem \u00e7\u00f6zerek, merak ederek \u00f6\u011frenmek i\u00e7in&#8230;<\/p>\n","protected":false},"excerpt":{"rendered":"<p>\u00d6\u011frenmek e\u011flenceli bir u\u011fra\u015ft\u0131r!Prof. Dr. Sel\u00e7uk \u015eirin liderli\u011finde uzman e\u011fitmenler taraf\u0131ndan \u00f6zenle haz\u0131rlanan \u015eirin Proje Seti ezbere, \u00f6deve ve test \u00e7\u00f6zmeye dayal\u0131 e\u011fitim anlay\u0131\u015f\u0131n\u0131n aksine i\u00e7eri\u011fiyle<span class=\"excerpt-hellip\"> [\u2026]<\/span><\/p>\n","protected":false},"featured_media":0,"template":"","meta":{"_monsterinsights_skip_tracking":false,"_monsterinsights_sitenote_active":false,"_monsterinsights_sitenote_note":"","_monsterinsights_sitenote_category":0},"product_brand":[],"product_cat":[12567,12566],"product_tag":[],"class_list":{"0":"post-718210","1":"product","2":"type-product","3":"status-publish","5":"product_cat-diger-egitim","6":"product_cat-egitim","7":"pa_cilt-ciltsiz","8":"pa_tur-kitap","9":"pa_yayinevi-dogan-egmont-yayincilik","10":"pa_yazar-selcuk-sirin-derya-sirin","12":"first","13":"instock","14":"sale","15":"shipping-taxable","16":"purchasable","17":"product-type-simple"},"_links":{"self":[{"href":"https:\/\/roveyayinevi.com.tr\/index.php\/wp-json\/wp\/v2\/product\/718210","targetHints":{"allow":["GET"]}}],"collection":[{"href":"https:\/\/roveyayinevi.com.tr\/index.php\/wp-json\/wp\/v2\/product"}],"about":[{"href":"https:\/\/roveyayinevi.com.tr\/index.php\/wp-json\/wp\/v2\/types\/product"}],"wp:attachment":[{"href":"https:\/\/roveyayinevi.com.tr\/index.php\/wp-json\/wp\/v2\/media?parent=718210"}],"wp:term":[{"taxonomy":"product_brand","embeddable":true,"href":"https:\/\/roveyayinevi.com.tr\/index.php\/wp-json\/wp\/v2\/product_brand?post=718210"},{"taxonomy":"product_cat","embeddable":true,"href":"https:\/\/roveyayinevi.com.tr\/index.php\/wp-json\/wp\/v2\/product_cat?post=718210"},{"taxonomy":"product_tag","embeddable":true,"href":"https:\/\/roveyayinevi.com.tr\/index.php\/wp-json\/wp\/v2\/product_tag?post=718210"}],"curies":[{"name":"wp","href":"https:\/\/api.w.org\/{rel}","templated":true}]}}