{"id":718207,"date":"2025-08-27T18:05:14","date_gmt":"2025-08-27T15:05:14","guid":{"rendered":"https:\/\/roveyayinevi.com.tr\/index.php\/urun\/benim-hikayem-3\/"},"modified":"2026-04-16T02:26:21","modified_gmt":"2026-04-15T23:26:21","slug":"benim-hikayem-3","status":"publish","type":"product","link":"https:\/\/roveyayinevi.com.tr\/index.php\/urun\/benim-hikayem-3\/","title":{"rendered":"Benim Hikayem"},"content":{"rendered":"<p>ABD\u2019nin eski first lady\u2019sinin samimi, etkil ive ilham veren hikayesi\u2026Michelle Robinson k\u00fc\u00e7\u00fck bir k\u0131zken, abisi Craig\u2019le ayn\u0131 oday\u0131 payla\u015ft\u0131\u011f\u0131 evden, kovalamaca oynad\u0131\u011f\u0131 parktan, ebeveynleri Fraser ve Marian Robinson taraf\u0131ndan s\u00f6z\u00fcn\u00fc esirgemeyen ve korkusuz biri olarak yeti\u015ftirildi\u011fi Chicago\u2019nun G\u00fcney Yakas\u0131\u2019ndan ibaret bir d\u00fcnyas\u0131 vard\u0131. Ama \u00e7ok ge\u00e7meden hayat onu ilerilere ta\u015f\u0131d\u0131; ortamdaki tek siyah kad\u0131n olman\u0131n nas\u0131l bir his oldu\u011funu ilk kez \u00f6\u011frendi\u011fi Princeton \u00dcniversitesi\u2019nin koridorlar\u0131ndan, g\u00fc\u00e7l\u00fc bir \u015firket avukat\u0131 olarak \u00e7al\u0131\u015ft\u0131\u011f\u0131 camdan i\u015f kulesine&#8230; Sonra bir yaz sabah\u0131 Barack Obama adl\u0131 bir hukuk fak\u00fcltesi \u00f6\u011frencisi kar\u015f\u0131s\u0131na \u00e7\u0131kt\u0131 ve \u00f6zenle olu\u015fturulmu\u015f b\u00fct\u00fcn planlar\u0131n\u0131 alt\u00fcst etti.Michelle Obama bu kitapta, e\u015finin h\u0131zl\u0131 siyasi kariyeriyle i\u015fi ve ailesi aras\u0131ndaki dengeyi kurmaya \u00e7abalad\u0131\u011f\u0131 evlili\u011finin ilk y\u0131llar\u0131n\u0131 anlat\u0131yor. Bizi kocas\u0131n\u0131n ba\u015fkan aday\u0131 olma karar\u0131n\u0131n arkas\u0131ndaki mahrem tart\u0131\u015fmaya ve ard\u0131ndan kampanya s\u0131ras\u0131nda pop\u00fcler ama \u00e7ok da ele\u015ftirilen bir fig\u00fcr olarak oynad\u0131\u011f\u0131 role dahil ediyor. Ailesinin uluslararas\u0131 spotlar alt\u0131nda ger\u00e7ekle\u015fen ve tarih de\u011fi\u015ftiren y\u00fckseli\u015fini, Beyaz Saray\u2019da ge\u00e7irdikleri sekiz \u00f6nemli y\u0131l boyunca o \u00fclkesini, \u00fclkesi de onu tan\u0131rken, perde arkas\u0131nda ya\u015fad\u0131klar\u0131 capcanl\u0131 hikayeyi zarif, esprili ve al\u0131\u015f\u0131lmad\u0131k bir a\u00e7\u0131k y\u00fcreklilikle dile getiriyor.Benim Hikayem bizi Iowa\u2019n\u0131n m\u00fctevaz\u0131 mutfaklar\u0131ndan Buckingham Saray\u0131\u2019ndaki balo salonlar\u0131na, y\u00fcrek donduran bir yastan, zorluklar kar\u015f\u0131s\u0131ndaki m\u00fcthi\u015f dirence do\u011fru g\u00f6t\u00fcr\u00fcyor; \u00f6z\u00fcne uygun ya\u015famak i\u00e7in \u00e7abalayan, t\u00fcm g\u00fcc\u00fcn\u00fc ve sesini y\u00fcksek ideallere \u00f6nc\u00fcl\u00fck etmek i\u00e7in kullanan bu \u00e7\u0131\u011f\u0131r a\u00e7\u0131c\u0131, benzersiz, tarih\u00ee fig\u00fcr\u00fcn ruhunun derinliklerine do\u011fru bir yolculu\u011fa \u00e7\u0131kar\u0131yor. Michelle Obama kendi hikayesini d\u00fcr\u00fcstl\u00fck ve cesaretle anlat\u0131rken okuruna da \u015fu \u00f6nemli soruyu sorduruyor: Ben kimim ve kim olmak istiyorum?<\/p>\n","protected":false},"excerpt":{"rendered":"<p>ABD\u2019nin eski first lady\u2019sinin samimi, etkil ive ilham veren hikayesi\u2026Michelle Robinson k\u00fc\u00e7\u00fck bir k\u0131zken, abisi Craig\u2019le ayn\u0131 oday\u0131 payla\u015ft\u0131\u011f\u0131 evden, kovalamaca oynad\u0131\u011f\u0131 parktan, ebeveynleri Fraser ve<span class=\"excerpt-hellip\"> [\u2026]<\/span><\/p>\n","protected":false},"featured_media":0,"template":"","meta":{"_monsterinsights_skip_tracking":false,"_monsterinsights_sitenote_active":false,"_monsterinsights_sitenote_note":"","_monsterinsights_sitenote_category":0},"product_brand":[],"product_cat":[13072,12291],"product_tag":[],"class_list":{"0":"post-718207","1":"product","2":"type-product","3":"status-publish","5":"product_cat-arastirma-inceleme-referans","6":"product_cat-edebiyat","7":"pa_cilt-ciltsiz","8":"pa_tur-kitap","9":"pa_yayinevi-mundi","10":"pa_yazar-michelle-obama","12":"first","13":"instock","14":"sale","15":"shipping-taxable","16":"purchasable","17":"product-type-simple"},"_links":{"self":[{"href":"https:\/\/roveyayinevi.com.tr\/index.php\/wp-json\/wp\/v2\/product\/718207","targetHints":{"allow":["GET"]}}],"collection":[{"href":"https:\/\/roveyayinevi.com.tr\/index.php\/wp-json\/wp\/v2\/product"}],"about":[{"href":"https:\/\/roveyayinevi.com.tr\/index.php\/wp-json\/wp\/v2\/types\/product"}],"wp:attachment":[{"href":"https:\/\/roveyayinevi.com.tr\/index.php\/wp-json\/wp\/v2\/media?parent=718207"}],"wp:term":[{"taxonomy":"product_brand","embeddable":true,"href":"https:\/\/roveyayinevi.com.tr\/index.php\/wp-json\/wp\/v2\/product_brand?post=718207"},{"taxonomy":"product_cat","embeddable":true,"href":"https:\/\/roveyayinevi.com.tr\/index.php\/wp-json\/wp\/v2\/product_cat?post=718207"},{"taxonomy":"product_tag","embeddable":true,"href":"https:\/\/roveyayinevi.com.tr\/index.php\/wp-json\/wp\/v2\/product_tag?post=718207"}],"curies":[{"name":"wp","href":"https:\/\/api.w.org\/{rel}","templated":true}]}}