{"id":718206,"date":"2025-08-27T18:05:14","date_gmt":"2025-08-27T15:05:14","guid":{"rendered":"https:\/\/roveyayinevi.com.tr\/index.php\/urun\/bence-katil-oldurdu\/"},"modified":"2026-04-13T02:32:46","modified_gmt":"2026-04-12T23:32:46","slug":"bence-katil-oldurdu","status":"publish","type":"product","link":"https:\/\/roveyayinevi.com.tr\/index.php\/urun\/bence-katil-oldurdu\/","title":{"rendered":"Bence Katil \u00d6ld\u00fcrd\u00fc"},"content":{"rendered":"<p>Ben Antoine Hercule de Potasse. Kartvizitimde yazandan \u00e7ok daha fazlas\u0131 olmakla \u00f6v\u00fcnm\u00fc\u015f\u00fcmd\u00fcr; mesle\u011fimizin varolu\u015fumuzun ancak ufak bir k\u0131sm\u0131n\u0131 tasvir etti\u011fine dair o \u00fcnl\u00fc deyi\u015fi bilirsiniz. Beni tan\u0131mak isteyenlere k\u0131saca \u00f6zetledi\u011fim gibi, telaffuzu en az icras\u0131 kadar zor alt\u0131 farkl\u0131 Uzakdo\u011fu savunma sanat\u0131nda kara ku\u015fak veya \u00fcst d\u00fczey diploma sahibiyim. D\u00fcnyan\u0131n en y\u00fcksek be\u015f tepesine, \u00fcstelik ayn\u0131 anda t\u0131rmanmay\u0131 becerdi\u011fim i\u00e7in kar leopar\u0131 s\u0131fat\u0131n\u0131 kazanm\u0131\u015f bir da\u011fc\u0131y\u0131m. Nas\u0131l becerdi\u011fimi m\u00fcsait bir zaman\u0131n\u0131zda teferruat\u0131yla anlat\u0131r\u0131m. Teferruat demi\u015fken, istisnai bir ehl-i dikkat oldu\u011fumdan mekanik saat tamircisi, s\u0131rf denize de\u011fil derinliklerindeki her canl\u0131ya \u00e2\u015f\u0131k oldu\u011fum i\u00e7in sertifikal\u0131 bir hidrograf\u0131m. T\u00fcm bu hobilerimi bir kenara b\u0131rak\u0131rsak, ki beni yak\u0131ndan tan\u0131mak isterseniz b\u0131rakman\u0131z\u0131 tavsiye etmem, hayat\u0131m\u0131 uzun y\u0131llard\u0131r \u00f6zel dedektif olarak kazan\u0131yorum. Ve hizmetinizdeyim.Paris\u2019in m\u00fcstesna bir semtinde, \u00fcnl\u00fc bir i\u015fadam\u0131n\u0131n cesedinin etraf\u0131nda, k\u0131ymeti kendinden menkul bir dedektif, \u00c7orum y\u00f6resi t\u00fcrk\u00fcleri e\u015fli\u011finde bir a\u015fk, \u00fcnl\u00fc T\u00fcrk casuslar\u0131n\u0131n tam listesi, ev yo\u011furdu tarifi ve dahas\u0131\u2026 Tuhaf karakterler, l\u00fczumsuz bilgiler, ilgin\u00e7 \u00e7izimler ve akla hayale s\u0131\u011fmayan s\u00fcrprizlerle dolu bir dedektif roman\u0131.\u201cAptall\u0131\u011f\u0131 d\u00e2hiyane bir vukufiyetle takdim eden, cinayeti kahkahayla bulu\u015fturan bir eser.\u201dMurat Mente\u015f\u201cBen ki y\u0131llard\u0131r tutarl\u0131 sa\u00e7mal\u0131klar pe\u015findeydim, katilin \u00f6ld\u00fcremedi\u011fi bir \u00f6zel dedektif \u00e7\u0131ksa da kar\u015f\u0131ma can\u0131na okusam derken, okuyamayaca\u011f\u0131m bir kitapla beni \u015fa\u015f\u0131rt\u0131yor, okurlar\u0131n\u0131 da peri\u015fan ediyorsun! Elbette Hercule de Potasse\u2019\u0131 anlamayan nesle a\u015fina de\u011filiz.\u201dCevat \u00c7apan<\/p>\n","protected":false},"excerpt":{"rendered":"<p>Ben Antoine Hercule de Potasse. Kartvizitimde yazandan \u00e7ok daha fazlas\u0131 olmakla \u00f6v\u00fcnm\u00fc\u015f\u00fcmd\u00fcr; mesle\u011fimizin varolu\u015fumuzun ancak ufak bir k\u0131sm\u0131n\u0131 tasvir etti\u011fine dair o \u00fcnl\u00fc deyi\u015fi bilirsiniz. Beni<span class=\"excerpt-hellip\"> [\u2026]<\/span><\/p>\n","protected":false},"featured_media":0,"template":"","meta":{"_monsterinsights_skip_tracking":false,"_monsterinsights_sitenote_active":false,"_monsterinsights_sitenote_note":"","_monsterinsights_sitenote_category":0},"product_brand":[],"product_cat":[12291,15445],"product_tag":[],"class_list":{"0":"post-718206","1":"product","2":"type-product","3":"status-publish","5":"product_cat-edebiyat","6":"product_cat-polisiye","7":"pa_cilt-ciltsiz","8":"pa_tur-kitap","9":"pa_yayinevi-mundi","10":"pa_yazar-kurtcebe-turgul","12":"first","13":"instock","14":"sale","15":"shipping-taxable","16":"purchasable","17":"product-type-simple"},"_links":{"self":[{"href":"https:\/\/roveyayinevi.com.tr\/index.php\/wp-json\/wp\/v2\/product\/718206","targetHints":{"allow":["GET"]}}],"collection":[{"href":"https:\/\/roveyayinevi.com.tr\/index.php\/wp-json\/wp\/v2\/product"}],"about":[{"href":"https:\/\/roveyayinevi.com.tr\/index.php\/wp-json\/wp\/v2\/types\/product"}],"wp:attachment":[{"href":"https:\/\/roveyayinevi.com.tr\/index.php\/wp-json\/wp\/v2\/media?parent=718206"}],"wp:term":[{"taxonomy":"product_brand","embeddable":true,"href":"https:\/\/roveyayinevi.com.tr\/index.php\/wp-json\/wp\/v2\/product_brand?post=718206"},{"taxonomy":"product_cat","embeddable":true,"href":"https:\/\/roveyayinevi.com.tr\/index.php\/wp-json\/wp\/v2\/product_cat?post=718206"},{"taxonomy":"product_tag","embeddable":true,"href":"https:\/\/roveyayinevi.com.tr\/index.php\/wp-json\/wp\/v2\/product_tag?post=718206"}],"curies":[{"name":"wp","href":"https:\/\/api.w.org\/{rel}","templated":true}]}}