{"id":718205,"date":"2025-08-27T18:05:13","date_gmt":"2025-08-27T15:05:13","guid":{"rendered":"https:\/\/roveyayinevi.com.tr\/index.php\/urun\/herkes-icine-baksin\/"},"modified":"2026-04-16T02:26:21","modified_gmt":"2026-04-15T23:26:21","slug":"herkes-icine-baksin","status":"publish","type":"product","link":"https:\/\/roveyayinevi.com.tr\/index.php\/urun\/herkes-icine-baksin\/","title":{"rendered":"Herkes \u0130\u00e7ine Baks\u0131n"},"content":{"rendered":"<p>Saadettin Acar, kalp varsa insan vard\u0131r diyerek bizi sahici, samimi, sessiz ama derin bir y\u00fczle\u015fme i\u00e7in cesaretlendiriyor. \u201cZihnimiz ve kalbimiz binbir par\u00e7aya b\u00f6l\u00fcnm\u00fc\u015f durumda. Her tarafa yeti\u015fmeye \u00e7al\u0131\u015f\u0131yoruz. Yorgunuz, asabiyiz ve gerginiz\u2026 Durup dinlemeliyiz. Durup dinlenmeliyiz. Durup d\u00fc\u015f\u00fcnmeliyiz. Ama bir durmal\u0131y\u0131z \u00f6nce. Durmal\u0131 ve durulmal\u0131y\u0131z. Ve i\u00e7imize do\u011fru bir yolculu\u011fa \u00e7\u0131kmal\u0131y\u0131z&#8230; Yolu bulmal\u0131, yol olmal\u0131y\u0131z. Ne demi\u015fti \u015fair: \u2018En uzun yoldur, insan\u0131n i\u00e7i.\u2019 \u00d6yleyse herkes i\u00e7ine baks\u0131n. Zira \u00e7\u00f6z\u00fcm oralarda bir yerde gizli.\u201d <\/p>\n","protected":false},"excerpt":{"rendered":"<p>Saadettin Acar, kalp varsa insan vard\u0131r diyerek bizi sahici, samimi, sessiz ama derin bir y\u00fczle\u015fme i\u00e7in cesaretlendiriyor. \u201cZihnimiz ve kalbimiz binbir par\u00e7aya b\u00f6l\u00fcnm\u00fc\u015f durumda. Her tarafa<span class=\"excerpt-hellip\"> [\u2026]<\/span><\/p>\n","protected":false},"featured_media":0,"template":"","meta":{"_monsterinsights_skip_tracking":false,"_monsterinsights_sitenote_active":false,"_monsterinsights_sitenote_note":"","_monsterinsights_sitenote_category":0},"product_brand":[],"product_cat":[12777,12291],"product_tag":[],"class_list":{"0":"post-718205","1":"product","2":"type-product","3":"status-publish","5":"product_cat-deneme","6":"product_cat-edebiyat","7":"pa_cilt-ciltsiz","8":"pa_tur-kitap","9":"pa_yayinevi-profil-kitap","10":"pa_yazar-saadettin-acar","12":"first","13":"instock","14":"sale","15":"shipping-taxable","16":"purchasable","17":"product-type-simple"},"_links":{"self":[{"href":"https:\/\/roveyayinevi.com.tr\/index.php\/wp-json\/wp\/v2\/product\/718205","targetHints":{"allow":["GET"]}}],"collection":[{"href":"https:\/\/roveyayinevi.com.tr\/index.php\/wp-json\/wp\/v2\/product"}],"about":[{"href":"https:\/\/roveyayinevi.com.tr\/index.php\/wp-json\/wp\/v2\/types\/product"}],"wp:attachment":[{"href":"https:\/\/roveyayinevi.com.tr\/index.php\/wp-json\/wp\/v2\/media?parent=718205"}],"wp:term":[{"taxonomy":"product_brand","embeddable":true,"href":"https:\/\/roveyayinevi.com.tr\/index.php\/wp-json\/wp\/v2\/product_brand?post=718205"},{"taxonomy":"product_cat","embeddable":true,"href":"https:\/\/roveyayinevi.com.tr\/index.php\/wp-json\/wp\/v2\/product_cat?post=718205"},{"taxonomy":"product_tag","embeddable":true,"href":"https:\/\/roveyayinevi.com.tr\/index.php\/wp-json\/wp\/v2\/product_tag?post=718205"}],"curies":[{"name":"wp","href":"https:\/\/api.w.org\/{rel}","templated":true}]}}