{"id":718203,"date":"2025-08-27T18:05:12","date_gmt":"2025-08-27T15:05:12","guid":{"rendered":"https:\/\/roveyayinevi.com.tr\/index.php\/urun\/damolla-alimcan-el-barudi\/"},"modified":"2026-04-16T02:26:21","modified_gmt":"2026-04-15T23:26:21","slug":"damolla-alimcan-el-barudi","status":"publish","type":"product","link":"https:\/\/roveyayinevi.com.tr\/index.php\/urun\/damolla-alimcan-el-barudi\/","title":{"rendered":"Damolla Alimcan el-Barudi"},"content":{"rendered":"<p>Yusuf Ak\u00e7ura\u2019n\u0131n fazla bilinmeyen eserlerinden biri olan Damolla \u00c2limcan el-Barud\u00ee, hem Ak\u00e7ura k\u00fclliyat\u0131n\u0131n hem de \u201cT\u00fcrkistan Ayd\u0131nlanmas\u0131 Kitapl\u0131\u011f\u0131\u201dn\u0131n bir par\u00e7as\u0131 olarak kabul edilebilir. Kazanl\u0131 bir e\u011fitimci, m\u00fckemmel bir medrese tahsili alm\u0131\u015f, eski k\u00fclt\u00fcre v\u00e2k\u0131f yenilik taraftar\u0131 ayd\u0131n bir din adam\u0131 olan \u00c2limcan Barud\u00ee, Yusuf Ak\u00e7ura\u2019n\u0131n, Paris\u2019teki e\u011fitimini tamamlay\u0131p Kazan\u2019a d\u00f6nd\u00fc\u011f\u00fc s\u0131ralarda din\u00ee reform hareketlerine ilgi duyarak Kuzey T\u00fcrkl\u00fc\u011f\u00fcnde bunun kar\u015f\u0131l\u0131\u011f\u0131n\u0131 arad\u0131\u011f\u0131 bir d\u00f6nemde, kurdu\u011fu modern medresesiyle onun kar\u015f\u0131s\u0131na \u00e7\u0131km\u0131\u015ft\u0131r. Muallimlik g\u00f6revine Barud\u00ee\u2019nin medresesinde ba\u015flayan Ak\u00e7ura, Rusya M\u00fcsl\u00fcmanlar\u0131n\u0131n din\u00ee m\u00fcceddidi olarak g\u00f6rd\u00fc\u011f\u00fc Barud\u00ee\u2019ye b\u00fcy\u00fck hayranl\u0131k duyuyor, onu b\u00fcy\u00fck bir mektebin \u00f6nderi say\u0131yordu. Ak\u00e7ura, onun medresede ger\u00e7ekle\u015ftirdi\u011fi yenilikleri sadece bir e\u011fitim reformu olarak de\u011fil, din\u00ee reform hareketinin bir tezah\u00fcr\u00fc olarak g\u00f6r\u00fcyordu. Dolay\u0131s\u0131yla, b\u00f6yle bir \u015fahsiyetin nas\u0131l yeti\u015fti\u011fi, hangi a\u015famalardan ge\u00e7erek bu noktaya geldi\u011fi hususu Ak\u00e7ura\u2019n\u0131n merak\u0131n\u0131 \u00e7ekiyordu. Ak\u00e7ura, Barud\u00ee\u2019nin entelekt\u00fcel ser\u00fcvenini tespit edebilmek i\u00e7in kendisiyle defalarca g\u00f6r\u00fc\u015fm\u00fc\u015f, onun tuttu\u011fu notlardan yararlanm\u0131\u015f ve neticede, biyografi yaz\u0131m\u0131 sahas\u0131nda ilgin\u00e7 ve \u00f6nemli bir numune ortaya koymu\u015ftur. Ak\u00e7ura\u2019n\u0131n bu eseri sadece Barud\u00ee\u2019nin hayat\u0131 hakk\u0131nda de\u011fil, y\u00fczy\u0131llard\u0131r Rusya M\u00fcsl\u00fcmanlar\u0131n\u0131n e\u011fitim hayat\u0131nda merkez\u00ee bir yer i\u015fgal eden Buhara medreselerindeki ders usulleri ve talebelerin e\u011fitim hayat\u0131 hakk\u0131nda \u00e7ok \u00f6nemli veriler sunmu\u015ftur. Kitab\u0131, Prof. Dr. Ahmet Kanl\u0131dere\u2019nin Barud\u00ee hakk\u0131nda kaleme ald\u0131\u011f\u0131 tamamlay\u0131c\u0131 biyografi ve bibliyografya \u00e7al\u0131\u015fmas\u0131yla birlikte sunuyoruz.<\/p>\n","protected":false},"excerpt":{"rendered":"<p>Yusuf Ak\u00e7ura\u2019n\u0131n fazla bilinmeyen eserlerinden biri olan Damolla \u00c2limcan el-Barud\u00ee, hem Ak\u00e7ura k\u00fclliyat\u0131n\u0131n hem de \u201cT\u00fcrkistan Ayd\u0131nlanmas\u0131 Kitapl\u0131\u011f\u0131\u201dn\u0131n bir par\u00e7as\u0131 olarak kabul edilebilir. Kazanl\u0131 bir e\u011fitimci,<span class=\"excerpt-hellip\"> [\u2026]<\/span><\/p>\n","protected":false},"featured_media":0,"template":"","meta":{"_monsterinsights_skip_tracking":false,"_monsterinsights_sitenote_active":false,"_monsterinsights_sitenote_note":"","_monsterinsights_sitenote_category":0},"product_brand":[],"product_cat":[13946,12304],"product_tag":[],"class_list":{"0":"post-718203","1":"product","2":"type-product","3":"status-publish","5":"product_cat-biyografi-otobiyografi","6":"product_cat-tarih","7":"pa_cilt-ciltsiz","8":"pa_tur-kitap","9":"pa_yayinevi-otuken-nesriyat","10":"pa_yazar-yusuf-akcura","12":"first","13":"instock","14":"sale","15":"shipping-taxable","16":"purchasable","17":"product-type-simple"},"_links":{"self":[{"href":"https:\/\/roveyayinevi.com.tr\/index.php\/wp-json\/wp\/v2\/product\/718203","targetHints":{"allow":["GET"]}}],"collection":[{"href":"https:\/\/roveyayinevi.com.tr\/index.php\/wp-json\/wp\/v2\/product"}],"about":[{"href":"https:\/\/roveyayinevi.com.tr\/index.php\/wp-json\/wp\/v2\/types\/product"}],"wp:attachment":[{"href":"https:\/\/roveyayinevi.com.tr\/index.php\/wp-json\/wp\/v2\/media?parent=718203"}],"wp:term":[{"taxonomy":"product_brand","embeddable":true,"href":"https:\/\/roveyayinevi.com.tr\/index.php\/wp-json\/wp\/v2\/product_brand?post=718203"},{"taxonomy":"product_cat","embeddable":true,"href":"https:\/\/roveyayinevi.com.tr\/index.php\/wp-json\/wp\/v2\/product_cat?post=718203"},{"taxonomy":"product_tag","embeddable":true,"href":"https:\/\/roveyayinevi.com.tr\/index.php\/wp-json\/wp\/v2\/product_tag?post=718203"}],"curies":[{"name":"wp","href":"https:\/\/api.w.org\/{rel}","templated":true}]}}