{"id":718202,"date":"2025-08-27T18:05:11","date_gmt":"2025-08-27T15:05:11","guid":{"rendered":"https:\/\/roveyayinevi.com.tr\/index.php\/urun\/muzik-ve-cicek\/"},"modified":"2026-04-16T02:26:21","modified_gmt":"2026-04-15T23:26:21","slug":"muzik-ve-cicek","status":"publish","type":"product","link":"https:\/\/roveyayinevi.com.tr\/index.php\/urun\/muzik-ve-cicek\/","title":{"rendered":"M\u00fczik ve \u00c7i\u00e7ek"},"content":{"rendered":"<p>\u201cM\u00fczik hayat\u0131m\u0131n vazge\u00e7ilmezi. Kendimi bildim bileli bestecilerin yap\u0131tlar\u0131n\u0131 kaleme al\u0131rken nelerden esinlendi\u011fini merak ederim. Do\u011fa olaylar\u0131, mitler ve tarihi hikayeler bestecilere ilham kayna\u011f\u0131 olagelmi\u015ftir. Ancak pek \u00e7ok besteci m\u00fcziklerinde \u00e7i\u00e7eklere b\u00fcy\u00fck anlamlar y\u00fckleyerek eserlerini yaratm\u0131\u015ft\u0131r. Rachmaninov, Schumann, Schubert, Chopin, Mozart ve daha nice b\u00fcy\u00fck bestecinin eserlerine ilham kayna\u011f\u0131 olan \u00e7i\u00e7eklerin asl\u0131nda her birinin ayr\u0131 bir mesaj\u0131 oldu\u011funu biliyor musunuz? Hatta \u00e7i\u00e7eklere modern \u00e7a\u011fda y\u00fcklenmi\u015f anlamlar\u0131n\u0131n \u0130stanbul\u2019da padi\u015fah hareminden \u00e7\u0131kt\u0131\u011f\u0131n\u0131? Siz de benim gibi merakl\u0131 biriyseniz mitoloji ve modern tarih bilgilerini kendi fantezi d\u00fcnyas\u0131nda harmanlayan G\u00fclfam G\u00f6knar\u2019\u0131n bu e\u015fsiz kitab\u0131n\u0131 bir solukta okuyacaks\u0131n\u0131z\u201d \u0130brahim Yaz\u0131c\u0131, Orkestra \u015eefi-Piyanist \u201cArkada\u015f\u0131 olmakla gurur duydu\u011fum G\u00fclfam G\u00f6knar yine g\u00f6n\u00fclleri fethedecek bir kitap yazd\u0131. \u0130\u00e7indeki g\u00fczellikleri ve bitmeyen m\u00fczik a\u015fk\u0131n\u0131 \u015fimdi de \u00e7i\u00e7eklerle birle\u015ftirdi. Kalbinin g\u00fczelli\u011fi \u00e7i\u00e7eklere, ruhunun durulu\u011fu m\u00fczi\u011fe yans\u0131m\u0131\u015f.. \u2018G\u00fcl\u2019 ile ba\u015flayan isimlerimiz, yan yana geldi\u011fimizde eksilmeyen kahkahalar\u0131m\u0131zla, \u00f6m\u00fcr boyu s\u00fcren dostlu\u011fumuzu g\u00fczelle\u015ftiren G\u00fclfam\u2019c\u0131\u011f\u0131m\u0131, bu incelikli ve \u00f6zenli \u00e7al\u0131\u015fmas\u0131 i\u00e7in t\u00fcm kalbimle kutluyorum. Daha nicelerine.. Hepinize keyifli okumalar.\u201d G\u00fclsin Onay, Devlet sanat\u00e7\u0131s\u0131-piyanist \u201cG\u00fclfam G\u00f6knar \u00e7ok az i\u015flenmi\u015f bir tema olan klasik m\u00fczik eserleri ve \u00e7i\u00e7ekler aras\u0131ndaki ili\u015fkiyi ele ald\u0131\u011f\u0131 kitab\u0131nda hayret verici ba\u011flant\u0131lar sunuyor, benim gibi klasik m\u00fczik alan\u0131nda \u00e7ok \u015fey bildi\u011fini d\u00fc\u015f\u00fcnen tutkulu bir dinleyiciye de yepyeni ke\u015fifler yapt\u0131r\u0131yor. G\u00f6knar d\u00fc\u015fler d\u00fcnyas\u0131na yolculuk etti\u011fi \u2018sihirli bah\u00e7esi\u2019ne okurlar\u0131n\u0131 da davet ederek onlar\u0131 klasik m\u00fczik eserleri e\u015fli\u011finde nefis kokulu \u00e7i\u00e7eklerin aras\u0131nda hi\u00e7 unutmayacaklar\u0131 bir gezintiye \u00e7\u0131kart\u0131yor\u201d.Serhan Bali, Andante Klasik M\u00fczik Dergisi Genel Yay\u0131n Y\u00f6netmeni  <\/p>\n","protected":false},"excerpt":{"rendered":"<p>\u201cM\u00fczik hayat\u0131m\u0131n vazge\u00e7ilmezi. Kendimi bildim bileli bestecilerin yap\u0131tlar\u0131n\u0131 kaleme al\u0131rken nelerden esinlendi\u011fini merak ederim. Do\u011fa olaylar\u0131, mitler ve tarihi hikayeler bestecilere ilham kayna\u011f\u0131 olagelmi\u015ftir. Ancak pek<span class=\"excerpt-hellip\"> [\u2026]<\/span><\/p>\n","protected":false},"featured_media":0,"template":"","meta":{"_monsterinsights_skip_tracking":false,"_monsterinsights_sitenote_active":false,"_monsterinsights_sitenote_note":"","_monsterinsights_sitenote_category":0},"product_brand":[],"product_cat":[14556,20810],"product_tag":[],"class_list":{"0":"post-718202","1":"product","2":"type-product","3":"status-publish","5":"product_cat-muzik","6":"product_cat-ogrenim-kitaplari","7":"pa_cilt-ciltsiz","8":"pa_tur-kitap","9":"pa_yayinevi-okuyan-us-yayin","10":"pa_yazar-gulfam-goknar","12":"first","13":"instock","14":"sale","15":"shipping-taxable","16":"purchasable","17":"product-type-simple"},"_links":{"self":[{"href":"https:\/\/roveyayinevi.com.tr\/index.php\/wp-json\/wp\/v2\/product\/718202","targetHints":{"allow":["GET"]}}],"collection":[{"href":"https:\/\/roveyayinevi.com.tr\/index.php\/wp-json\/wp\/v2\/product"}],"about":[{"href":"https:\/\/roveyayinevi.com.tr\/index.php\/wp-json\/wp\/v2\/types\/product"}],"wp:attachment":[{"href":"https:\/\/roveyayinevi.com.tr\/index.php\/wp-json\/wp\/v2\/media?parent=718202"}],"wp:term":[{"taxonomy":"product_brand","embeddable":true,"href":"https:\/\/roveyayinevi.com.tr\/index.php\/wp-json\/wp\/v2\/product_brand?post=718202"},{"taxonomy":"product_cat","embeddable":true,"href":"https:\/\/roveyayinevi.com.tr\/index.php\/wp-json\/wp\/v2\/product_cat?post=718202"},{"taxonomy":"product_tag","embeddable":true,"href":"https:\/\/roveyayinevi.com.tr\/index.php\/wp-json\/wp\/v2\/product_tag?post=718202"}],"curies":[{"name":"wp","href":"https:\/\/api.w.org\/{rel}","templated":true}]}}