{"id":718200,"date":"2025-08-27T18:05:10","date_gmt":"2025-08-27T15:05:10","guid":{"rendered":"https:\/\/roveyayinevi.com.tr\/index.php\/urun\/askin-halleri-2\/"},"modified":"2026-04-16T02:26:21","modified_gmt":"2026-04-15T23:26:21","slug":"askin-halleri-2","status":"publish","type":"product","link":"https:\/\/roveyayinevi.com.tr\/index.php\/urun\/askin-halleri-2\/","title":{"rendered":"A\u015fk\u0131n Halleri"},"content":{"rendered":"<p>A\u015fk \u00e7ok say\u0131da ve \u00e7e\u015fitli s\u00f6ylemsel ba\u011flamlarda kurulan bir \u015fey olarak daima hem s\u00f6ylemi k\u0131\u015fk\u0131rt\u0131yor hem de s\u00fcrekli \u00e7o\u011falan bu s\u00f6ylemlerde da\u011f\u0131l\u0131p gidiyor. Bu nedenle t\u00fcm bu farkl\u0131 s\u00f6ylemsel ba\u011flamlardan ge\u00e7erek onun hakikatine varmaya \u00e7al\u0131\u015f\u0131nca elimizden s\u00fcrekli ka\u00e7an bir \u015fey a\u015fk. Hakk\u0131nda ne kadar \u00e7ok konu\u015fulursa, simgesel olarak ne kadar fazla sar\u0131l\u0131p sarmalan\u0131rsa, o kadar \u00e7ok belirsizle\u015fiyor. Bu niteli\u011fiyle, a\u015fk, bir yandan benlik, \u00f6znellik, cinsel fark, toplumsal cinsiyet, cinsellik, haz, arzu ve zevk; \u00f6te yandan yasa, yasak ve toplumsal d\u00fczen, uygarl\u0131k ve k\u00fclt\u00fcrle ilgili farkl\u0131 d\u00fczlemlerde i\u00e7i\u00e7e ge\u00e7en \u00e7ok girift \u015fekilde i\u015fleyen asli bir terim olarak \u00f6ne \u00e7\u0131k\u0131yor. B\u00fct\u00fcn bu d\u00fczlemleri kapsayacak ve ili\u015fkisel olarak de\u011ferlendirebilecek bir bak\u0131\u015f a\u00e7\u0131s\u0131 geli\u015ftirmek m\u00fcmk\u00fcn olmad\u0131\u011f\u0131 i\u00e7in, a\u015fk ger\u00e7ekli\u011fi daima alacakaranl\u0131kta kalmaya mahk\u00fbm. Bu nedenle tek yapabilece\u011fimiz \u015fey, a\u015fk\u0131 \u00e7evreleyen farkl\u0131 d\u00fczlemlerdeki tezah\u00fcrlerine odaklanarak, farkl\u0131 ve k\u0131smi bak\u0131\u015f a\u00e7\u0131lar\u0131ndan kalkarak onun karma\u015f\u0131k ger\u00e7ekli\u011fini biraz olsun ayd\u0131nlatmaya \u00e7al\u0131\u015fmak olabilir. A\u015fk\u0131 \u00e7evreleyen somut ba\u011flamlarla ilgili \u00e7ok say\u0131da de\u011ferli analiz i\u00e7eren bu derleme tam olarak bunu hedefledi. Yaz\u0131lar\u0131n t\u00fcm\u00fcn\u00fc okudu\u011fumuzda a\u015fk\u0131n ne oldu\u011funu de\u011fil, a\u015fk\u0131n her \u015fey oldu\u011funu;tutarl\u0131, b\u00fct\u00fcnl\u00fckl\u00fc tek bir \u015fey olmad\u0131\u011f\u0131n\u0131, \u00e7ok bi\u00e7imli ve \u00e7eli\u015fkili oldu\u011funu \u00e7ok daha iyi anlamaya ba\u015fl\u0131yoruz. Derlemedeki yaz\u0131lar\u0131n b\u00fcy\u00fck \u00e7o\u011funlu\u011fu yak\u0131n d\u00f6nem T\u00fcrkiye toplumundan se\u00e7ilen belirli ba\u011flamlarda a\u015fk, kad\u0131n temsili, evlilik, mahremiyet ve yak\u0131n ili\u015fkiler gibi alanlar\u0131 kapsayan s\u00f6ylemlere odaklan\u0131yor ve a\u011f\u0131rl\u0131kl\u0131 olarak medya ba\u011flam\u0131nda ele al\u0131nan bu s\u00f6ylemler ele\u015ftirel olarak inceleniyor. K\u0131saca elinizdeki kitap\u201ca\u015fk\u0131n hallerine\u201d dair bir perdeyi aralama giri\u015fimi olarak d\u00fc\u015f\u00fcn\u00fclebilir. Perdeyi aralamak bizden, aralanan perdenin arkas\u0131na g\u00f6z atmak siz okuyuculardan. <\/p>\n","protected":false},"excerpt":{"rendered":"<p>A\u015fk \u00e7ok say\u0131da ve \u00e7e\u015fitli s\u00f6ylemsel ba\u011flamlarda kurulan bir \u015fey olarak daima hem s\u00f6ylemi k\u0131\u015fk\u0131rt\u0131yor hem de s\u00fcrekli \u00e7o\u011falan bu s\u00f6ylemlerde da\u011f\u0131l\u0131p gidiyor. Bu nedenle t\u00fcm<span class=\"excerpt-hellip\"> [\u2026]<\/span><\/p>\n","protected":false},"featured_media":0,"template":"","meta":{"_monsterinsights_skip_tracking":false,"_monsterinsights_sitenote_active":false,"_monsterinsights_sitenote_note":"","_monsterinsights_sitenote_category":0},"product_brand":[],"product_cat":[12325,12324],"product_tag":[],"class_list":{"0":"post-718200","1":"product","2":"type-product","3":"status-publish","5":"product_cat-diger-sosyoloji","6":"product_cat-sosyoloji","7":"pa_cilt-ciltsiz","8":"pa_tur-kitap","9":"pa_yayinevi-umag-yayinevi","10":"pa_yazar-tezcan-durna-nehir-durna","12":"first","13":"instock","14":"sale","15":"shipping-taxable","16":"purchasable","17":"product-type-simple"},"_links":{"self":[{"href":"https:\/\/roveyayinevi.com.tr\/index.php\/wp-json\/wp\/v2\/product\/718200","targetHints":{"allow":["GET"]}}],"collection":[{"href":"https:\/\/roveyayinevi.com.tr\/index.php\/wp-json\/wp\/v2\/product"}],"about":[{"href":"https:\/\/roveyayinevi.com.tr\/index.php\/wp-json\/wp\/v2\/types\/product"}],"wp:attachment":[{"href":"https:\/\/roveyayinevi.com.tr\/index.php\/wp-json\/wp\/v2\/media?parent=718200"}],"wp:term":[{"taxonomy":"product_brand","embeddable":true,"href":"https:\/\/roveyayinevi.com.tr\/index.php\/wp-json\/wp\/v2\/product_brand?post=718200"},{"taxonomy":"product_cat","embeddable":true,"href":"https:\/\/roveyayinevi.com.tr\/index.php\/wp-json\/wp\/v2\/product_cat?post=718200"},{"taxonomy":"product_tag","embeddable":true,"href":"https:\/\/roveyayinevi.com.tr\/index.php\/wp-json\/wp\/v2\/product_tag?post=718200"}],"curies":[{"name":"wp","href":"https:\/\/api.w.org\/{rel}","templated":true}]}}