{"id":718199,"date":"2025-08-27T18:05:09","date_gmt":"2025-08-27T15:05:09","guid":{"rendered":"https:\/\/roveyayinevi.com.tr\/index.php\/urun\/hormon\/"},"modified":"2026-04-16T02:26:21","modified_gmt":"2026-04-15T23:26:21","slug":"hormon","status":"publish","type":"product","link":"https:\/\/roveyayinevi.com.tr\/index.php\/urun\/hormon\/","title":{"rendered":"Hormon"},"content":{"rendered":"<p>Kan\u0131nda estrojen ve progesteron, yani kad\u0131nl\u0131k hormonlar\u0131 dola\u015fan ya da art\u0131k dola\u015fmayan her kad\u0131n\u0131n okumas\u0131 gereken bir kitap&#8230; Menopoz sonras\u0131 hormon deste\u011fi almak m\u0131 \u201cdo\u011faya kar\u015f\u0131 m\u00fccadele\u201d anlam\u0131na gelir, yoksa almamak m\u0131? Doktorunuz size ger\u00e7ek insan estrojenleri yerine at estrojenleri veriyor olabilir mi? Polikistik over, \u00e7ikolata kisti hastal\u0131\u011f\u0131, menopoz, \u00e2det d\u00fczensizliklerinde size verilen patentli sentetik\/kimyasal progesteron hormonu, kan\u0131n\u0131zda dola\u015fan hormonun ayn\u0131s\u0131 m\u0131, yoksa k\u00f6t\u00fc huylu bir taklidi mi? 13 ya\u015f\u0131ndan 53 ya\u015f\u0131na dek tam 40 y\u0131l boyunca kan\u0131nda kad\u0131nl\u0131k hormonlar\u0131 ile sa\u011fl\u0131kl\u0131 ya\u015fayan, \u00fcstelik hamile kald\u0131\u011f\u0131nda kan\u0131nda bu hormonlar onlarca, y\u00fczlerce kat\u0131na \u00e7\u0131kan, dahas\u0131 hamilelikler ya\u015farsa meme kanseri riski azalan kad\u0131nlar, nas\u0131l oldu da menopoz i\u00e7in ayn\u0131 hormonlar sadece birka\u00e7 y\u0131l verilince meme kanserine yakaland\u0131? Verilenler ger\u00e7ek insan hormonu muydu? Hormon taklidi patentli ila\u00e7lar\u0131 kullanmak ad\u0131na hangi yanl\u0131\u015flar yap\u0131lm\u0131\u015f, bu arada ger\u00e7ek insan hormonlar\u0131n\u0131n ad\u0131 nas\u0131l k\u00f6t\u00fcye \u00e7\u0131km\u0131\u015ft\u0131? Kendimiz i\u00e7in ne ders al\u0131p, ne yapabiliriz? 40-55 ya\u015f aras\u0131 \u201cmenopoz \u00e7evresi\u201d kritik d\u00f6nem neden ya\u015famsal \u00f6nem ta\u015f\u0131yor? S\u0131cak basmas\u0131\/gece terlemesi yaln\u0131zca verdi\u011fi rahats\u0131zl\u0131ktan m\u0131 ibaret, yoksa bunu ya\u015fad\u0131\u011f\u0131n\u0131z d\u00f6nemler kemiklerinizin en h\u0131zl\u0131 eridi\u011fi, kalp-damar hastal\u0131klar\u0131n\u0131n temelinin at\u0131ld\u0131\u011f\u0131 y\u0131llar olabilir mi? Meme kanserine taramalar ile \u201cerken tan\u0131\u201d koyman\u0131n \u00e7ok \u00f6tesinde, kanserli h\u00fccre hen\u00fcz geli\u015fmeden, y\u00fcksek riske sahip meme \u201ctopra\u011f\u0131n\u0131\u201d \u00f6nceden saptamak ve bu yap\u0131y\u0131 do\u011fal desteklerle de\u011fi\u015ftirmek m\u00fcmk\u00fcn m\u00fc? Her ya\u015ftaki kad\u0131n hormon d\u00fczensizliklerinde beslenme, besin destekleri ve do\u011fal hormonlardan nas\u0131l destek alabiliriz? <\/p>\n","protected":false},"excerpt":{"rendered":"<p>Kan\u0131nda estrojen ve progesteron, yani kad\u0131nl\u0131k hormonlar\u0131 dola\u015fan ya da art\u0131k dola\u015fmayan her kad\u0131n\u0131n okumas\u0131 gereken bir kitap&#8230; Menopoz sonras\u0131 hormon deste\u011fi almak m\u0131 \u201cdo\u011faya kar\u015f\u0131<span class=\"excerpt-hellip\"> [\u2026]<\/span><\/p>\n","protected":false},"featured_media":0,"template":"","meta":{"_monsterinsights_skip_tracking":false,"_monsterinsights_sitenote_active":false,"_monsterinsights_sitenote_note":"","_monsterinsights_sitenote_category":0},"product_brand":[],"product_cat":[13366,13365],"product_tag":[],"class_list":{"0":"post-718199","1":"product","2":"type-product","3":"status-publish","5":"product_cat-diger-saglik","6":"product_cat-saglik","7":"pa_cilt-ciltsiz","8":"pa_tur-kitap","9":"pa_yayinevi-destek-yayinlari","10":"pa_yazar-mustafa-atasoy","12":"first","13":"instock","14":"sale","15":"shipping-taxable","16":"purchasable","17":"product-type-simple"},"_links":{"self":[{"href":"https:\/\/roveyayinevi.com.tr\/index.php\/wp-json\/wp\/v2\/product\/718199","targetHints":{"allow":["GET"]}}],"collection":[{"href":"https:\/\/roveyayinevi.com.tr\/index.php\/wp-json\/wp\/v2\/product"}],"about":[{"href":"https:\/\/roveyayinevi.com.tr\/index.php\/wp-json\/wp\/v2\/types\/product"}],"wp:attachment":[{"href":"https:\/\/roveyayinevi.com.tr\/index.php\/wp-json\/wp\/v2\/media?parent=718199"}],"wp:term":[{"taxonomy":"product_brand","embeddable":true,"href":"https:\/\/roveyayinevi.com.tr\/index.php\/wp-json\/wp\/v2\/product_brand?post=718199"},{"taxonomy":"product_cat","embeddable":true,"href":"https:\/\/roveyayinevi.com.tr\/index.php\/wp-json\/wp\/v2\/product_cat?post=718199"},{"taxonomy":"product_tag","embeddable":true,"href":"https:\/\/roveyayinevi.com.tr\/index.php\/wp-json\/wp\/v2\/product_tag?post=718199"}],"curies":[{"name":"wp","href":"https:\/\/api.w.org\/{rel}","templated":true}]}}