{"id":718198,"date":"2025-08-27T18:05:09","date_gmt":"2025-08-27T15:05:09","guid":{"rendered":"https:\/\/roveyayinevi.com.tr\/index.php\/urun\/gitar-ogreniyorum-temel-gitar-egitim-metodu\/"},"modified":"2026-04-16T02:26:21","modified_gmt":"2026-04-15T23:26:21","slug":"gitar-ogreniyorum-temel-gitar-egitim-metodu","status":"publish","type":"product","link":"https:\/\/roveyayinevi.com.tr\/index.php\/urun\/gitar-ogreniyorum-temel-gitar-egitim-metodu\/","title":{"rendered":"Gitar \u00d6\u011freniyorum \u2013 Temel Gitar E\u011fitim Metodu"},"content":{"rendered":"<p>Temel Gitar E\u011fitim Metodu,hem gitara yeni ba\u015flayan,hem de kendini geli\u015ftirmek isteyen \u00f6\u011frenciler i\u00e7in haz\u0131rlanan,klasik,akustik ve elektro gitara uygun bir gitar e\u011fitim \u00e7\u00f6z\u00fcm\u00fcd\u00fcr. \u0130\u00e7erisinde yer alan;temel gitar \u00e7al\u0131\u015fmalar\u0131,pop gitar,klasik gitara giri\u015f ve elektro gitara giri\u015f b\u00f6l\u00fcmleriyle gitar hayat\u0131n\u0131z\u0131 \u015fekillendirmenize olanak sa\u011flarken,foto\u011fraflar,videolar,et\u00fctler ve pop\u00fcler \u015fark\u0131larla da \u00f6\u011frenim s\u00fcrecinizi olumlu y\u00f6nde etkileyecek \u00f6nemli bir kaynak niteli\u011findedir. Yazar Hakk\u0131nda:Gazi \u00dcniversitesi,M\u00fczik \u00d6\u011fretmenli\u011fi mezunu olan Musa \u00c7ET\u0130NER ,y\u0131llard\u0131r verdi\u011fi gitar derslerinden kazand\u0131\u011f\u0131 tecr\u00fcbe ile bu kitab\u0131 haz\u0131rlam\u0131\u015f ve sizlerin be\u011fenisine sunmu\u015ftur. Yazar\u0131n;182 \u015fark\u0131ya akor,ritim ,arpej ve melodileriyle yer verdi\u011fi \u201cGitar \u0130le Pop\u00fcler \u015eark\u0131lar\u201dad\u0131nda bir repertuar kitab\u0131,\u00e7ocuklar i\u00e7in haz\u0131rlam\u0131\u015f oldu\u011fu bir de gitar metodu kitab\u0131 bulunmaktad\u0131r.Kitaplar hakk\u0131nda bilgi almak i\u00e7in www.gitaregitim.net sitesini ziyaret edebilirsiniz. <\/p>\n","protected":false},"excerpt":{"rendered":"<p>Temel Gitar E\u011fitim Metodu,hem gitara yeni ba\u015flayan,hem de kendini geli\u015ftirmek isteyen \u00f6\u011frenciler i\u00e7in haz\u0131rlanan,klasik,akustik ve elektro gitara uygun bir gitar e\u011fitim \u00e7\u00f6z\u00fcm\u00fcd\u00fcr. \u0130\u00e7erisinde yer alan;temel gitar<span class=\"excerpt-hellip\"> [\u2026]<\/span><\/p>\n","protected":false},"featured_media":0,"template":"","meta":{"_monsterinsights_skip_tracking":false,"_monsterinsights_sitenote_active":false,"_monsterinsights_sitenote_note":"","_monsterinsights_sitenote_category":0},"product_brand":[],"product_cat":[14556,20810],"product_tag":[],"class_list":{"0":"post-718198","1":"product","2":"type-product","3":"status-publish","5":"product_cat-muzik","6":"product_cat-ogrenim-kitaplari","7":"pa_cilt-ciltsiz","8":"pa_tur-kitap","9":"pa_yayinevi-beste-yayinlari","10":"pa_yazar-musa-cetiner","12":"first","13":"instock","14":"sale","15":"shipping-taxable","16":"purchasable","17":"product-type-simple"},"_links":{"self":[{"href":"https:\/\/roveyayinevi.com.tr\/index.php\/wp-json\/wp\/v2\/product\/718198","targetHints":{"allow":["GET"]}}],"collection":[{"href":"https:\/\/roveyayinevi.com.tr\/index.php\/wp-json\/wp\/v2\/product"}],"about":[{"href":"https:\/\/roveyayinevi.com.tr\/index.php\/wp-json\/wp\/v2\/types\/product"}],"wp:attachment":[{"href":"https:\/\/roveyayinevi.com.tr\/index.php\/wp-json\/wp\/v2\/media?parent=718198"}],"wp:term":[{"taxonomy":"product_brand","embeddable":true,"href":"https:\/\/roveyayinevi.com.tr\/index.php\/wp-json\/wp\/v2\/product_brand?post=718198"},{"taxonomy":"product_cat","embeddable":true,"href":"https:\/\/roveyayinevi.com.tr\/index.php\/wp-json\/wp\/v2\/product_cat?post=718198"},{"taxonomy":"product_tag","embeddable":true,"href":"https:\/\/roveyayinevi.com.tr\/index.php\/wp-json\/wp\/v2\/product_tag?post=718198"}],"curies":[{"name":"wp","href":"https:\/\/api.w.org\/{rel}","templated":true}]}}