{"id":718197,"date":"2025-08-27T18:05:08","date_gmt":"2025-08-27T15:05:08","guid":{"rendered":"https:\/\/roveyayinevi.com.tr\/index.php\/urun\/gitar-ile-populer-sarkilar\/"},"modified":"2026-04-16T02:26:21","modified_gmt":"2026-04-15T23:26:21","slug":"gitar-ile-populer-sarkilar","status":"publish","type":"product","link":"https:\/\/roveyayinevi.com.tr\/index.php\/urun\/gitar-ile-populer-sarkilar\/","title":{"rendered":"Gitar ile Pop\u00fcler \u015eark\u0131lar"},"content":{"rendered":"<p>Gitar ile Pop\u00fcler \u015eark\u0131lar kitab\u0131nda ,ge\u00e7mi\u015ften g\u00fcn\u00fcm\u00fcze 185 pop\u00fcler \u015fark\u0131ya akor,ritm ve arpej \u015fifreleri ile yer verilirken,bir \u00e7ok \u015fark\u0131n\u0131n melodisi de tablar\u0131 ile beraber yer almaktad\u0131r.Bu sayede akorlar ile \u015fark\u0131lara e\u015flik ederken solo tekni\u011finizi de geli\u015ftirebilirsiniz. Gitar \u0130le Pop\u00fcler \u015eark\u0131lar kitab\u0131,i\u00e7indeki gitar ve m\u00fczik bilgileri sayesinde,\u00f6\u011frenenler i\u00e7in oldu\u011fu kadar \u00f6\u011fretenler i\u00e7in de \u00f6nemli bir kaynak niteli\u011fi ta\u015f\u0131maktad\u0131r. Yazar Hakk\u0131nda:Gazi \u00dcniversitesi ,M\u00fczik \u00d6\u011fretmenli\u011fi B\u00f6l\u00fcm\u00fc mezunu olan Musa \u00c7etiner,y\u0131llard\u0131r verdi\u011fi gitar derslerinden kazand\u0131\u011f\u0131 tecr\u00fcbe ile bu kitab\u0131 haz\u0131rlam\u0131\u015f ve sizlerin be\u011fenisine sunmu\u015ftur. Yazar\u0131n di\u011fer kitaplar\u0131: -Gitar \u00d6\u011freniyorum-Temel Gitar E\u011fitim Metodu -\u00c7ocuklar \u0130\u00e7in Gitar Metodu<\/p>\n","protected":false},"excerpt":{"rendered":"<p>Gitar ile Pop\u00fcler \u015eark\u0131lar kitab\u0131nda ,ge\u00e7mi\u015ften g\u00fcn\u00fcm\u00fcze 185 pop\u00fcler \u015fark\u0131ya akor,ritm ve arpej \u015fifreleri ile yer verilirken,bir \u00e7ok \u015fark\u0131n\u0131n melodisi de tablar\u0131 ile beraber yer almaktad\u0131r.Bu<span class=\"excerpt-hellip\"> [\u2026]<\/span><\/p>\n","protected":false},"featured_media":0,"template":"","meta":{"_monsterinsights_skip_tracking":false,"_monsterinsights_sitenote_active":false,"_monsterinsights_sitenote_note":"","_monsterinsights_sitenote_category":0},"product_brand":[],"product_cat":[14556,20810],"product_tag":[],"class_list":{"0":"post-718197","1":"product","2":"type-product","3":"status-publish","5":"product_cat-muzik","6":"product_cat-ogrenim-kitaplari","7":"pa_cilt-ciltsiz","8":"pa_tur-kitap","9":"pa_yayinevi-beste-yayinlari","10":"pa_yazar-musa-cetiner","12":"first","13":"instock","14":"sale","15":"shipping-taxable","16":"purchasable","17":"product-type-simple"},"_links":{"self":[{"href":"https:\/\/roveyayinevi.com.tr\/index.php\/wp-json\/wp\/v2\/product\/718197","targetHints":{"allow":["GET"]}}],"collection":[{"href":"https:\/\/roveyayinevi.com.tr\/index.php\/wp-json\/wp\/v2\/product"}],"about":[{"href":"https:\/\/roveyayinevi.com.tr\/index.php\/wp-json\/wp\/v2\/types\/product"}],"wp:attachment":[{"href":"https:\/\/roveyayinevi.com.tr\/index.php\/wp-json\/wp\/v2\/media?parent=718197"}],"wp:term":[{"taxonomy":"product_brand","embeddable":true,"href":"https:\/\/roveyayinevi.com.tr\/index.php\/wp-json\/wp\/v2\/product_brand?post=718197"},{"taxonomy":"product_cat","embeddable":true,"href":"https:\/\/roveyayinevi.com.tr\/index.php\/wp-json\/wp\/v2\/product_cat?post=718197"},{"taxonomy":"product_tag","embeddable":true,"href":"https:\/\/roveyayinevi.com.tr\/index.php\/wp-json\/wp\/v2\/product_tag?post=718197"}],"curies":[{"name":"wp","href":"https:\/\/api.w.org\/{rel}","templated":true}]}}