{"id":718195,"date":"2025-08-27T18:05:07","date_gmt":"2025-08-27T15:05:07","guid":{"rendered":"https:\/\/roveyayinevi.com.tr\/index.php\/urun\/turkmence-konusalim\/"},"modified":"2026-04-16T02:26:21","modified_gmt":"2026-04-15T23:26:21","slug":"turkmence-konusalim","status":"publish","type":"product","link":"https:\/\/roveyayinevi.com.tr\/index.php\/urun\/turkmence-konusalim\/","title":{"rendered":"T\u00fcrkmence Konu\u015fal\u0131m"},"content":{"rendered":"<p>T\u00fcrkmenistan  T\u00fcrkmenleri, T\u00fcrkiye T\u00fcrkleri ile birlikte O\u011fuz grubunda yer alan akraba toplulu\u011fumuzdur. \u00c7a\u011fr\u0131 Bey \u00f6nderli\u011findeki Sel\u00e7uklular ba\u015flang\u0131\u00e7ta Anadolu&#8217;ya ke\u015fif ak\u0131nlar\u0131 d\u00fczenlemi\u015f ve sonras\u0131n da Anadolu&#8217;yu yurt edinmek i\u00e7in artan ak\u0131nlar neticesinde ve de Sultan Alparslan liderli\u011finde Malazgirt Zaferi&#8217;nin kazan\u0131lmas\u0131yla O\u011fuzlar Anadolu&#8217;ya yerle\u015fmeye ba\u015flam\u0131\u015ft\u0131r. Baz\u0131 O\u011fuz boylar\u0131 ata yurtlar\u0131 olan Hazar&#8217;\u0131n do\u011fusundaki topraklardan ayr\u0131l\u0131p yeni geldikleri topraklar\u0131 ana yurt yaparken, baz\u0131 O\u011fuz gruplar\u0131 ise ata yurtta kalm\u0131\u015f, T\u00fcrk co\u011frafyas\u0131nda varl\u0131\u011f\u0131n\u0131 s\u00fcrd\u00fcrm\u00fc\u015ft\u00fcr. Bug\u00fcn ise ata vatan topraklar\u0131nda ba\u011f\u0131ms\u0131z T\u00fcrkmenistan Devleti \u00e7at\u0131s\u0131 alt\u0131nda ya\u015famlar\u0131n\u0131 devam ettirmektedir. Elinizdeki kitap T\u00fcrkmenistan&#8217;da ya\u015fayan T\u00fcrkmenlerin kulland\u0131\u011f\u0131 standart dile dayal\u0131 bir konu\u015fma k\u0131lavuzudur. Konu\u015fma diyaloglar\u0131 ile birlikte kitapta, baz\u0131 kompozisyon metinleri de yer almaktad\u0131r. B\u00f6ylece, T\u00fcrkmence konu\u015fmay\u0131 \u00f6\u011frenmek isteyenler ayn\u0131 zamanda T\u00fcrkmen bayramlar, T\u00fcrkmen \u015fairleri ,T\u00fcrkmen destanlar\u0131, T\u00fcrkmen yemekleri, T\u00fcrkmen hal\u0131s\u0131, T\u00fcrkmen at\u0131 gibi T\u00fcrkmen k\u00fclt\u00fcr\u00fcne dair pek \u00e7ok de\u011ferden de haberdar olacak, bu sayende T\u00fcrkmenleri ve T\u00fcrkmenistan&#8217;\u0131 yak\u0131ndan tan\u0131yacakt\u0131r.<\/p>\n","protected":false},"excerpt":{"rendered":"<p>T\u00fcrkmenistan T\u00fcrkmenleri, T\u00fcrkiye T\u00fcrkleri ile birlikte O\u011fuz grubunda yer alan akraba toplulu\u011fumuzdur. \u00c7a\u011fr\u0131 Bey \u00f6nderli\u011findeki Sel\u00e7uklular ba\u015flang\u0131\u00e7ta Anadolu&#8217;ya ke\u015fif ak\u0131nlar\u0131 d\u00fczenlemi\u015f ve sonras\u0131n da Anadolu&#8217;yu yurt<span class=\"excerpt-hellip\"> [\u2026]<\/span><\/p>\n","protected":false},"featured_media":0,"template":"","meta":{"_monsterinsights_skip_tracking":false,"_monsterinsights_sitenote_active":false,"_monsterinsights_sitenote_note":"","_monsterinsights_sitenote_category":0},"product_brand":[],"product_cat":[12566,13611],"product_tag":[],"class_list":{"0":"post-718195","1":"product","2":"type-product","3":"status-publish","5":"product_cat-egitim","6":"product_cat-sozlukler-ve-konusma-kilavuzlari","7":"pa_cilt-ciltsiz","8":"pa_tur-kitap","9":"pa_yayinevi-gazi-kitabevi","10":"pa_yazar-huseyin-yildirim","12":"first","13":"instock","14":"sale","15":"shipping-taxable","16":"purchasable","17":"product-type-simple"},"_links":{"self":[{"href":"https:\/\/roveyayinevi.com.tr\/index.php\/wp-json\/wp\/v2\/product\/718195","targetHints":{"allow":["GET"]}}],"collection":[{"href":"https:\/\/roveyayinevi.com.tr\/index.php\/wp-json\/wp\/v2\/product"}],"about":[{"href":"https:\/\/roveyayinevi.com.tr\/index.php\/wp-json\/wp\/v2\/types\/product"}],"wp:attachment":[{"href":"https:\/\/roveyayinevi.com.tr\/index.php\/wp-json\/wp\/v2\/media?parent=718195"}],"wp:term":[{"taxonomy":"product_brand","embeddable":true,"href":"https:\/\/roveyayinevi.com.tr\/index.php\/wp-json\/wp\/v2\/product_brand?post=718195"},{"taxonomy":"product_cat","embeddable":true,"href":"https:\/\/roveyayinevi.com.tr\/index.php\/wp-json\/wp\/v2\/product_cat?post=718195"},{"taxonomy":"product_tag","embeddable":true,"href":"https:\/\/roveyayinevi.com.tr\/index.php\/wp-json\/wp\/v2\/product_tag?post=718195"}],"curies":[{"name":"wp","href":"https:\/\/api.w.org\/{rel}","templated":true}]}}