{"id":718192,"date":"2025-08-27T18:05:05","date_gmt":"2025-08-27T15:05:05","guid":{"rendered":"https:\/\/roveyayinevi.com.tr\/index.php\/urun\/buyuk-sevbeni\/"},"modified":"2026-04-16T02:26:20","modified_gmt":"2026-04-15T23:26:20","slug":"buyuk-sevbeni","status":"publish","type":"product","link":"https:\/\/roveyayinevi.com.tr\/index.php\/urun\/buyuk-sevbeni\/","title":{"rendered":"B\u00fcy\u00fck Sevbeni"},"content":{"rendered":"<p>Bir \u00e7ocuk, kentin orta yerinde bir avu\u00e7 toprak bulunca \u00e7\u0131kar\u0131r sandaletlerini, yal\u0131nayak basar yere. Ve b\u00f6ylece \u00f6yk\u00fc ba\u015flar. Bir a\u011fa\u00e7tan ormana, sonbahardan yaza, ye\u015fil bir t\u0131rt\u0131ldan b\u00fcy\u00fck sevbeniye uzanan, d\u00fc\u015flerle ve d\u00f6ng\u00fclerle \u00f6r\u00fcl\u00fc \u015fiirsel bir \u00f6yk\u00fcd\u00fcr bu\u2026\u00c7ocuk edebiyat\u0131m\u0131z\u0131n \u00f6nemli yazarlar\u0131ndan \u015eiirsel Ta\u015f ile eserleri Norve\u00e7 ba\u015fta olmak \u00fczere pek \u00e7ok \u00fclkede yay\u0131mlanan \u00f6d\u00fcll\u00fc ill\u00fcstrat\u00f6r Ak\u0131n D\u00fczak\u0131n, \u00f6yk\u00fcs\u00fc ve resimleriyle haf\u0131zalarda yer edecek bir kitap i\u00e7in bir araya geldi. B\u00fcy\u00fck Sevbeni okurlar\u0131 d\u00f6rt mevsim do\u011fa d\u00f6ng\u00fcs\u00fc, ya\u015fam\u0131n kendini yenileme g\u00fcc\u00fc, yemye\u015fil ormanlar\u0131n \u00e7o\u011falma ser\u00fcveni gibi konular \u00fczerine d\u00fc\u015f\u00fcnd\u00fcr\u00fcyor, farkl\u0131 yorumlarla \u00f6yk\u00fcye yepyeni boyutlar ekleyebilme f\u0131rsat\u0131 tan\u0131yor.<\/p>\n","protected":false},"excerpt":{"rendered":"<p>Bir \u00e7ocuk, kentin orta yerinde bir avu\u00e7 toprak bulunca \u00e7\u0131kar\u0131r sandaletlerini, yal\u0131nayak basar yere. Ve b\u00f6ylece \u00f6yk\u00fc ba\u015flar. Bir a\u011fa\u00e7tan ormana, sonbahardan yaza, ye\u015fil bir t\u0131rt\u0131ldan<span class=\"excerpt-hellip\"> [\u2026]<\/span><\/p>\n","protected":false},"featured_media":0,"template":"","meta":{"_monsterinsights_skip_tracking":false,"_monsterinsights_sitenote_active":false,"_monsterinsights_sitenote_note":"","_monsterinsights_sitenote_category":0},"product_brand":[],"product_cat":[12274,12518],"product_tag":[],"class_list":{"0":"post-718192","1":"product","2":"type-product","3":"status-publish","5":"product_cat-cocuk-ve-genclik-kitaplari","6":"product_cat-okul-oncesi-kitaplar","7":"pa_cilt-ciltsiz","8":"pa_tur-kitap","9":"pa_yayinevi-redhouse-kidz-yayinlari","10":"pa_yazar-siirsel-tas","12":"first","13":"instock","14":"sale","15":"shipping-taxable","16":"purchasable","17":"product-type-simple"},"_links":{"self":[{"href":"https:\/\/roveyayinevi.com.tr\/index.php\/wp-json\/wp\/v2\/product\/718192","targetHints":{"allow":["GET"]}}],"collection":[{"href":"https:\/\/roveyayinevi.com.tr\/index.php\/wp-json\/wp\/v2\/product"}],"about":[{"href":"https:\/\/roveyayinevi.com.tr\/index.php\/wp-json\/wp\/v2\/types\/product"}],"wp:attachment":[{"href":"https:\/\/roveyayinevi.com.tr\/index.php\/wp-json\/wp\/v2\/media?parent=718192"}],"wp:term":[{"taxonomy":"product_brand","embeddable":true,"href":"https:\/\/roveyayinevi.com.tr\/index.php\/wp-json\/wp\/v2\/product_brand?post=718192"},{"taxonomy":"product_cat","embeddable":true,"href":"https:\/\/roveyayinevi.com.tr\/index.php\/wp-json\/wp\/v2\/product_cat?post=718192"},{"taxonomy":"product_tag","embeddable":true,"href":"https:\/\/roveyayinevi.com.tr\/index.php\/wp-json\/wp\/v2\/product_tag?post=718192"}],"curies":[{"name":"wp","href":"https:\/\/api.w.org\/{rel}","templated":true}]}}