{"id":718191,"date":"2025-08-27T18:05:04","date_gmt":"2025-08-27T15:05:04","guid":{"rendered":"https:\/\/roveyayinevi.com.tr\/index.php\/urun\/anton-derinlere-daliyor\/"},"modified":"2026-04-16T02:26:20","modified_gmt":"2026-04-15T23:26:20","slug":"anton-derinlere-daliyor","status":"publish","type":"product","link":"https:\/\/roveyayinevi.com.tr\/index.php\/urun\/anton-derinlere-daliyor\/","title":{"rendered":"Anton Derinlere Dal\u0131yor"},"content":{"rendered":"<p>Anton tatile gidece\u011fi i\u00e7in heyecanl\u0131d\u0131r. Fakat anneannesi ve dedesiyle birlikte kamp alan\u0131na geldiklerinde hayalleri suya d\u00fc\u015fer, \u00e7\u00fcnk\u00fc kar\u015f\u0131s\u0131na p\u0131r\u0131l p\u0131r\u0131l bir havuz yerine yosunlu bir g\u00f6l \u00e7\u0131kar. Anton di\u011ferleri gibi g\u00f6le girmeyi asla kabul etmez ve kendine s\u0131rad\u0131\u015f\u0131 bir arkada\u015f edinir. Bu yeni arkada\u015f\u0131yla ya\u015fayaca\u011f\u0131 beklenmedik maceralar Anton\u2019u \u00e7ok de\u011fi\u015ftirecektir&#8230;D\u00fcnyan\u0131n en \u00f6nemli \u00e7ocuk kitab\u0131 \u00f6d\u00fcllerinden Alman Gen\u00e7lik Edebiyat\u0131 \u00d6d\u00fcl\u00fc\u2019n\u00fc alan Anton Derinlere Dal\u0131yor g\u00fc\u00e7l\u00fc bir anlat\u0131yla okurlar\u0131, arkada\u015fl\u0131k, birey olmak, \u00f6nyarg\u0131lar, zorbal\u0131k gibi konular \u00fczerine d\u00fc\u015f\u00fcnd\u00fcr\u00fcyor.<\/p>\n","protected":false},"excerpt":{"rendered":"<p>Anton tatile gidece\u011fi i\u00e7in heyecanl\u0131d\u0131r. Fakat anneannesi ve dedesiyle birlikte kamp alan\u0131na geldiklerinde hayalleri suya d\u00fc\u015fer, \u00e7\u00fcnk\u00fc kar\u015f\u0131s\u0131na p\u0131r\u0131l p\u0131r\u0131l bir havuz yerine yosunlu bir g\u00f6l<span class=\"excerpt-hellip\"> [\u2026]<\/span><\/p>\n","protected":false},"featured_media":0,"template":"","meta":{"_monsterinsights_skip_tracking":false,"_monsterinsights_sitenote_active":false,"_monsterinsights_sitenote_note":"","_monsterinsights_sitenote_category":0},"product_brand":[],"product_cat":[12291,15117],"product_tag":[],"class_list":{"0":"post-718191","1":"product","2":"type-product","3":"status-publish","5":"product_cat-edebiyat","6":"product_cat-genclik-edebiyati","7":"pa_cilt-ciltsiz","8":"pa_tur-kitap","9":"pa_yayinevi-redhouse-kidz-yayinlari","10":"pa_yazar-milena-baisch","12":"first","13":"instock","14":"sale","15":"shipping-taxable","16":"purchasable","17":"product-type-simple"},"_links":{"self":[{"href":"https:\/\/roveyayinevi.com.tr\/index.php\/wp-json\/wp\/v2\/product\/718191","targetHints":{"allow":["GET"]}}],"collection":[{"href":"https:\/\/roveyayinevi.com.tr\/index.php\/wp-json\/wp\/v2\/product"}],"about":[{"href":"https:\/\/roveyayinevi.com.tr\/index.php\/wp-json\/wp\/v2\/types\/product"}],"wp:attachment":[{"href":"https:\/\/roveyayinevi.com.tr\/index.php\/wp-json\/wp\/v2\/media?parent=718191"}],"wp:term":[{"taxonomy":"product_brand","embeddable":true,"href":"https:\/\/roveyayinevi.com.tr\/index.php\/wp-json\/wp\/v2\/product_brand?post=718191"},{"taxonomy":"product_cat","embeddable":true,"href":"https:\/\/roveyayinevi.com.tr\/index.php\/wp-json\/wp\/v2\/product_cat?post=718191"},{"taxonomy":"product_tag","embeddable":true,"href":"https:\/\/roveyayinevi.com.tr\/index.php\/wp-json\/wp\/v2\/product_tag?post=718191"}],"curies":[{"name":"wp","href":"https:\/\/api.w.org\/{rel}","templated":true}]}}