{"id":718181,"date":"2025-08-27T18:04:57","date_gmt":"2025-08-27T15:04:57","guid":{"rendered":"https:\/\/roveyayinevi.com.tr\/index.php\/urun\/engelli-limani\/"},"modified":"2026-04-16T02:26:20","modified_gmt":"2026-04-15T23:26:20","slug":"engelli-limani","status":"publish","type":"product","link":"https:\/\/roveyayinevi.com.tr\/index.php\/urun\/engelli-limani\/","title":{"rendered":"Engelli Liman\u0131"},"content":{"rendered":"<p>Bu kitapta erken do\u011fum sonras\u0131 serebral palsi tan\u0131s\u0131 alan bir gencin ac\u0131, tatl\u0131 hat\u0131ralar\u0131yla dolu on alt\u0131 y\u0131ll\u0131k ger\u00e7ek hayat\u0131 anlat\u0131lmaktad\u0131r. Hatice \u015eeyda, inatla ya\u015fama tutunup mutlu olmay\u0131 ba\u015farm\u0131\u015ft\u0131r. Sekizinci s\u0131n\u0131fta sa\u011fl\u0131k durumunun daha da bozulmas\u0131 \u00fczerine evde, kendi imk\u00e2nlar\u0131yla \u00e7al\u0131\u015farak e\u011fitimini s\u00fcrd\u00fcrm\u00fc\u015ft\u00fcr. Bu kitab\u0131n yaz\u0131m s\u00fcrecinde ya\u015f\u0131tlar\u0131yla birlikte A\u00e7\u0131k Lise\u2019yi bitirmi\u015ftir. \u201cS\u0131f\u0131r say\u0131salla hi\u00e7bir yeri kazanamam ama yine de akranlar\u0131m\u0131n ya\u015fad\u0131\u011f\u0131 her duyguyu ben de tatmak istiyorum.\u201d diyerek, \u00fcniversite s\u0131nav\u0131na kat\u0131lm\u0131\u015f, sosyoloji b\u00f6l\u00fcm\u00fcn\u00fc kazanm\u0131\u015ft\u0131r. Bu y\u0131l sosyoloji b\u00f6l\u00fcm\u00fc d\u00f6rd\u00fcnc\u00fc s\u0131n\u0131f \u00f6\u011frencisi olarak e\u011fitimine devam etmektedir. Onun i\u00e7in en b\u00fcy\u00fck mutluluk, ideallerinin pe\u015finde ko\u015fmakt\u0131r. Bazen k\u0131sac\u0131k, g\u00fczel bir s\u00f6z, belki de tatl\u0131 bir tebess\u00fcm engelli liman\u0131na d\u00fc\u015fenleri galey\u00e2na getirip t\u00fcm d\u00fcnyas\u0131n\u0131 de\u011fi\u015ftiriverir\u2026<\/p>\n","protected":false},"excerpt":{"rendered":"<p>Bu kitapta erken do\u011fum sonras\u0131 serebral palsi tan\u0131s\u0131 alan bir gencin ac\u0131, tatl\u0131 hat\u0131ralar\u0131yla dolu on alt\u0131 y\u0131ll\u0131k ger\u00e7ek hayat\u0131 anlat\u0131lmaktad\u0131r. Hatice \u015eeyda, inatla ya\u015fama tutunup<span class=\"excerpt-hellip\"> [\u2026]<\/span><\/p>\n","protected":false},"featured_media":0,"template":"","meta":{"_monsterinsights_skip_tracking":false,"_monsterinsights_sitenote_active":false,"_monsterinsights_sitenote_note":"","_monsterinsights_sitenote_category":0},"product_brand":[],"product_cat":[12291,12711],"product_tag":[],"class_list":{"0":"post-718181","1":"product","2":"type-product","3":"status-publish","5":"product_cat-edebiyat","6":"product_cat-roman-oyku","7":"pa_cilt-ciltsiz","8":"pa_tur-kitap","9":"pa_yayinevi-egiten-kitap","10":"pa_yazar-hatice-seyfa-canbolat","12":"first","13":"instock","14":"sale","15":"shipping-taxable","16":"purchasable","17":"product-type-simple"},"_links":{"self":[{"href":"https:\/\/roveyayinevi.com.tr\/index.php\/wp-json\/wp\/v2\/product\/718181","targetHints":{"allow":["GET"]}}],"collection":[{"href":"https:\/\/roveyayinevi.com.tr\/index.php\/wp-json\/wp\/v2\/product"}],"about":[{"href":"https:\/\/roveyayinevi.com.tr\/index.php\/wp-json\/wp\/v2\/types\/product"}],"wp:attachment":[{"href":"https:\/\/roveyayinevi.com.tr\/index.php\/wp-json\/wp\/v2\/media?parent=718181"}],"wp:term":[{"taxonomy":"product_brand","embeddable":true,"href":"https:\/\/roveyayinevi.com.tr\/index.php\/wp-json\/wp\/v2\/product_brand?post=718181"},{"taxonomy":"product_cat","embeddable":true,"href":"https:\/\/roveyayinevi.com.tr\/index.php\/wp-json\/wp\/v2\/product_cat?post=718181"},{"taxonomy":"product_tag","embeddable":true,"href":"https:\/\/roveyayinevi.com.tr\/index.php\/wp-json\/wp\/v2\/product_tag?post=718181"}],"curies":[{"name":"wp","href":"https:\/\/api.w.org\/{rel}","templated":true}]}}