{"id":718178,"date":"2025-08-27T18:04:55","date_gmt":"2025-08-27T15:04:55","guid":{"rendered":"https:\/\/roveyayinevi.com.tr\/index.php\/urun\/turkiyenin-ekonomik-krizleri\/"},"modified":"2026-04-16T02:26:20","modified_gmt":"2026-04-15T23:26:20","slug":"turkiyenin-ekonomik-krizleri","status":"publish","type":"product","link":"https:\/\/roveyayinevi.com.tr\/index.php\/urun\/turkiyenin-ekonomik-krizleri\/","title":{"rendered":"T\u00fcrkiye&#8217;nin  Ekonomik Krizleri"},"content":{"rendered":"<p>Globalle\u015fen d\u00fcnyada, \u00fclkelerin ekonomik dinamikleri birbirlerini her a\u00e7\u0131dan etkilemektedir. Her ne kadar \u00fclkelerin co\u011frafi s\u0131n\u0131rlar\u0131 olsa da ekonomik ili\u015fkiler a\u00e7\u0131s\u0131ndan bu s\u0131n\u0131rlar\u0131n baz\u0131 yasal d\u00fczenlemeler haricinde yok denecek kadar az oldu\u011fu s\u00f6ylenebilir. D\u00fcnya iktisadi sisteminin temel \u00f6be\u011fini olu\u015fturan kapitalist sistemlerde kom\u015fudaki bir olumsuz etki bizim eve de er ya da ge\u00e7 u\u011framaktad\u0131r.Bu kitap, esas\u0131nda ge\u00e7mi\u015ften ders \u00e7\u0131kar\u0131ls\u0131n diye tasarland\u0131&#8230; Frans\u0131z \u0130htilali&#8217;nin etkisi (esas\u0131nda 1968 olaylar\u0131n\u0131 kastader) hakk\u0131nda sorulan bir soruya \u00c7in Ba\u015fbakan\u0131 Zhou Enlai&#8217;nin \u201cBir \u015fey s\u00f6ylemek i\u00e7in hen\u00fcz \u00e7ok erken\u201d dedi\u011fi rivayetini de kulak arkas\u0131 etmeden ge\u00e7mi\u015fte olu\u015fan krizlerin etkisini hala ne kadar ya\u015fad\u0131\u011f\u0131m\u0131z hakk\u0131nda da fikir vermektedir.<\/p>\n","protected":false},"excerpt":{"rendered":"<p>Globalle\u015fen d\u00fcnyada, \u00fclkelerin ekonomik dinamikleri birbirlerini her a\u00e7\u0131dan etkilemektedir. Her ne kadar \u00fclkelerin co\u011frafi s\u0131n\u0131rlar\u0131 olsa da ekonomik ili\u015fkiler a\u00e7\u0131s\u0131ndan bu s\u0131n\u0131rlar\u0131n baz\u0131 yasal d\u00fczenlemeler haricinde<span class=\"excerpt-hellip\"> [\u2026]<\/span><\/p>\n","protected":false},"featured_media":0,"template":"","meta":{"_monsterinsights_skip_tracking":false,"_monsterinsights_sitenote_active":false,"_monsterinsights_sitenote_note":"","_monsterinsights_sitenote_category":0},"product_brand":[],"product_cat":[14841,13043],"product_tag":[],"class_list":{"0":"post-718178","1":"product","2":"type-product","3":"status-publish","5":"product_cat-arastirma-inceleme-kuram","6":"product_cat-ekonomi","7":"pa_cilt-ciltsiz","8":"pa_tur-kitap","9":"pa_yayinevi-istanbul-okan-universitesi","10":"pa_yazar-okan-kollektif","12":"first","13":"instock","14":"sale","15":"shipping-taxable","16":"purchasable","17":"product-type-simple"},"_links":{"self":[{"href":"https:\/\/roveyayinevi.com.tr\/index.php\/wp-json\/wp\/v2\/product\/718178","targetHints":{"allow":["GET"]}}],"collection":[{"href":"https:\/\/roveyayinevi.com.tr\/index.php\/wp-json\/wp\/v2\/product"}],"about":[{"href":"https:\/\/roveyayinevi.com.tr\/index.php\/wp-json\/wp\/v2\/types\/product"}],"wp:attachment":[{"href":"https:\/\/roveyayinevi.com.tr\/index.php\/wp-json\/wp\/v2\/media?parent=718178"}],"wp:term":[{"taxonomy":"product_brand","embeddable":true,"href":"https:\/\/roveyayinevi.com.tr\/index.php\/wp-json\/wp\/v2\/product_brand?post=718178"},{"taxonomy":"product_cat","embeddable":true,"href":"https:\/\/roveyayinevi.com.tr\/index.php\/wp-json\/wp\/v2\/product_cat?post=718178"},{"taxonomy":"product_tag","embeddable":true,"href":"https:\/\/roveyayinevi.com.tr\/index.php\/wp-json\/wp\/v2\/product_tag?post=718178"}],"curies":[{"name":"wp","href":"https:\/\/api.w.org\/{rel}","templated":true}]}}