{"id":718176,"date":"2025-08-27T18:04:54","date_gmt":"2025-08-27T15:04:54","guid":{"rendered":"https:\/\/roveyayinevi.com.tr\/index.php\/urun\/kendimi-kesfediyorum\/"},"modified":"2026-04-16T02:26:20","modified_gmt":"2026-04-15T23:26:20","slug":"kendimi-kesfediyorum","status":"publish","type":"product","link":"https:\/\/roveyayinevi.com.tr\/index.php\/urun\/kendimi-kesfediyorum\/","title":{"rendered":"Kendimi Ke\u015ffediyorum"},"content":{"rendered":"<p>\u0130nsan\u0131 anlama \u00e7abas\u0131nda, i\u00e7inde bulundu\u011fumuz y\u00fczy\u0131l\u0131n iki b\u00fcy\u00fck katk\u0131s\u0131 oldu\u011funu d\u00fc\u015f\u00fcn\u00fcyorum: Biri n\u00f6robilimden, di\u011feri disiplinler aras\u0131 \u00e7al\u0131\u015fmalardan \u00f6\u011frendiklerimiz! Elinizdeki \u00e7al\u0131\u015fma da bu alandaki geli\u015fimin son \u00fcr\u00fcnlerinden biri olma niteli\u011finde. Kendini ke\u015ffetme, duygu dikkat y\u00f6netimini sa\u011flama ve fark\u0131ndal\u0131\u011f\u0131 art\u0131rma stratejilerinin egzersiz yoluyla \u00e7ocuklar\u0131n diline uygun \u015fekilde aktar\u0131ld\u0131\u011f\u0131 bu kitap \u00e7ocuklar\u0131n diline uygun \u015fekilde aktar\u0131ld\u0131\u011f\u0131 bu kitap \u00e7ocuk geli\u015fiminde \u00e7ok \u00f6zel bir kaynak olarak ortaya \u00e7\u0131k\u0131yor. Ayn\u0131 zamanda bu \u00e7al\u0131\u015fma, anne babalara ve \u00e7ocuklara profesyonellere de \u0131\u015f\u0131k tutacak nitelikte. Ama her \u015feyden \u00f6nemlisi oyunun ve e\u011flenmenin g\u00fcc\u00fcyle \u00e7ocuklara ula\u015fmak , onlar\u0131 kendi duygusal g\u00fc\u00e7lenme yollar\u0131n\u0131 ke\u015ffetme konusunda desteklemek i\u00e7in \u00f6nemli, yeni ve farkl\u0131 bir ara\u00e7\u2026 <\/p>\n","protected":false},"excerpt":{"rendered":"<p>\u0130nsan\u0131 anlama \u00e7abas\u0131nda, i\u00e7inde bulundu\u011fumuz y\u00fczy\u0131l\u0131n iki b\u00fcy\u00fck katk\u0131s\u0131 oldu\u011funu d\u00fc\u015f\u00fcn\u00fcyorum: Biri n\u00f6robilimden, di\u011feri disiplinler aras\u0131 \u00e7al\u0131\u015fmalardan \u00f6\u011frendiklerimiz! Elinizdeki \u00e7al\u0131\u015fma da bu alandaki geli\u015fimin son \u00fcr\u00fcnlerinden<span class=\"excerpt-hellip\"> [\u2026]<\/span><\/p>\n","protected":false},"featured_media":0,"template":"","meta":{"_monsterinsights_skip_tracking":false,"_monsterinsights_sitenote_active":false,"_monsterinsights_sitenote_note":"","_monsterinsights_sitenote_category":0},"product_brand":[],"product_cat":[12831,12324],"product_tag":[],"class_list":{"0":"post-718176","1":"product","2":"type-product","3":"status-publish","5":"product_cat-aile-ve-cocuk","6":"product_cat-sosyoloji","7":"pa_cilt-ciltsiz","8":"pa_tur-kitap","9":"pa_yayinevi-tuti-kitap","10":"pa_yazar-sinan-canan-azize-sahin","12":"first","13":"instock","14":"sale","15":"shipping-taxable","16":"purchasable","17":"product-type-simple"},"_links":{"self":[{"href":"https:\/\/roveyayinevi.com.tr\/index.php\/wp-json\/wp\/v2\/product\/718176","targetHints":{"allow":["GET"]}}],"collection":[{"href":"https:\/\/roveyayinevi.com.tr\/index.php\/wp-json\/wp\/v2\/product"}],"about":[{"href":"https:\/\/roveyayinevi.com.tr\/index.php\/wp-json\/wp\/v2\/types\/product"}],"wp:attachment":[{"href":"https:\/\/roveyayinevi.com.tr\/index.php\/wp-json\/wp\/v2\/media?parent=718176"}],"wp:term":[{"taxonomy":"product_brand","embeddable":true,"href":"https:\/\/roveyayinevi.com.tr\/index.php\/wp-json\/wp\/v2\/product_brand?post=718176"},{"taxonomy":"product_cat","embeddable":true,"href":"https:\/\/roveyayinevi.com.tr\/index.php\/wp-json\/wp\/v2\/product_cat?post=718176"},{"taxonomy":"product_tag","embeddable":true,"href":"https:\/\/roveyayinevi.com.tr\/index.php\/wp-json\/wp\/v2\/product_tag?post=718176"}],"curies":[{"name":"wp","href":"https:\/\/api.w.org\/{rel}","templated":true}]}}