{"id":718174,"date":"2025-08-27T18:04:53","date_gmt":"2025-08-27T15:04:53","guid":{"rendered":"https:\/\/roveyayinevi.com.tr\/index.php\/urun\/aydan-dusen-oykuler\/"},"modified":"2026-04-16T02:26:20","modified_gmt":"2026-04-15T23:26:20","slug":"aydan-dusen-oykuler","status":"publish","type":"product","link":"https:\/\/roveyayinevi.com.tr\/index.php\/urun\/aydan-dusen-oykuler\/","title":{"rendered":"Ay\u2019dan D\u00fc\u015fen \u00d6yk\u00fcler"},"content":{"rendered":"<p>Sevgili \u00c7ocuk,Benim ad\u0131m kitap.Ay\u015fe Kilimci yazd\u0131, asl\u0131nda ben onun r\u00fcyas\u0131na girdim, ondan yazd\u0131.Kitaplar yazar\u0131n\u0131 se\u00e7er, benden duymu\u015f olma ama\u2026Ay\u2019dan d\u00fc\u015fen \u00f6yk\u00fclerim ben. Ay\u2019dan m\u0131 d\u00fc\u015fm\u00fc\u015f\u00fcm? Uydurmu\u015flar. \u00d6yk\u00fc dedi\u011fin, \u015fiir dedi\u011fin \u00e7ocuklar\u0131n aras\u0131nda ya\u015far, g\u00f6r\u00fcnmek isterseler g\u00f6r\u00fcn\u00fcrler. Matrak bir Alfabeyim ben, okuyunca g\u00fclmekten bay\u0131lacaks\u0131n.Koca d\u00fcnya \u00fcst\u00fcndeki minicik k\u0131rm\u0131z\u0131 noktay\u0131m, kitab\u0131n son \u00f6yk\u00fcs\u00fc bu, u\u011furb\u00f6ce\u011fiyle bebe\u011fin dostlu\u011fu\u2026Bildi\u011fim halde her okuyu\u015fta i\u00e7im p\u0131r p\u0131r, bir kitap kendini okur elbet, neden okumas\u0131n? Ay\u2019a mektup, ortanca \u00f6yk\u00fc. Ay\u2019a ve sevdi\u011fin her \u015feye mektup yaz bence, hem belli mi olur belki kar\u015f\u0131l\u0131k verir\u2026Sence Ay nedir? Def mi, lamba m\u0131, hangi okula gider, ka\u011f\u0131t helva m\u0131? G\u00f6z\u00fc \u00e7ocuk oyunlar\u0131ndayken, ne yapar o karanl\u0131k, sessiz uzayda? F\u0131nd\u0131k faresi dedi ki, \u201c\u015fu Ay\u2019a mektup yaz\u0131p sorsana, peynirden yap\u0131lm\u0131\u015f olabilir mi?\u201d Bunu s\u00f6ylerken yutkunuyordu\u2026Yaa, i\u015fte b\u00f6yle\u2026Tan\u0131\u015ft\u0131\u011f\u0131m\u0131za sevindim, beni okursan daha \u00e7ok sevinece\u011fim, bana yazarsan mektubunu u\u011fur b\u00f6ce\u011fine, Ay\u2019a, fareye ve Alfabeye iletece\u011fime inan\u2026Kestane kebap, acele cevap, bunu yazan kitap\u2026<\/p>\n","protected":false},"excerpt":{"rendered":"<p>Sevgili \u00c7ocuk,Benim ad\u0131m kitap.Ay\u015fe Kilimci yazd\u0131, asl\u0131nda ben onun r\u00fcyas\u0131na girdim, ondan yazd\u0131.Kitaplar yazar\u0131n\u0131 se\u00e7er, benden duymu\u015f olma ama\u2026Ay\u2019dan d\u00fc\u015fen \u00f6yk\u00fclerim ben. Ay\u2019dan m\u0131 d\u00fc\u015fm\u00fc\u015f\u00fcm? Uydurmu\u015flar.<span class=\"excerpt-hellip\"> [\u2026]<\/span><\/p>\n","protected":false},"featured_media":0,"template":"","meta":{"_monsterinsights_skip_tracking":false,"_monsterinsights_sitenote_active":false,"_monsterinsights_sitenote_note":"","_monsterinsights_sitenote_category":0},"product_brand":[],"product_cat":[12274,12284],"product_tag":[],"class_list":{"0":"post-718174","1":"product","2":"type-product","3":"status-publish","5":"product_cat-cocuk-ve-genclik-kitaplari","6":"product_cat-hikayeler","7":"pa_cilt-ciltsiz","8":"pa_tur-kitap","9":"pa_yayinevi-odtu-gelistirme-vakfi-yayincilik","10":"pa_yazar-ayse-kilimci","12":"first","13":"instock","14":"sale","15":"shipping-taxable","16":"purchasable","17":"product-type-simple"},"_links":{"self":[{"href":"https:\/\/roveyayinevi.com.tr\/index.php\/wp-json\/wp\/v2\/product\/718174","targetHints":{"allow":["GET"]}}],"collection":[{"href":"https:\/\/roveyayinevi.com.tr\/index.php\/wp-json\/wp\/v2\/product"}],"about":[{"href":"https:\/\/roveyayinevi.com.tr\/index.php\/wp-json\/wp\/v2\/types\/product"}],"wp:attachment":[{"href":"https:\/\/roveyayinevi.com.tr\/index.php\/wp-json\/wp\/v2\/media?parent=718174"}],"wp:term":[{"taxonomy":"product_brand","embeddable":true,"href":"https:\/\/roveyayinevi.com.tr\/index.php\/wp-json\/wp\/v2\/product_brand?post=718174"},{"taxonomy":"product_cat","embeddable":true,"href":"https:\/\/roveyayinevi.com.tr\/index.php\/wp-json\/wp\/v2\/product_cat?post=718174"},{"taxonomy":"product_tag","embeddable":true,"href":"https:\/\/roveyayinevi.com.tr\/index.php\/wp-json\/wp\/v2\/product_tag?post=718174"}],"curies":[{"name":"wp","href":"https:\/\/api.w.org\/{rel}","templated":true}]}}