{"id":718173,"date":"2025-08-27T18:04:52","date_gmt":"2025-08-27T15:04:52","guid":{"rendered":"https:\/\/roveyayinevi.com.tr\/index.php\/urun\/insanlarda-ve-hayvanlarda-baskinlik-ve-saldirganlik\/"},"modified":"2026-04-16T02:26:20","modified_gmt":"2026-04-15T23:26:20","slug":"insanlarda-ve-hayvanlarda-baskinlik-ve-saldirganlik","status":"publish","type":"product","link":"https:\/\/roveyayinevi.com.tr\/index.php\/urun\/insanlarda-ve-hayvanlarda-baskinlik-ve-saldirganlik\/","title":{"rendered":"\u0130nsanlarda ve Hayvanlarda Bask\u0131nl\u0131k ve Sald\u0131rganl\u0131k"},"content":{"rendered":"<p>\u201cEvrende Kurallar\u0131 A\u00e7g\u00f6zl\u00fcler Ve Benciller Belirler, Yani \u0130nsanlar.\u201dHenry R. HermannGezegenin En Dominant Canl\u0131s\u0131 Sald\u0131rgan Do\u011fas\u0131yla Hayvanlar Olmal\u0131yd\u0131. Bu Unvan\u0131 Onlar\u0131n Elinden Nas\u0131l Ald\u0131k?\u201c\u0130nsanlarda ve Hayvanlarda Bask\u0131nl\u0131k ve Sald\u0131rganl\u0131k\u201d \u00c7ok Yak\u0131nda Kitap\u00e7\u0131lardaFlorida South Western Devlet \u00dcniversitesinde Biyoloji Profes\u00f6r\u00fc olan Henry R. Hermann, \u201c\u0130nsanlarda ve Hayvanlarda Bask\u0131nl\u0131k ve Sald\u0131rganl\u0131k\u201d kitab\u0131nda insan\u0131n evrendeki di\u011fer canl\u0131lardan daha bask\u0131n olmas\u0131n\u0131n nedenlerini inceliyor. The kitap etiketiyle raflarda yerini almaya haz\u0131rlanan kitap, insan\u0131 hayvanlardan ay\u0131ran zek\u00e2n\u0131n insanl\u0131\u011f\u0131 nas\u0131l y\u0131k\u0131ma s\u00fcr\u00fckledi\u011fi sorusuna cevap ararken, sald\u0131rganl\u0131kla ilgili bir\u00e7ok konuya da a\u00e7\u0131kl\u0131k getiriyor.Bask\u0131nl\u0131k ve sald\u0131rganl\u0131k oyununun kurallar\u0131n\u0131 a\u00e7g\u00f6zl\u00fc ve bencil olanlar\u0131n belirledi\u011fi evrende, insan\u0131n ki\u015filiklerinin geli\u015fti\u011fi ortamlar, di\u011fer hayvanlarla olan benzerlikleri ve farkl\u0131l\u0131klar\u0131, ahl\u00e2ki veya ahl\u00e2ks\u0131z y\u00f6nleri t\u00fcm y\u00f6n\u00fcyle ele al\u0131n\u0131yor. Y\u00fczlerce kaynak \u00e7al\u0131\u015fmas\u0131n\u0131n ard\u0131ndan olu\u015fturulan psikoloji t\u00fcr\u00fcndeki kitapta insan\u0131n sald\u0131rgan ve h\u00e2kim olma d\u00fcrt\u00fcs\u00fcn\u00fcn g\u00fcnl\u00fck ya\u015famdaki etkilerine ve insanlar\u0131 bask\u0131nl\u0131\u011fa ve sald\u0131rganl\u0131\u011fa iten nedenleri bulacaks\u0131n\u0131z.\u0130nsanlar neden bask\u0131nl\u0131k ve sald\u0131rganl\u0131k davran\u0131\u015flar\u0131 sergiler? Evrimin, geneti\u011fin, kimyan\u0131n, yeti\u015ftirme tarz\u0131n\u0131n ve sosyopolitik \u00e7evrenin bu davran\u0131\u015flar \u00fczerinde ne gibi bir etkisi var? \u0130nsan sald\u0131rganl\u0131\u011f\u0131n\u0131n derin k\u00f6klerine hayvanlar\u0131 inceleyerek inebilir miyiz? D\u00fcnyan\u0131n h\u00e2kimi insan t\u00fcr\u00fc, bask\u0131nl\u0131\u011f\u0131yla kendi sonunu haz\u0131rl\u0131yor olabilir mi? \u0130nsanlarda ve Hayvanlarda Bask\u0131nl\u0131k ve Sald\u0131rganl\u0131k, bu ve bunun gibi pek \u00e7ok soruya cevap ar\u0131yor. Zorbal\u0131ktan tacize, cinayetlerden sava\u015fa kadar insanlar\u0131n t\u00fcm sald\u0131rgan davran\u0131\u015flar\u0131n\u0131 mercek alt\u0131na al\u0131yor. Sald\u0131rganl\u0131\u011f\u0131n bireysel ve grup i\u00e7indeki davran\u0131\u015flara etkilerini ara\u015ft\u0131rarak bunlar\u0131n i\u015f, okul ve aile hayat\u0131ndaki yans\u0131malar\u0131n\u0131 sorguluyor. \u0130nsanl\u0131k i\u00e7indeki agresifli\u011fe nas\u0131l direnebilir, yoksa do\u011fan\u0131n bu ka\u00e7\u0131n\u0131lmaz ger\u00e7e\u011fine kar\u015f\u0131 tamamen savunmas\u0131z m\u0131d\u0131r? Bu kitap insan do\u011fas\u0131n\u0131 anlamak i\u00e7in cevaplanmas\u0131 zor olan b\u00fcy\u00fck sorulara yan\u0131t ararken okuru kendisiyle y\u00fczle\u015fece\u011fi uzun bir yolculu\u011fa \u00e7\u0131kar\u0131yor.<\/p>\n","protected":false},"excerpt":{"rendered":"<p>\u201cEvrende Kurallar\u0131 A\u00e7g\u00f6zl\u00fcler Ve Benciller Belirler, Yani \u0130nsanlar.\u201dHenry R. HermannGezegenin En Dominant Canl\u0131s\u0131 Sald\u0131rgan Do\u011fas\u0131yla Hayvanlar Olmal\u0131yd\u0131. Bu Unvan\u0131 Onlar\u0131n Elinden Nas\u0131l Ald\u0131k?\u201c\u0130nsanlarda ve Hayvanlarda Bask\u0131nl\u0131k<span class=\"excerpt-hellip\"> [\u2026]<\/span><\/p>\n","protected":false},"featured_media":0,"template":"","meta":{"_monsterinsights_skip_tracking":false,"_monsterinsights_sitenote_active":false,"_monsterinsights_sitenote_note":"","_monsterinsights_sitenote_category":0},"product_brand":[],"product_cat":[12358,12357],"product_tag":[],"class_list":{"0":"post-718173","1":"product","2":"type-product","3":"status-publish","5":"product_cat-genel-psikoloji","6":"product_cat-psikoloji","7":"pa_cilt-ciltsiz","8":"pa_tur-kitap","9":"pa_yayinevi-the-kitap","10":"pa_yazar-henry-r-hermann","12":"first","13":"instock","14":"sale","15":"shipping-taxable","16":"purchasable","17":"product-type-simple"},"_links":{"self":[{"href":"https:\/\/roveyayinevi.com.tr\/index.php\/wp-json\/wp\/v2\/product\/718173","targetHints":{"allow":["GET"]}}],"collection":[{"href":"https:\/\/roveyayinevi.com.tr\/index.php\/wp-json\/wp\/v2\/product"}],"about":[{"href":"https:\/\/roveyayinevi.com.tr\/index.php\/wp-json\/wp\/v2\/types\/product"}],"wp:attachment":[{"href":"https:\/\/roveyayinevi.com.tr\/index.php\/wp-json\/wp\/v2\/media?parent=718173"}],"wp:term":[{"taxonomy":"product_brand","embeddable":true,"href":"https:\/\/roveyayinevi.com.tr\/index.php\/wp-json\/wp\/v2\/product_brand?post=718173"},{"taxonomy":"product_cat","embeddable":true,"href":"https:\/\/roveyayinevi.com.tr\/index.php\/wp-json\/wp\/v2\/product_cat?post=718173"},{"taxonomy":"product_tag","embeddable":true,"href":"https:\/\/roveyayinevi.com.tr\/index.php\/wp-json\/wp\/v2\/product_tag?post=718173"}],"curies":[{"name":"wp","href":"https:\/\/api.w.org\/{rel}","templated":true}]}}