{"id":718170,"date":"2025-08-27T18:04:51","date_gmt":"2025-08-27T15:04:51","guid":{"rendered":"https:\/\/roveyayinevi.com.tr\/index.php\/urun\/fransiz-devriminde-kadinlari\/"},"modified":"2025-12-30T10:22:56","modified_gmt":"2025-12-30T07:22:56","slug":"fransiz-devriminde-kadinlari","status":"publish","type":"product","link":"https:\/\/roveyayinevi.com.tr\/index.php\/urun\/fransiz-devriminde-kadinlari\/","title":{"rendered":"Frans\u0131z Devriminde Kad\u0131nlar\u0131"},"content":{"rendered":"<p>T\u00fcrkiyeli okuyucunun be\u015f ciltten olu\u015fan b\u00fcy\u00fck eser Ate\u015fi \u00c7almak roman\u0131yla tan\u0131d\u0131\u011f\u0131 Galina Serebryakova, 1789 Frans\u0131z Devrimi d\u00f6neminin \u00f6ne \u00e7\u0131km\u0131\u015f kad\u0131n kahramanlar\u0131n\u0131, Ate\u015fi \u00c7almak\u2019ta oldu\u011fu gibi yine roman kurgusuyla anlat\u0131yor. Frans\u0131z Devrimi\u2019nde rol oynayan Robespierre, Marat, Danton, St. Just, Camille Desmoulins gibi kahramanlar herkes taraf\u0131ndan biliniyor. Ancak devrimde bazen a\u00e7\u0131ktan, bazen perde arkas\u0131nda ama \u00f6nemli bir rol oynayan kad\u0131nlar ayn\u0131 \u00f6l\u00e7\u00fcde bilinmiyorlar. Serebryakova, devrimde olumlu veya olumsuz rol oynam\u0131\u015f kad\u0131nlar\u0131n en \u00f6nemlilerinin portrelerini \u00e7iziyor. S\u0131rt\u0131nda erkek giysileriyle at\u0131n\u0131 Versailles Saray\u0131\u2019na s\u00fcren \u2018K\u0131z\u0131l Amazon\u2019 Th\u00e9roigne de M\u00e9ricourt, Jirondenlerin giyotinde ba\u015f\u0131 kesilen gizli lideri Madam Rolland, kenar mahalledeki kad\u0131nlar\u0131n \u00f6nderi aktrist Claire Lacombe ve ad\u0131n\u0131 tarihe yazd\u0131rm\u0131\u015f Frans\u0131z Devrimi\u2019nin kad\u0131nlar\u0131\u2026<\/p>\n","protected":false},"excerpt":{"rendered":"<p>T\u00fcrkiyeli okuyucunun be\u015f ciltten olu\u015fan b\u00fcy\u00fck eser Ate\u015fi \u00c7almak roman\u0131yla tan\u0131d\u0131\u011f\u0131 Galina Serebryakova, 1789 Frans\u0131z Devrimi d\u00f6neminin \u00f6ne \u00e7\u0131km\u0131\u015f kad\u0131n kahramanlar\u0131n\u0131, Ate\u015fi \u00c7almak\u2019ta oldu\u011fu gibi yine<span class=\"excerpt-hellip\"> [\u2026]<\/span><\/p>\n","protected":false},"featured_media":0,"template":"","meta":{"_monsterinsights_skip_tracking":false,"_monsterinsights_sitenote_active":false,"_monsterinsights_sitenote_note":"","_monsterinsights_sitenote_category":0},"product_brand":[],"product_cat":[14741,13488],"product_tag":[],"class_list":{"0":"post-718170","1":"product","2":"type-product","3":"status-publish","5":"product_cat-kadin-sorunlari-feminizm","6":"product_cat-toplum-ve-insan","7":"pa_cilt-ciltsiz","8":"pa_tur-kitap","9":"pa_yayinevi-kor-kitap","10":"pa_yazar-galina-serebryakova","12":"first","13":"instock","14":"sale","15":"shipping-taxable","16":"purchasable","17":"product-type-simple"},"_links":{"self":[{"href":"https:\/\/roveyayinevi.com.tr\/index.php\/wp-json\/wp\/v2\/product\/718170","targetHints":{"allow":["GET"]}}],"collection":[{"href":"https:\/\/roveyayinevi.com.tr\/index.php\/wp-json\/wp\/v2\/product"}],"about":[{"href":"https:\/\/roveyayinevi.com.tr\/index.php\/wp-json\/wp\/v2\/types\/product"}],"wp:attachment":[{"href":"https:\/\/roveyayinevi.com.tr\/index.php\/wp-json\/wp\/v2\/media?parent=718170"}],"wp:term":[{"taxonomy":"product_brand","embeddable":true,"href":"https:\/\/roveyayinevi.com.tr\/index.php\/wp-json\/wp\/v2\/product_brand?post=718170"},{"taxonomy":"product_cat","embeddable":true,"href":"https:\/\/roveyayinevi.com.tr\/index.php\/wp-json\/wp\/v2\/product_cat?post=718170"},{"taxonomy":"product_tag","embeddable":true,"href":"https:\/\/roveyayinevi.com.tr\/index.php\/wp-json\/wp\/v2\/product_tag?post=718170"}],"curies":[{"name":"wp","href":"https:\/\/api.w.org\/{rel}","templated":true}]}}