{"id":718169,"date":"2025-08-27T18:04:50","date_gmt":"2025-08-27T15:04:50","guid":{"rendered":"https:\/\/roveyayinevi.com.tr\/index.php\/urun\/yaratici-tur\/"},"modified":"2026-04-16T02:26:20","modified_gmt":"2026-04-15T23:26:20","slug":"yaratici-tur","status":"publish","type":"product","link":"https:\/\/roveyayinevi.com.tr\/index.php\/urun\/yaratici-tur\/","title":{"rendered":"Yarat\u0131c\u0131 T\u00fcr"},"content":{"rendered":"<p>\u201cGer\u00e7ekleri \u00f6\u011frenir, kurguyu \u00fcretiriz. Olan\u0131 kavrar, olabilecekleri d\u00fc\u015fleriz.\u201d \u0130nsan d\u00fcnyan\u0131n yeni versiyonlar\u0131n\u0131 yarat\u0131yor, hem de her g\u00fcn. Yenilik \u00fcretme yetene\u011fimizin canl\u0131lar aras\u0131nda e\u015fi benzeri yok. \u0130nekler koreografi haz\u0131rlam\u0131yor, sincaplar a\u011fa\u00e7 tepelerine ula\u015fmak i\u00e7in asans\u00f6r in\u015fa etmiyor, timsahlar s\u00fcrat motorlar\u0131 tasarlam\u0131yorlar. Bizler ise, binlerce y\u0131l \u00f6nce meydana gelmi\u015f bir evrimsel ince ayar sayesinde, deneyimlerimizi \u00f6z\u00fcmseyip onlardan \u201c\u015f\u00f6yle olsa ne olur\u201dlar t\u00fcretebiliyoruz. \u00dcnl\u00fc n\u00f6robilimci David Eagleman ve besteciAnthonyBrandt \u015fu sorunun pe\u015fine tak\u0131l\u0131yor: \u0130nsanl\u0131\u011f\u0131n yaratma becerisi ve g\u00fcd\u00fcs\u00fcn\u00fcn temelinde yatan \u015fey nedir? Zihnimizdeki yarat\u0131c\u0131 yaz\u0131l\u0131m nas\u0131l \u00e7al\u0131\u015f\u0131yor, ona neden sahibiz ve bizi nereye g\u00f6t\u00fcr\u00fcyor? Yarat\u0131c\u0131 T\u00fcr, Picasso\u2019dan konsept arabalara, \u015femsiyelerden Ay\u2019a seyahate, e\u011fitim sistemimizden ket\u00e7ap \u015fi\u015felerine kadar uzan\u0131p yarat\u0131c\u0131 zihni mercek alt\u0131na alan etkileyici bir yolculuk. N\u00f6robilimdeki en yeni bulgulardan faydalanarak sahip oldu\u011fumuz bu derin, gizemli ve en \u00f6nemli insan becerisinin temel i\u015fleyi\u015fini ilk kez b\u00f6ylesine g\u00f6r\u00fcn\u00fcr k\u0131l\u0131yor ve hepimiz i\u00e7in daha yarat\u0131c\u0131 bir gelece\u011fin kap\u0131lar\u0131n\u0131 aral\u0131yor.  <\/p>\n","protected":false},"excerpt":{"rendered":"<p>\u201cGer\u00e7ekleri \u00f6\u011frenir, kurguyu \u00fcretiriz. Olan\u0131 kavrar, olabilecekleri d\u00fc\u015fleriz.\u201d \u0130nsan d\u00fcnyan\u0131n yeni versiyonlar\u0131n\u0131 yarat\u0131yor, hem de her g\u00fcn. Yenilik \u00fcretme yetene\u011fimizin canl\u0131lar aras\u0131nda e\u015fi benzeri yok. \u0130nekler<span class=\"excerpt-hellip\"> [\u2026]<\/span><\/p>\n","protected":false},"featured_media":0,"template":"","meta":{"_monsterinsights_skip_tracking":false,"_monsterinsights_sitenote_active":false,"_monsterinsights_sitenote_note":"","_monsterinsights_sitenote_category":0},"product_brand":[],"product_cat":[13005,13006],"product_tag":[],"class_list":{"0":"post-718169","1":"product","2":"type-product","3":"status-publish","5":"product_cat-bilim-muhendislik","6":"product_cat-populer-bilim","7":"pa_cilt-ciltsiz","8":"pa_tur-kitap","9":"pa_yayinevi-domingo-yayinevi","10":"pa_yazar-david-eagleman-anthony-brandt","12":"first","13":"instock","14":"sale","15":"shipping-taxable","16":"purchasable","17":"product-type-simple"},"_links":{"self":[{"href":"https:\/\/roveyayinevi.com.tr\/index.php\/wp-json\/wp\/v2\/product\/718169","targetHints":{"allow":["GET"]}}],"collection":[{"href":"https:\/\/roveyayinevi.com.tr\/index.php\/wp-json\/wp\/v2\/product"}],"about":[{"href":"https:\/\/roveyayinevi.com.tr\/index.php\/wp-json\/wp\/v2\/types\/product"}],"wp:attachment":[{"href":"https:\/\/roveyayinevi.com.tr\/index.php\/wp-json\/wp\/v2\/media?parent=718169"}],"wp:term":[{"taxonomy":"product_brand","embeddable":true,"href":"https:\/\/roveyayinevi.com.tr\/index.php\/wp-json\/wp\/v2\/product_brand?post=718169"},{"taxonomy":"product_cat","embeddable":true,"href":"https:\/\/roveyayinevi.com.tr\/index.php\/wp-json\/wp\/v2\/product_cat?post=718169"},{"taxonomy":"product_tag","embeddable":true,"href":"https:\/\/roveyayinevi.com.tr\/index.php\/wp-json\/wp\/v2\/product_tag?post=718169"}],"curies":[{"name":"wp","href":"https:\/\/api.w.org\/{rel}","templated":true}]}}