{"id":718168,"date":"2025-08-27T18:04:50","date_gmt":"2025-08-27T15:04:50","guid":{"rendered":"https:\/\/roveyayinevi.com.tr\/index.php\/urun\/kiyametin-kiyisinda-ciltli\/"},"modified":"2026-04-16T02:26:20","modified_gmt":"2026-04-15T23:26:20","slug":"kiyametin-kiyisinda-ciltli","status":"publish","type":"product","link":"https:\/\/roveyayinevi.com.tr\/index.php\/urun\/kiyametin-kiyisinda-ciltli\/","title":{"rendered":"K\u0131yametin K\u0131y\u0131s\u0131nda (Ciltli)"},"content":{"rendered":"<p>29 Ocak 2035   Kuyrukluy\u0131ld\u0131z\u0131n D\u00fcnya\u2019ya \u00e7arpaca\u011f\u0131 g\u00fcn. Denise, annesi ve ablas\u0131 Iris\u2019le birlikte Amsterdam\u2019daki evlerinin yak\u0131n\u0131nda ge\u00e7ici bir s\u0131\u011f\u0131na\u011fa gidip k\u0131yametten kurtulmay\u0131 bekleyecekti. Fakat Iris ortalarda yoktu ve annesi de uyu\u015fturucudan tamamen u\u00e7mu\u015f durumdayd\u0131. S\u0131\u011f\u0131na\u011fa asla vaktinde ula\u015famayacaklard\u0131. Son anda kar\u015f\u0131lar\u0131na \u00e7\u0131kan bir f\u0131rsat sayesinde, ge\u00e7ici bir s\u0131\u011f\u0131naktan \u00e7ok daha iyi bir se\u00e7enekleri oldu\u011fu ortaya \u00e7\u0131kt\u0131: D\u00fcnya k\u00fcle d\u00f6nd\u00fc\u011f\u00fcnde yeni bir gezegende koloni kurma haz\u0131rl\u0131klar\u0131 yapan bir nesil gemisi. Her yolcunun yararl\u0131 yetenekleri olmas\u0131 gereken bir gemide, otizmli Denise hem kendisine hem de ailesine nas\u0131l yer bulacakt\u0131? \u201cGer\u00e7ek hayattan karakterler, k\u0131yametin ortas\u0131nda bile umut dolu bir macera ve hayata s\u0131ms\u0131k\u0131 tutunan bir bilimkurgu.\u201d Kirkus Reviews, starred review \u201cGerilim dolu, sars\u0131c\u0131 ve g\u00fc\u00e7l\u00fc bir kalemin eseri. Kitab\u0131 kapatt\u0131\u011f\u0131n\u0131zda bile etkisinden uzun s\u00fcre \u00e7\u0131kamayacaks\u0131n\u0131z.\u201d School Library Journal, starred review \u201cDenise\u2019in ya\u015fad\u0131\u011f\u0131 deh\u015fet o kadar ger\u00e7ek ki K\u0131yametin K\u0131y\u0131s\u0131nda bilimkurgu ve gerilim t\u00fcrlerinin s\u0131n\u0131rlar\u0131nda geziyor.\u201d Booklist, starred review \u201cSoluk solu\u011fa okuyaca\u011f\u0131n\u0131z bir apokaliptik gerilim.\u201d Publishers Weekly \u201cO kadar ger\u00e7ek\u00e7i ki insan hayat\u0131n\u0131n de\u011feri ve kimlerin kurtar\u0131lmaya de\u011fece\u011fi \u00fczerine ortaya at\u0131lan sorular\u0131 yutkunmadan cevaplayamayacaks\u0131n\u0131z.\u201d School Library Connection <\/p>\n","protected":false},"excerpt":{"rendered":"<p>29 Ocak 2035 Kuyrukluy\u0131ld\u0131z\u0131n D\u00fcnya\u2019ya \u00e7arpaca\u011f\u0131 g\u00fcn. Denise, annesi ve ablas\u0131 Iris\u2019le birlikte Amsterdam\u2019daki evlerinin yak\u0131n\u0131nda ge\u00e7ici bir s\u0131\u011f\u0131na\u011fa gidip k\u0131yametten kurtulmay\u0131 bekleyecekti. Fakat Iris ortalarda<span class=\"excerpt-hellip\"> [\u2026]<\/span><\/p>\n","protected":false},"featured_media":0,"template":"","meta":{"_monsterinsights_skip_tracking":false,"_monsterinsights_sitenote_active":false,"_monsterinsights_sitenote_note":"","_monsterinsights_sitenote_category":0},"product_brand":[],"product_cat":[12291,14777],"product_tag":[],"class_list":{"0":"post-718168","1":"product","2":"type-product","3":"status-publish","5":"product_cat-edebiyat","6":"product_cat-fantastik","7":"pa_cilt-ciltli","8":"pa_tur-kitap","9":"pa_yayinevi-yabanci-yayinevi","10":"pa_yazar-corinne-duyvis","12":"first","13":"instock","14":"sale","15":"shipping-taxable","16":"purchasable","17":"product-type-simple"},"_links":{"self":[{"href":"https:\/\/roveyayinevi.com.tr\/index.php\/wp-json\/wp\/v2\/product\/718168","targetHints":{"allow":["GET"]}}],"collection":[{"href":"https:\/\/roveyayinevi.com.tr\/index.php\/wp-json\/wp\/v2\/product"}],"about":[{"href":"https:\/\/roveyayinevi.com.tr\/index.php\/wp-json\/wp\/v2\/types\/product"}],"wp:attachment":[{"href":"https:\/\/roveyayinevi.com.tr\/index.php\/wp-json\/wp\/v2\/media?parent=718168"}],"wp:term":[{"taxonomy":"product_brand","embeddable":true,"href":"https:\/\/roveyayinevi.com.tr\/index.php\/wp-json\/wp\/v2\/product_brand?post=718168"},{"taxonomy":"product_cat","embeddable":true,"href":"https:\/\/roveyayinevi.com.tr\/index.php\/wp-json\/wp\/v2\/product_cat?post=718168"},{"taxonomy":"product_tag","embeddable":true,"href":"https:\/\/roveyayinevi.com.tr\/index.php\/wp-json\/wp\/v2\/product_tag?post=718168"}],"curies":[{"name":"wp","href":"https:\/\/api.w.org\/{rel}","templated":true}]}}