{"id":718166,"date":"2025-08-27T18:04:48","date_gmt":"2025-08-27T15:04:48","guid":{"rendered":"https:\/\/roveyayinevi.com.tr\/index.php\/urun\/yonetim-gelenekleri-ve-turkler-1-cilt\/"},"modified":"2026-04-16T02:26:20","modified_gmt":"2026-04-15T23:26:20","slug":"yonetim-gelenekleri-ve-turkler-1-cilt","status":"publish","type":"product","link":"https:\/\/roveyayinevi.com.tr\/index.php\/urun\/yonetim-gelenekleri-ve-turkler-1-cilt\/","title":{"rendered":"Y\u00f6netim Gelenekleri ve T\u00fcrkler 1. Cilt"},"content":{"rendered":"<p>\u201cNe yapmal\u0131y\u0131z?\u201d   Ara\u015ft\u0131rmac\u0131 yazar Metin Aydo\u011fan\u2019\u0131 harekete ge\u00e7iren, i\u015fte bu soru. Elinizde tuttu\u011funuz iki ciltlik bu kitap, uzun y\u0131llar s\u00fcren ara\u015ft\u0131rman\u0131n sonucu olarak \u00fc\u00e7 bu\u00e7uk y\u0131lda yaz\u0131ld\u0131. Dokuz bin kaynak tarand\u0131, bunlardan iki bine yak\u0131n\u0131 dipnot olarak kitaba al\u0131nd\u0131.   Bu kitab\u0131 okuyanlar, \u201cbiz adam olmay\u0131z\u201d, \u201cd\u00fcnya biliminde yerimiz yok\u201d diyerek kendini a\u015fa\u011f\u0131layan yakla\u015f\u0131mlardan art\u0131k etkilenmeyecek, T\u00fcrk olduklar\u0131n\u0131 yar\u0131m a\u011f\u0131z ve k\u0131s\u0131k sesle s\u00f6ylemeyeceklerdir.   K\u00fcresel sald\u0131r\u0131ya kar\u015f\u0131 ulusal k\u00fclt\u00fcr\u00fc korumak i\u00e7in, bilgiyle donanmak ve tarihimizin bilin\u00e7li savunucular\u0131 durumuna gelmek gerekir.   \u201cDe\u011fi\u015fik kaynaklardan bulup \u00e7\u0131kararak kitaba ald\u0131\u011f\u0131m belge ve bilgileri, \u00f6zellikle gen\u00e7ler okumal\u0131, nas\u0131l bir ulusun \u00e7ocuklar\u0131 olduklar\u0131n\u0131 \u00f6\u011frenmelidir.\u201d <\/p>\n","protected":false},"excerpt":{"rendered":"<p>\u201cNe yapmal\u0131y\u0131z?\u201d Ara\u015ft\u0131rmac\u0131 yazar Metin Aydo\u011fan\u2019\u0131 harekete ge\u00e7iren, i\u015fte bu soru. Elinizde tuttu\u011funuz iki ciltlik bu kitap, uzun y\u0131llar s\u00fcren ara\u015ft\u0131rman\u0131n sonucu olarak \u00fc\u00e7 bu\u00e7uk y\u0131lda<span class=\"excerpt-hellip\"> [\u2026]<\/span><\/p>\n","protected":false},"featured_media":0,"template":"","meta":{"_monsterinsights_skip_tracking":false,"_monsterinsights_sitenote_active":false,"_monsterinsights_sitenote_note":"","_monsterinsights_sitenote_category":0},"product_brand":[],"product_cat":[13059,12337],"product_tag":[],"class_list":{"0":"post-718166","1":"product","2":"type-product","3":"status-publish","5":"product_cat-diger-politika-siyaset","6":"product_cat-politika-siyaset","7":"pa_cilt-ciltsiz","8":"pa_tur-kitap","9":"pa_yayinevi-inkilap-kitabevi","10":"pa_yazar-metin-aydogan","12":"first","13":"instock","14":"sale","15":"shipping-taxable","16":"purchasable","17":"product-type-simple"},"_links":{"self":[{"href":"https:\/\/roveyayinevi.com.tr\/index.php\/wp-json\/wp\/v2\/product\/718166","targetHints":{"allow":["GET"]}}],"collection":[{"href":"https:\/\/roveyayinevi.com.tr\/index.php\/wp-json\/wp\/v2\/product"}],"about":[{"href":"https:\/\/roveyayinevi.com.tr\/index.php\/wp-json\/wp\/v2\/types\/product"}],"wp:attachment":[{"href":"https:\/\/roveyayinevi.com.tr\/index.php\/wp-json\/wp\/v2\/media?parent=718166"}],"wp:term":[{"taxonomy":"product_brand","embeddable":true,"href":"https:\/\/roveyayinevi.com.tr\/index.php\/wp-json\/wp\/v2\/product_brand?post=718166"},{"taxonomy":"product_cat","embeddable":true,"href":"https:\/\/roveyayinevi.com.tr\/index.php\/wp-json\/wp\/v2\/product_cat?post=718166"},{"taxonomy":"product_tag","embeddable":true,"href":"https:\/\/roveyayinevi.com.tr\/index.php\/wp-json\/wp\/v2\/product_tag?post=718166"}],"curies":[{"name":"wp","href":"https:\/\/api.w.org\/{rel}","templated":true}]}}