{"id":718164,"date":"2025-08-27T18:04:47","date_gmt":"2025-08-27T15:04:47","guid":{"rendered":"https:\/\/roveyayinevi.com.tr\/index.php\/urun\/noesis-2-anilmayan\/"},"modified":"2026-04-16T02:26:20","modified_gmt":"2026-04-15T23:26:20","slug":"noesis-2-anilmayan","status":"publish","type":"product","link":"https:\/\/roveyayinevi.com.tr\/index.php\/urun\/noesis-2-anilmayan\/","title":{"rendered":"Noesis 2: An\u0131lmayan"},"content":{"rendered":"<p>Konya\u2019n\u0131n Seydi\u015fehir il\u00e7esinde ara\u015ft\u0131rmalar yapmakta olan bir grup deneyimli Frans\u0131z ma\u011farac\u0131 ortada hi\u00e7 iz b\u0131rakmadan kaybolur. Haber duyulur duyulmaz, olay\u0131n do\u011fa\u00fcst\u00fc g\u00fc\u00e7lerle ba\u011flant\u0131l\u0131 oldu\u011funa dair dedikodular ba\u015flar. Ger\u00e7e\u011fi ortaya \u00e7\u0131karmak i\u00e7in NOESIS ekibi g\u00f6revlendirilir. Zeynep aksini d\u00fc\u015f\u00fcnse de Arda, yak\u0131n zamanda ayn\u0131 b\u00f6lgede ger\u00e7ekle\u015fen bir ba\u015fka olay\u0131n ma\u011farac\u0131lar\u0131n kaybolmas\u0131yla ilintili oldu\u011funa inanmaktad\u0131r. \u0130kili, yanlar\u0131na Arda\u2019n\u0131n \u201c\u00f6zel\u201d kuzenini de alarak, galerileri birer labirent gibi birbirine a\u00e7\u0131lan gizemli ma\u011faralarda inan\u0131lmas\u0131 g\u00fc\u00e7 bir maceraya at\u0131l\u0131rlar. Bilimde inanc\u0131n yeri var m\u0131? Hislerimize ne kadar g\u00fcvenmeliyiz? \u0130nsan inan\u0131rsa her \u015feyi ba\u015farabilir mi? Ad\u0131n ne de\u011feri var? Unutulan tanr\u0131lara ne olur? Her gen\u00e7 k\u0131z\u0131n i\u00e7inde bir prenses mi yoksa bir sava\u015f\u00e7\u0131 m\u0131 ya\u015far?.. Belki de b\u00fct\u00fcn bu sorular\u0131n cevaplar\u0131 \u00fclkemizin, d\u00fcnyada e\u015fi benzeri olmayan ma\u011fara sistemlerinde gizlidir. Belki de de\u011fildir. <\/p>\n","protected":false},"excerpt":{"rendered":"<p>Konya\u2019n\u0131n Seydi\u015fehir il\u00e7esinde ara\u015ft\u0131rmalar yapmakta olan bir grup deneyimli Frans\u0131z ma\u011farac\u0131 ortada hi\u00e7 iz b\u0131rakmadan kaybolur. Haber duyulur duyulmaz, olay\u0131n do\u011fa\u00fcst\u00fc g\u00fc\u00e7lerle ba\u011flant\u0131l\u0131 oldu\u011funa dair dedikodular<span class=\"excerpt-hellip\"> [\u2026]<\/span><\/p>\n","protected":false},"featured_media":0,"template":"","meta":{"_monsterinsights_skip_tracking":false,"_monsterinsights_sitenote_active":false,"_monsterinsights_sitenote_note":"","_monsterinsights_sitenote_category":0},"product_brand":[],"product_cat":[12416,12291],"product_tag":[],"class_list":{"0":"post-718164","1":"product","2":"type-product","3":"status-publish","5":"product_cat-cizgi-roman","6":"product_cat-edebiyat","7":"pa_cilt-ciltsiz","8":"pa_tur-kitap","9":"pa_yayinevi-kara-karga-yayinlari","10":"pa_yazar-tolga-hirsova","12":"first","13":"instock","14":"sale","15":"shipping-taxable","16":"purchasable","17":"product-type-simple"},"_links":{"self":[{"href":"https:\/\/roveyayinevi.com.tr\/index.php\/wp-json\/wp\/v2\/product\/718164","targetHints":{"allow":["GET"]}}],"collection":[{"href":"https:\/\/roveyayinevi.com.tr\/index.php\/wp-json\/wp\/v2\/product"}],"about":[{"href":"https:\/\/roveyayinevi.com.tr\/index.php\/wp-json\/wp\/v2\/types\/product"}],"wp:attachment":[{"href":"https:\/\/roveyayinevi.com.tr\/index.php\/wp-json\/wp\/v2\/media?parent=718164"}],"wp:term":[{"taxonomy":"product_brand","embeddable":true,"href":"https:\/\/roveyayinevi.com.tr\/index.php\/wp-json\/wp\/v2\/product_brand?post=718164"},{"taxonomy":"product_cat","embeddable":true,"href":"https:\/\/roveyayinevi.com.tr\/index.php\/wp-json\/wp\/v2\/product_cat?post=718164"},{"taxonomy":"product_tag","embeddable":true,"href":"https:\/\/roveyayinevi.com.tr\/index.php\/wp-json\/wp\/v2\/product_tag?post=718164"}],"curies":[{"name":"wp","href":"https:\/\/api.w.org\/{rel}","templated":true}]}}