{"id":718159,"date":"2025-08-27T18:04:44","date_gmt":"2025-08-27T15:04:44","guid":{"rendered":"https:\/\/roveyayinevi.com.tr\/index.php\/urun\/oluler-evinden-notlar-yeni-beyaz-kapak\/"},"modified":"2026-04-16T02:26:20","modified_gmt":"2026-04-15T23:26:20","slug":"oluler-evinden-notlar-yeni-beyaz-kapak","status":"publish","type":"product","link":"https:\/\/roveyayinevi.com.tr\/index.php\/urun\/oluler-evinden-notlar-yeni-beyaz-kapak\/","title":{"rendered":"\u00d6l\u00fcler Evinden Notlar (Yeni Beyaz Kapak)"},"content":{"rendered":"<p>Dostoyevski ilk \u00f6nemli \u00f6yk\u00fclerini yazd\u0131ktan ve az \u00e7ok tan\u0131n\u0131r olduktan k\u0131sa s\u00fcre sonra, birtak\u0131m siyasi faaliyetlerinden dolay\u0131 \u00e7ar rejimince yarg\u0131lan\u0131p k\u00fcrek cezas\u0131na \u00e7arpt\u0131r\u0131lm\u0131\u015ft\u0131. Bu nedenle yakla\u015f\u0131k on y\u0131l edebiyattan da, edebiyat ortamlar\u0131ndan da uzak kald\u0131. \u00d6l\u00fcler Evinden Notlar, Dostoyevski\u2019nin, cezas\u0131n\u0131 \u00e7ekmek \u00fczere g\u00f6nderildi\u011fi Sibirya\u2019daki kamptan g\u00f6zlemler i\u00e7eriyor. Mahk\u00fbmlar\u0131n hik\u00e2yeleri, ki\u015filikleri, g\u00fcnl\u00fck hayatlar\u0131, korkular\u0131, dostluklar\u0131 ve d\u00fc\u015fmanl\u0131klar\u0131&#8230; Dostoyevski her zamanki g\u00fc\u00e7l\u00fc psikolojik tahlilleri, s\u0131ra d\u0131\u015f\u0131 bak\u0131\u015f a\u00e7\u0131s\u0131 ve \u00e7arp\u0131c\u0131 yorumlar\u0131yla ele al\u0131yor mahk\u00fbmlar\u0131; onlar\u0131 adeta birer g\u00f6zlem odas\u0131na koyuyor ve bir biliminsan\u0131 tavr\u0131yla izliyor. \u00c7arl\u0131k Rusya\u2019s\u0131n\u0131n ger\u00e7ek y\u00fcz\u00fcn\u00fc, ya\u015fad\u0131\u011f\u0131 ve t\u00fcm yurtta\u015flar\u0131na ya\u015fatt\u0131\u011f\u0131 korkun\u00e7 adaletsizli\u011fi aktar\u0131yor. Su\u00e7 nedir, su\u00e7lu kimdir? Bunu ortaya koyacak evrensel hukuk nerede bulunur?\u00d6l\u00fcler Evinden Notlar, Fyodor Dostoyevski i\u00e7in on y\u0131l aradan sonra edebiyat d\u00fcnyas\u0131na g\u00f6rkemli bir d\u00f6n\u00fc\u015f anlam\u0131na geliyordu. Bug\u00fcn\u00fcn okurlar\u0131 i\u00e7inse her \u015feyden \u00f6nce vazge\u00e7ilmez bir klasi\u011fi i\u015faret ediyor.<\/p>\n","protected":false},"excerpt":{"rendered":"<p>Dostoyevski ilk \u00f6nemli \u00f6yk\u00fclerini yazd\u0131ktan ve az \u00e7ok tan\u0131n\u0131r olduktan k\u0131sa s\u00fcre sonra, birtak\u0131m siyasi faaliyetlerinden dolay\u0131 \u00e7ar rejimince yarg\u0131lan\u0131p k\u00fcrek cezas\u0131na \u00e7arpt\u0131r\u0131lm\u0131\u015ft\u0131. Bu nedenle yakla\u015f\u0131k<span class=\"excerpt-hellip\"> [\u2026]<\/span><\/p>\n","protected":false},"featured_media":0,"template":"","meta":{"_monsterinsights_skip_tracking":false,"_monsterinsights_sitenote_active":false,"_monsterinsights_sitenote_note":"","_monsterinsights_sitenote_category":0},"product_brand":[],"product_cat":[12291,13570],"product_tag":[],"class_list":{"0":"post-718159","1":"product","2":"type-product","3":"status-publish","5":"product_cat-edebiyat","6":"product_cat-rus-edebiyati","7":"pa_cilt-ciltsiz","8":"pa_tur-kitap","9":"pa_yayinevi-can-yayinlari","10":"pa_yazar-fyodor-mihaylovic-dostoyevski","12":"first","13":"instock","14":"sale","15":"shipping-taxable","16":"purchasable","17":"product-type-simple"},"_links":{"self":[{"href":"https:\/\/roveyayinevi.com.tr\/index.php\/wp-json\/wp\/v2\/product\/718159","targetHints":{"allow":["GET"]}}],"collection":[{"href":"https:\/\/roveyayinevi.com.tr\/index.php\/wp-json\/wp\/v2\/product"}],"about":[{"href":"https:\/\/roveyayinevi.com.tr\/index.php\/wp-json\/wp\/v2\/types\/product"}],"wp:attachment":[{"href":"https:\/\/roveyayinevi.com.tr\/index.php\/wp-json\/wp\/v2\/media?parent=718159"}],"wp:term":[{"taxonomy":"product_brand","embeddable":true,"href":"https:\/\/roveyayinevi.com.tr\/index.php\/wp-json\/wp\/v2\/product_brand?post=718159"},{"taxonomy":"product_cat","embeddable":true,"href":"https:\/\/roveyayinevi.com.tr\/index.php\/wp-json\/wp\/v2\/product_cat?post=718159"},{"taxonomy":"product_tag","embeddable":true,"href":"https:\/\/roveyayinevi.com.tr\/index.php\/wp-json\/wp\/v2\/product_tag?post=718159"}],"curies":[{"name":"wp","href":"https:\/\/api.w.org\/{rel}","templated":true}]}}