{"id":718156,"date":"2025-08-27T18:04:43","date_gmt":"2025-08-27T15:04:43","guid":{"rendered":"https:\/\/roveyayinevi.com.tr\/index.php\/urun\/psikanaliz-ve-uygulama\/"},"modified":"2026-04-16T02:26:20","modified_gmt":"2026-04-15T23:26:20","slug":"psikanaliz-ve-uygulama","status":"publish","type":"product","link":"https:\/\/roveyayinevi.com.tr\/index.php\/urun\/psikanaliz-ve-uygulama\/","title":{"rendered":"Psikanaliz ve Uygulama"},"content":{"rendered":"<p>K\u00fclt\u00fcrel ve toplumsal sorunlara ili\u015fkin \u00e7\u00f6z\u00fcmlemelerinde cinselli\u011fe \u00e7ok \u00f6nemli bir yer ay\u0131ran Avusturyal\u0131 n\u00f6rolog ve psikiyatr Sigmund Freud, bu kitab\u0131nda k\u00fc\u00e7\u00fck bir \u00e7ocu\u011fun hastal\u0131\u011f\u0131n\u0131 ve iyile\u015fme s\u00fcrecini analiz ediyor.Freud, &#8220;Yeti\u015fkin hastalar\u0131m\u0131zda, y\u0131k\u0131nt\u0131lar\u0131 aras\u0131ndan adeta t\u0131rnaklar\u0131m\u0131zla kaz\u0131yarak ortaya \u00e7\u0131kard\u0131\u011f\u0131m\u0131z ve bilhassa da insan yarad\u0131l\u0131\u015f\u0131n\u0131n bir par\u00e7as\u0131 olarak b\u00fct\u00fcn insanlar\u0131n ortak mal\u0131 oldu\u011funa, sadece nevrotiklerde bir par\u00e7a tahrif edilmi\u015f ve abart\u0131lm\u0131\u015f bir bi\u00e7imde kar\u015f\u0131m\u0131za \u00e7\u0131kt\u0131\u011f\u0131na inand\u0131\u011f\u0131m\u0131z cinsel itki ve dileklerin \u00e7ocuklarda da birinci elden ve ya\u015fam\u0131n b\u00fct\u00fcn tazeli\u011fi i\u00e7inde de g\u00f6zlemlenebilmesinin kesinlikle bir yolu olsa gerektir,&#8221; diyor.Psikanalitik Kuram\u0131n kurucusu Freud,\u00f6\u011frencilerine, \u00e7ocuk hastalar\u0131n\u0131n analizinde cinsel ya\u015famlar\u0131n\u0131 asla yok saymamalar\u0131n\u0131 \u00f6\u011f\u00fctl\u00fcyor ve kilit noktan\u0131n &#8220;\u00e7ocuk cinselli\u011fi&#8221; oldu\u011funu s\u00f6yl\u00fcyor.<\/p>\n","protected":false},"excerpt":{"rendered":"<p>K\u00fclt\u00fcrel ve toplumsal sorunlara ili\u015fkin \u00e7\u00f6z\u00fcmlemelerinde cinselli\u011fe \u00e7ok \u00f6nemli bir yer ay\u0131ran Avusturyal\u0131 n\u00f6rolog ve psikiyatr Sigmund Freud, bu kitab\u0131nda k\u00fc\u00e7\u00fck bir \u00e7ocu\u011fun hastal\u0131\u011f\u0131n\u0131 ve iyile\u015fme<span class=\"excerpt-hellip\"> [\u2026]<\/span><\/p>\n","protected":false},"featured_media":0,"template":"","meta":{"_monsterinsights_skip_tracking":false,"_monsterinsights_sitenote_active":false,"_monsterinsights_sitenote_note":"","_monsterinsights_sitenote_category":0},"product_brand":[],"product_cat":[12755,12357],"product_tag":[],"class_list":{"0":"post-718156","1":"product","2":"type-product","3":"status-publish","5":"product_cat-gelisim-psikolojisi","6":"product_cat-psikoloji","7":"pa_cilt-ciltsiz","8":"pa_tur-kitap","9":"pa_yayinevi-oda-yayinlari","10":"pa_yazar-sigmund-freud","12":"first","13":"instock","14":"sale","15":"shipping-taxable","16":"purchasable","17":"product-type-simple"},"_links":{"self":[{"href":"https:\/\/roveyayinevi.com.tr\/index.php\/wp-json\/wp\/v2\/product\/718156","targetHints":{"allow":["GET"]}}],"collection":[{"href":"https:\/\/roveyayinevi.com.tr\/index.php\/wp-json\/wp\/v2\/product"}],"about":[{"href":"https:\/\/roveyayinevi.com.tr\/index.php\/wp-json\/wp\/v2\/types\/product"}],"wp:attachment":[{"href":"https:\/\/roveyayinevi.com.tr\/index.php\/wp-json\/wp\/v2\/media?parent=718156"}],"wp:term":[{"taxonomy":"product_brand","embeddable":true,"href":"https:\/\/roveyayinevi.com.tr\/index.php\/wp-json\/wp\/v2\/product_brand?post=718156"},{"taxonomy":"product_cat","embeddable":true,"href":"https:\/\/roveyayinevi.com.tr\/index.php\/wp-json\/wp\/v2\/product_cat?post=718156"},{"taxonomy":"product_tag","embeddable":true,"href":"https:\/\/roveyayinevi.com.tr\/index.php\/wp-json\/wp\/v2\/product_tag?post=718156"}],"curies":[{"name":"wp","href":"https:\/\/api.w.org\/{rel}","templated":true}]}}