{"id":718155,"date":"2025-08-27T18:04:42","date_gmt":"2025-08-27T15:04:42","guid":{"rendered":"https:\/\/roveyayinevi.com.tr\/index.php\/urun\/eski-misir-tarihi\/"},"modified":"2026-04-16T02:26:20","modified_gmt":"2026-04-15T23:26:20","slug":"eski-misir-tarihi","status":"publish","type":"product","link":"https:\/\/roveyayinevi.com.tr\/index.php\/urun\/eski-misir-tarihi\/","title":{"rendered":"Eski M\u0131s\u0131r Tarihi"},"content":{"rendered":"<p>Nil Nehri havzas\u0131nda g\u00fcn\u00fcm\u00fcze ula\u015fan ve hayranl\u0131kla izlenen an\u0131tsal eserler,k\u00f6kleri prehistorik \u00e7a\u011flara kadar inen Eski M\u0131s\u0131r medeniyetinin binlerce y\u0131ll\u0131k ser\u00fcveni hakk\u0131nda ilk bak\u0131\u015fta fikir vermektedir.\u0130nsanl\u0131k tarihinin Eski Mezopotamya ile birlikte en erken ba\u015far\u0131 hikayelerinden birini olu\u015fturan Eski M\u0131s\u0131r&#8217;da k\u00fclt\u00fcrel alandaki izleriyle takip edebildi\u011fimiz bu ba\u015far\u0131n\u0131n ortaya konulmas\u0131nda temel itici g\u00fc\u00e7,kendine \u00f6zg\u00fc siyasal yap\u0131d\u0131r.M.\u00d6.3.biny\u0131l\u0131n ba\u015flar\u0131ndan itibaren Helenistik \u00c7a\u011f&#8217;a kadar M\u0131s\u0131r&#8217;\u0131n kendi i\u00e7indeki dinamikler ve d\u0131\u015fardan gelen etkilerle geli\u015ferek,kimi zaman kazan\u0131mlar\u0131n\u0131n gerisine d\u00fc\u015ferek devam eden Eski M\u0131s\u0131r medeniyeti,genel bir bak\u0131\u015f a\u00e7\u0131s\u0131yla \u00f6zg\u00fcn yap\u0131s\u0131n\u0131 bu s\u00fcre\u00e7te korumay\u0131 ba\u015farm\u0131\u015ft\u0131r.<\/p>\n","protected":false},"excerpt":{"rendered":"<p>Nil Nehri havzas\u0131nda g\u00fcn\u00fcm\u00fcze ula\u015fan ve hayranl\u0131kla izlenen an\u0131tsal eserler,k\u00f6kleri prehistorik \u00e7a\u011flara kadar inen Eski M\u0131s\u0131r medeniyetinin binlerce y\u0131ll\u0131k ser\u00fcveni hakk\u0131nda ilk bak\u0131\u015fta fikir vermektedir.\u0130nsanl\u0131k tarihinin<span class=\"excerpt-hellip\"> [\u2026]<\/span><\/p>\n","protected":false},"featured_media":0,"template":"","meta":{"_monsterinsights_skip_tracking":false,"_monsterinsights_sitenote_active":false,"_monsterinsights_sitenote_note":"","_monsterinsights_sitenote_category":0},"product_brand":[],"product_cat":[12370,12304],"product_tag":[],"class_list":{"0":"post-718155","1":"product","2":"type-product","3":"status-publish","5":"product_cat-arastirma-inceleme","6":"product_cat-tarih","7":"pa_cilt-ciltsiz","8":"pa_tur-kitap","9":"pa_yayinevi-bilgin-kultur-sanat","10":"pa_yazar-turgut-yigit","12":"first","13":"instock","14":"sale","15":"shipping-taxable","16":"purchasable","17":"product-type-simple"},"_links":{"self":[{"href":"https:\/\/roveyayinevi.com.tr\/index.php\/wp-json\/wp\/v2\/product\/718155","targetHints":{"allow":["GET"]}}],"collection":[{"href":"https:\/\/roveyayinevi.com.tr\/index.php\/wp-json\/wp\/v2\/product"}],"about":[{"href":"https:\/\/roveyayinevi.com.tr\/index.php\/wp-json\/wp\/v2\/types\/product"}],"wp:attachment":[{"href":"https:\/\/roveyayinevi.com.tr\/index.php\/wp-json\/wp\/v2\/media?parent=718155"}],"wp:term":[{"taxonomy":"product_brand","embeddable":true,"href":"https:\/\/roveyayinevi.com.tr\/index.php\/wp-json\/wp\/v2\/product_brand?post=718155"},{"taxonomy":"product_cat","embeddable":true,"href":"https:\/\/roveyayinevi.com.tr\/index.php\/wp-json\/wp\/v2\/product_cat?post=718155"},{"taxonomy":"product_tag","embeddable":true,"href":"https:\/\/roveyayinevi.com.tr\/index.php\/wp-json\/wp\/v2\/product_tag?post=718155"}],"curies":[{"name":"wp","href":"https:\/\/api.w.org\/{rel}","templated":true}]}}