{"id":718154,"date":"2025-08-27T18:04:41","date_gmt":"2025-08-27T15:04:41","guid":{"rendered":"https:\/\/roveyayinevi.com.tr\/index.php\/urun\/duino-agitlari\/"},"modified":"2026-04-16T02:26:20","modified_gmt":"2026-04-15T23:26:20","slug":"duino-agitlari","status":"publish","type":"product","link":"https:\/\/roveyayinevi.com.tr\/index.php\/urun\/duino-agitlari\/","title":{"rendered":"Duino A\u011f\u0131tlar\u0131"},"content":{"rendered":"<p>Alman dilinin 20. yu\u0308zy\u0131ldaki en \u00f6nemli yarat\u0131c\u0131lar\u0131ndan olan Rilke\u2019ninbu\u0308yu\u0308k \u015fiir kal\u0131t\u0131n\u0131n en g\u00f6zde par\u00e7as\u0131n\u0131 hi\u00e7 ku\u015fku yok ki u\u0308nlu\u0308 Duino A\u011f\u0131tlar\u0131 olu\u015fturur. A\u011f\u0131tlar; insan varl\u0131\u011f\u0131n\u0131n, ki\u015fi varolu\u015funun, katlan\u0131lmas\u0131 imk\u00e2ns\u0131z g\u00f6ru\u0308nen var olman\u0131n \u00e7ok katmanl\u0131 belirsizliklerini ve umut etmekten vazge\u00e7meyen \u00e7aresizli\u011fini, \u00e7a\u011f\u0131m\u0131za \u00f6zgu\u0308 karma\u015f\u0131k bir tragedya \u00f6rgu\u0308su\u0308 i\u00e7inde \u201cdinleyi\u015fimize\u201d sunar. \u0130nsan etkinli\u011fini \u201cge\u00e7icilik\u201dten kurtararak \u201canlaml\u0131\u201d k\u0131lacak biricik ara\u00e7 olan \u201cs\u00f6z\u201du\u0308nmu\u0308zi\u011fini yine \u00e7\u0131plak s\u00f6z ile dokuyan, yarat\u0131c\u0131s\u0131n\u0131n kendi ya\u015fam\u0131n\u0131 oldu\u011fu kadar tu\u0308m insan varl\u0131\u011f\u0131n\u0131n ya\u015fam\u0131n\u0131 da \u015fiir k\u0131lma arzusunun ola\u011fanu\u0308stu\u0308 ifadesi olan \u015fiirler. Rilke\u2019nin kendi yorumuyla \u201cdevasa beyaz brandadan bir yelken.\u201d<\/p>\n","protected":false},"excerpt":{"rendered":"<p>Alman dilinin 20. yu\u0308zy\u0131ldaki en \u00f6nemli yarat\u0131c\u0131lar\u0131ndan olan Rilke\u2019ninbu\u0308yu\u0308k \u015fiir kal\u0131t\u0131n\u0131n en g\u00f6zde par\u00e7as\u0131n\u0131 hi\u00e7 ku\u015fku yok ki u\u0308nlu\u0308 Duino A\u011f\u0131tlar\u0131 olu\u015fturur. A\u011f\u0131tlar; insan varl\u0131\u011f\u0131n\u0131n, ki\u015fi<span class=\"excerpt-hellip\"> [\u2026]<\/span><\/p>\n","protected":false},"featured_media":0,"template":"","meta":{"_monsterinsights_skip_tracking":false,"_monsterinsights_sitenote_active":false,"_monsterinsights_sitenote_note":"","_monsterinsights_sitenote_category":0},"product_brand":[],"product_cat":[12291,12509],"product_tag":[],"class_list":{"0":"post-718154","1":"product","2":"type-product","3":"status-publish","5":"product_cat-edebiyat","6":"product_cat-siir","7":"pa_cilt-ciltsiz","8":"pa_tur-kitap","9":"pa_yayinevi-ayrinti-yayinlari","10":"pa_yazar-rainer-maria-rilke","12":"first","13":"instock","14":"sale","15":"shipping-taxable","16":"purchasable","17":"product-type-simple"},"_links":{"self":[{"href":"https:\/\/roveyayinevi.com.tr\/index.php\/wp-json\/wp\/v2\/product\/718154","targetHints":{"allow":["GET"]}}],"collection":[{"href":"https:\/\/roveyayinevi.com.tr\/index.php\/wp-json\/wp\/v2\/product"}],"about":[{"href":"https:\/\/roveyayinevi.com.tr\/index.php\/wp-json\/wp\/v2\/types\/product"}],"wp:attachment":[{"href":"https:\/\/roveyayinevi.com.tr\/index.php\/wp-json\/wp\/v2\/media?parent=718154"}],"wp:term":[{"taxonomy":"product_brand","embeddable":true,"href":"https:\/\/roveyayinevi.com.tr\/index.php\/wp-json\/wp\/v2\/product_brand?post=718154"},{"taxonomy":"product_cat","embeddable":true,"href":"https:\/\/roveyayinevi.com.tr\/index.php\/wp-json\/wp\/v2\/product_cat?post=718154"},{"taxonomy":"product_tag","embeddable":true,"href":"https:\/\/roveyayinevi.com.tr\/index.php\/wp-json\/wp\/v2\/product_tag?post=718154"}],"curies":[{"name":"wp","href":"https:\/\/api.w.org\/{rel}","templated":true}]}}