{"id":718152,"date":"2025-08-27T18:04:40","date_gmt":"2025-08-27T15:04:40","guid":{"rendered":"https:\/\/roveyayinevi.com.tr\/index.php\/urun\/fahrenheit-451-cizgi-roman-uyarlamasi\/"},"modified":"2026-04-16T02:26:20","modified_gmt":"2026-04-15T23:26:20","slug":"fahrenheit-451-cizgi-roman-uyarlamasi","status":"publish","type":"product","link":"https:\/\/roveyayinevi.com.tr\/index.php\/urun\/fahrenheit-451-cizgi-roman-uyarlamasi\/","title":{"rendered":"Fahrenheit 451 (\u00c7izgi Roman Uyarlamas\u0131)"},"content":{"rendered":"<p>Ray Bradbury\u2019nin 1953\u2019te kaleme ald\u0131\u011f\u0131 Fahrenheit 451 \u015f\u00fcphesiz en unutulmaz distopyalardan biri. Tim Hamilton, Bradbury\u2019nin tam deste\u011fiyle bu deh\u015fet verici \u015faheseri g\u00f6rkemli bir \u00e7izgi romana d\u00f6n\u00fc\u015ft\u00fcr\u00fcyor. Hamilton, devletin d\u00fc\u015f\u00fcnce \u00f6zg\u00fcrl\u00fc\u011f\u00fc \u00fczerindeki bask\u0131s\u0131 kar\u015f\u0131s\u0131nda Montag\u2019\u0131n felsefe ve edebiyat sayesinde ya\u015fad\u0131\u011f\u0131 uyan\u0131\u015f\u0131 etkileyici bir bi\u00e7imde yans\u0131t\u0131yor. Bradbury\u2019nin \u00f6ns\u00f6z\u00fcyle ba\u015flayan bu s\u0131rad\u0131\u015f\u0131 \u00e7al\u0131\u015fma, Fahrenheit 451\u2019in kudretini t\u00fcm ihti\u015fam\u0131yla g\u00f6rselle\u015ftiriyor. \u201cPazartesi Millay\u2019yi yak, \u00e7ar\u015fambalar\u0131 Whitman\u2019\u0131, cumalar\u0131 Faulkner\u2019\u0131. Yak\u0131p k\u00fcl et, sonra k\u00fclleri de yak.\u201dKeroseni parf\u00fcm belleyen itfaiyeci GuyMontag gibiler i\u00e7in yaln\u0131zca bir slogan de\u011fildi bu. L\u00fczumlu bir g\u00f6rev, esasl\u0131 bir hayat g\u00f6r\u00fc\u015f\u00fcyd\u00fc. D\u00fc\u015f\u00fcnmenin tehlikeli, kitaplar\u0131n yasak oldu\u011fu, her \u00e2n\u0131 izlenip kay\u0131t alt\u0131na al\u0131nan bu d\u00fcnyada ya\u015fam\u0131n\u0131 s\u00fcrd\u00fcrmenin bir yoluydu. Hayatta kalmak \u00f6nemliydi ku\u015fkusuz, ama insan sadece bununla yetinebilir miydi?<\/p>\n","protected":false},"excerpt":{"rendered":"<p>Ray Bradbury\u2019nin 1953\u2019te kaleme ald\u0131\u011f\u0131 Fahrenheit 451 \u015f\u00fcphesiz en unutulmaz distopyalardan biri. Tim Hamilton, Bradbury\u2019nin tam deste\u011fiyle bu deh\u015fet verici \u015faheseri g\u00f6rkemli bir \u00e7izgi romana d\u00f6n\u00fc\u015ft\u00fcr\u00fcyor.<span class=\"excerpt-hellip\"> [\u2026]<\/span><\/p>\n","protected":false},"featured_media":0,"template":"","meta":{"_monsterinsights_skip_tracking":false,"_monsterinsights_sitenote_active":false,"_monsterinsights_sitenote_note":"","_monsterinsights_sitenote_category":0},"product_brand":[],"product_cat":[12416,12291],"product_tag":[],"class_list":{"0":"post-718152","1":"product","2":"type-product","3":"status-publish","5":"product_cat-cizgi-roman","6":"product_cat-edebiyat","7":"pa_cilt-ciltsiz","8":"pa_tur-kitap","9":"pa_yayinevi-epsilon-yayinlari","10":"pa_yazar-ray-bradburry-tim-hamilton","12":"first","13":"instock","14":"sale","15":"shipping-taxable","16":"purchasable","17":"product-type-simple"},"_links":{"self":[{"href":"https:\/\/roveyayinevi.com.tr\/index.php\/wp-json\/wp\/v2\/product\/718152","targetHints":{"allow":["GET"]}}],"collection":[{"href":"https:\/\/roveyayinevi.com.tr\/index.php\/wp-json\/wp\/v2\/product"}],"about":[{"href":"https:\/\/roveyayinevi.com.tr\/index.php\/wp-json\/wp\/v2\/types\/product"}],"wp:attachment":[{"href":"https:\/\/roveyayinevi.com.tr\/index.php\/wp-json\/wp\/v2\/media?parent=718152"}],"wp:term":[{"taxonomy":"product_brand","embeddable":true,"href":"https:\/\/roveyayinevi.com.tr\/index.php\/wp-json\/wp\/v2\/product_brand?post=718152"},{"taxonomy":"product_cat","embeddable":true,"href":"https:\/\/roveyayinevi.com.tr\/index.php\/wp-json\/wp\/v2\/product_cat?post=718152"},{"taxonomy":"product_tag","embeddable":true,"href":"https:\/\/roveyayinevi.com.tr\/index.php\/wp-json\/wp\/v2\/product_tag?post=718152"}],"curies":[{"name":"wp","href":"https:\/\/api.w.org\/{rel}","templated":true}]}}