{"id":718150,"date":"2025-08-27T18:04:39","date_gmt":"2025-08-27T15:04:39","guid":{"rendered":"https:\/\/roveyayinevi.com.tr\/index.php\/urun\/hz-muhammed-2\/"},"modified":"2026-04-16T02:26:20","modified_gmt":"2026-04-15T23:26:20","slug":"hz-muhammed-2","status":"publish","type":"product","link":"https:\/\/roveyayinevi.com.tr\/index.php\/urun\/hz-muhammed-2\/","title":{"rendered":"Hz. Muhammed"},"content":{"rendered":"<p>Hz. Muhammed\u2019in Medeniyet Devrimi, bu kitapta bir iman konusu olarak de\u011fil, tarih konusu olarak inceleniyor. Ger\u00e7eklik, her imana g\u00f6re farkl\u0131 farkl\u0131 de\u011fildir, evrenseldir. Hz. Muhammed, \u201cBilim \u00c7in\u2019de bile olsa gidip bulunuz\u201d derken, asl\u0131nda arad\u0131\u011f\u0131 bilimin iman olmad\u0131\u011f\u0131n\u0131 da s\u00f6ylemi\u015f oluyor. O\u2019nun B\u00fcy\u00fck Medeniyet Devrimcili\u011fini, Goethe\u2019den Marx\u2019a kadar insanl\u0131\u011f\u0131n b\u00fct\u00fcn hakikat \u00e7evreleri selamlam\u0131\u015ft\u0131r. Hz. Muhammed\u2019i ar\u0131yorsan\u0131z, kendisini b\u00fct\u00fcn insanl\u0131\u011fa kabul ettirdi\u011fi yerde bulabilirsiniz. \u0130\u015fte elinizdeki kitap, evrensel ve bilimsel olan Hz. Muhammed\u2019i g\u00fcndeme getiriyor.Bu kitapta ileri s\u00fcr\u00fclen g\u00f6r\u00fc\u015fler, hakikat a\u015fk\u0131yla saptanm\u0131\u015ft\u0131r. Hakikat a\u015fk\u0131, her zaman vicdan ve cesaretister. Hz. Muhammed\u2019in elindeki k\u0131l\u0131\u00e7, O\u2019nu di\u011fer peygamberlerden \u00fcst\u00fcn k\u0131lm\u0131\u015ft\u0131r. \u00c7\u00fcnk\u00fc b\u00fct\u00fcn medeniyetler, k\u0131l\u0131\u00e7la kurulmu\u015ftur.Okuyucular\u0131m\u0131za \u00f6nerimiz, bu kitab\u0131 hakikat \u0131\u015f\u0131\u011f\u0131nda de\u011ferlendirmeleridir.Do\u011fu Perin\u00e7ek, Medeniyet Devrimcisi Hz. Muhammed\u2019ia\u015fa\u011f\u0131daki ba\u015fl\u0131klarla inceliyor:Din ve MedeniyetHz. Muhammed\u2019in Medeniyet DevrimiSilahl\u0131 PeygamberT\u00fcrklerin \u0130slamiyete Ge\u00e7i\u015fiAtat\u00fcrk ve Hz. MuhammedMedeniyet Kuruculu\u011fundan Medeniyet K\u00f6stek\u00e7ili\u011fine\u0130slam\u0131n Tarihselli\u011fi<\/p>\n","protected":false},"excerpt":{"rendered":"<p>Hz. Muhammed\u2019in Medeniyet Devrimi, bu kitapta bir iman konusu olarak de\u011fil, tarih konusu olarak inceleniyor. Ger\u00e7eklik, her imana g\u00f6re farkl\u0131 farkl\u0131 de\u011fildir, evrenseldir. Hz. Muhammed, \u201cBilim<span class=\"excerpt-hellip\"> [\u2026]<\/span><\/p>\n","protected":false},"featured_media":0,"template":"","meta":{"_monsterinsights_skip_tracking":false,"_monsterinsights_sitenote_active":false,"_monsterinsights_sitenote_note":"","_monsterinsights_sitenote_category":0},"product_brand":[],"product_cat":[13036,12718,12719],"product_tag":[],"class_list":{"0":"post-718150","1":"product","2":"type-product","3":"status-publish","5":"product_cat-arastirma-inceleme-islam","6":"product_cat-din","7":"product_cat-islam","8":"pa_cilt-ciltsiz","9":"pa_tur-kitap","10":"pa_yayinevi-kaynak-yayinlari","11":"pa_yazar-dogu-perincek","13":"first","14":"instock","15":"sale","16":"shipping-taxable","17":"purchasable","18":"product-type-simple"},"_links":{"self":[{"href":"https:\/\/roveyayinevi.com.tr\/index.php\/wp-json\/wp\/v2\/product\/718150","targetHints":{"allow":["GET"]}}],"collection":[{"href":"https:\/\/roveyayinevi.com.tr\/index.php\/wp-json\/wp\/v2\/product"}],"about":[{"href":"https:\/\/roveyayinevi.com.tr\/index.php\/wp-json\/wp\/v2\/types\/product"}],"wp:attachment":[{"href":"https:\/\/roveyayinevi.com.tr\/index.php\/wp-json\/wp\/v2\/media?parent=718150"}],"wp:term":[{"taxonomy":"product_brand","embeddable":true,"href":"https:\/\/roveyayinevi.com.tr\/index.php\/wp-json\/wp\/v2\/product_brand?post=718150"},{"taxonomy":"product_cat","embeddable":true,"href":"https:\/\/roveyayinevi.com.tr\/index.php\/wp-json\/wp\/v2\/product_cat?post=718150"},{"taxonomy":"product_tag","embeddable":true,"href":"https:\/\/roveyayinevi.com.tr\/index.php\/wp-json\/wp\/v2\/product_tag?post=718150"}],"curies":[{"name":"wp","href":"https:\/\/api.w.org\/{rel}","templated":true}]}}