{"id":718148,"date":"2025-08-27T18:04:38","date_gmt":"2025-08-27T15:04:38","guid":{"rendered":"https:\/\/roveyayinevi.com.tr\/index.php\/urun\/40\/"},"modified":"2026-04-16T02:26:20","modified_gmt":"2026-04-15T23:26:20","slug":"40","status":"publish","type":"product","link":"https:\/\/roveyayinevi.com.tr\/index.php\/urun\/40\/","title":{"rendered":"40"},"content":{"rendered":"<p>\u201cHani bir i\u015fe girersin, y\u0131llarca kendini paralars\u0131n  ve art\u0131k terfi etmen gerekti\u011fini d\u00fc\u015f\u00fcnd\u00fc\u011f\u00fcn o an  insan kaynaklar\u0131 y\u00f6neticisiyle bir odada kariyerinin  geri kalan\u0131n\u0131 konu\u015furken bulursun kendini. \u0130\u015fte 40 o odad\u0131r!  40 odas\u0131nda oturur kar\u015f\u0131na hayat, o g\u00fcne kadar yapt\u0131\u011f\u0131n do\u011frular\u0131, yanl\u0131\u015flar\u0131 tek tek \u00f6n\u00fcne koyar. Laf\u0131n\u0131 s\u00f6yler ve seni o odada seninle ba\u015f ba\u015fa b\u0131rak\u0131r. Kariyerinin bundan sonras\u0131 ya hayal k\u0131r\u0131kl\u0131\u011f\u0131d\u0131r ya da sevin\u00e7 \u00e7\u0131\u011fl\u0131\u011f\u0131. Ama son tahlilde  o odaya girene kadar yapt\u0131klar\u0131n\u0131n toplam\u0131d\u0131r kazanc\u0131n  ya da \u00f6deyece\u011fin ac\u0131 bedel.\u201d   &#8220;Bazen bir kap\u0131 kapan\u0131rken \u00f6yle bir kap\u0131 a\u00e7\u0131l\u0131r ki  hayat\u0131n\u0131z de\u011fi\u015fir! O y\u00fczden kapanan kap\u0131lar\u0131n ard\u0131ndan umutsuzca bakmaktan vazge\u00e7in!\u201d \u201cYaln\u0131zl\u0131k etraf\u0131nda, hatta hayat\u0131n\u0131n i\u00e7inde var oldu\u011funu sand\u0131\u011f\u0131n insan say\u0131s\u0131yla alakal\u0131 bir \u015fey de\u011filmi\u015f&#8230;  As\u0131l ve en b\u00fcy\u00fck yaln\u0131zl\u0131k sana kendini yaln\u0131z  hissettiren insanlarla olmakm\u0131\u015f.\u201d <\/p>\n","protected":false},"excerpt":{"rendered":"<p>\u201cHani bir i\u015fe girersin, y\u0131llarca kendini paralars\u0131n ve art\u0131k terfi etmen gerekti\u011fini d\u00fc\u015f\u00fcnd\u00fc\u011f\u00fcn o an insan kaynaklar\u0131 y\u00f6neticisiyle bir odada kariyerinin geri kalan\u0131n\u0131 konu\u015furken bulursun kendini.<span class=\"excerpt-hellip\"> [\u2026]<\/span><\/p>\n","protected":false},"featured_media":0,"template":"","meta":{"_monsterinsights_skip_tracking":false,"_monsterinsights_sitenote_active":false,"_monsterinsights_sitenote_note":"","_monsterinsights_sitenote_category":0},"product_brand":[],"product_cat":[12291,12292],"product_tag":[],"class_list":{"0":"post-718148","1":"product","2":"type-product","3":"status-publish","5":"product_cat-edebiyat","6":"product_cat-turk-edebiyati","7":"pa_cilt-ciltsiz","8":"pa_tur-kitap","9":"pa_yayinevi-inkilap-kitabevi","10":"pa_yazar-candas-tolga-isik","12":"first","13":"instock","14":"sale","15":"shipping-taxable","16":"purchasable","17":"product-type-simple"},"_links":{"self":[{"href":"https:\/\/roveyayinevi.com.tr\/index.php\/wp-json\/wp\/v2\/product\/718148","targetHints":{"allow":["GET"]}}],"collection":[{"href":"https:\/\/roveyayinevi.com.tr\/index.php\/wp-json\/wp\/v2\/product"}],"about":[{"href":"https:\/\/roveyayinevi.com.tr\/index.php\/wp-json\/wp\/v2\/types\/product"}],"wp:attachment":[{"href":"https:\/\/roveyayinevi.com.tr\/index.php\/wp-json\/wp\/v2\/media?parent=718148"}],"wp:term":[{"taxonomy":"product_brand","embeddable":true,"href":"https:\/\/roveyayinevi.com.tr\/index.php\/wp-json\/wp\/v2\/product_brand?post=718148"},{"taxonomy":"product_cat","embeddable":true,"href":"https:\/\/roveyayinevi.com.tr\/index.php\/wp-json\/wp\/v2\/product_cat?post=718148"},{"taxonomy":"product_tag","embeddable":true,"href":"https:\/\/roveyayinevi.com.tr\/index.php\/wp-json\/wp\/v2\/product_tag?post=718148"}],"curies":[{"name":"wp","href":"https:\/\/api.w.org\/{rel}","templated":true}]}}