{"id":718146,"date":"2025-08-27T18:04:36","date_gmt":"2025-08-27T15:04:36","guid":{"rendered":"https:\/\/roveyayinevi.com.tr\/index.php\/urun\/malte-laurids-briggenin-notlari\/"},"modified":"2026-03-27T02:36:10","modified_gmt":"2026-03-26T23:36:10","slug":"malte-laurids-briggenin-notlari","status":"publish","type":"product","link":"https:\/\/roveyayinevi.com.tr\/index.php\/urun\/malte-laurids-briggenin-notlari\/","title":{"rendered":"Malte Laurids Brigge&#8217;nin Notlar\u0131"},"content":{"rendered":"<p>Modern edebiyat\u0131 derinden etkileyen Rainer Maria Rilke\u2019nin tek roman\u0131 olan Malte Laurids Brigge\u2019nin Notlar\u0131, yazar\u0131n 1902-1903 y\u0131llar\u0131 aras\u0131nda ya\u015fad\u0131\u011f\u0131 Paris\u2019e dair g\u00f6zlemlerinden esinlenir.Rilke\u2019nin g\u00fcnce bi\u00e7iminde kurgulad\u0131\u011f\u0131 bu ba\u015fyap\u0131t, bir yan\u0131yla yazar\u0131n Paris an\u0131lar\u0131n\u0131 canland\u0131ran otobiyografik bir roman olma \u00f6zelli\u011fi ta\u015f\u0131rken di\u011fer yandan XX. y\u00fczy\u0131l ba\u015f\u0131nda b\u00fcy\u00fck kentlerde ya\u015fanan \u0131\u015f\u0131lt\u0131l\u0131 sanayile\u015fme s\u00fcrecinin, insanlar\u0131n hayatlar\u0131nda yaratt\u0131\u011f\u0131 karanl\u0131k etkileri vurgular.,Bir\u00e7oklar\u0131nca varolu\u015f\u00e7u edebiyat\u0131n ilk parlak \u00f6rne\u011fi olarak kabul edilen bu eserde Rilke\u2019nin b\u00fct\u00fcn ana temalar\u0131n\u0131; a\u015fk\u0131, \u00f6l\u00fcm\u00fc, \u00e7ocukluk korkular\u0131n\u0131, kad\u0131n\u0131n tanr\u0131la\u015ft\u0131r\u0131lmas\u0131n\u0131 ve bir \u201cg\u00f6n\u00fcl meselesi\u201d olarak ele ald\u0131\u011f\u0131 \u201ctanr\u0131\u201d d\u00fc\u015f\u00fcncesini g\u00f6rmek m\u00fcmk\u00fcnd\u00fcr.<\/p>\n","protected":false},"excerpt":{"rendered":"<p>Modern edebiyat\u0131 derinden etkileyen Rainer Maria Rilke\u2019nin tek roman\u0131 olan Malte Laurids Brigge\u2019nin Notlar\u0131, yazar\u0131n 1902-1903 y\u0131llar\u0131 aras\u0131nda ya\u015fad\u0131\u011f\u0131 Paris\u2019e dair g\u00f6zlemlerinden esinlenir.Rilke\u2019nin g\u00fcnce bi\u00e7iminde kurgulad\u0131\u011f\u0131<span class=\"excerpt-hellip\"> [\u2026]<\/span><\/p>\n","protected":false},"featured_media":0,"template":"","meta":{"_monsterinsights_skip_tracking":false,"_monsterinsights_sitenote_active":false,"_monsterinsights_sitenote_note":"","_monsterinsights_sitenote_category":0},"product_brand":[],"product_cat":[12291,12711],"product_tag":[],"class_list":{"0":"post-718146","1":"product","2":"type-product","3":"status-publish","5":"product_cat-edebiyat","6":"product_cat-roman-oyku","7":"pa_cilt-ciltsiz","8":"pa_tur-kitap","9":"pa_yayinevi-can-yayinlari","10":"pa_yazar-rainer-maria-rilke","12":"first","13":"instock","14":"sale","15":"shipping-taxable","16":"purchasable","17":"product-type-simple"},"_links":{"self":[{"href":"https:\/\/roveyayinevi.com.tr\/index.php\/wp-json\/wp\/v2\/product\/718146","targetHints":{"allow":["GET"]}}],"collection":[{"href":"https:\/\/roveyayinevi.com.tr\/index.php\/wp-json\/wp\/v2\/product"}],"about":[{"href":"https:\/\/roveyayinevi.com.tr\/index.php\/wp-json\/wp\/v2\/types\/product"}],"wp:attachment":[{"href":"https:\/\/roveyayinevi.com.tr\/index.php\/wp-json\/wp\/v2\/media?parent=718146"}],"wp:term":[{"taxonomy":"product_brand","embeddable":true,"href":"https:\/\/roveyayinevi.com.tr\/index.php\/wp-json\/wp\/v2\/product_brand?post=718146"},{"taxonomy":"product_cat","embeddable":true,"href":"https:\/\/roveyayinevi.com.tr\/index.php\/wp-json\/wp\/v2\/product_cat?post=718146"},{"taxonomy":"product_tag","embeddable":true,"href":"https:\/\/roveyayinevi.com.tr\/index.php\/wp-json\/wp\/v2\/product_tag?post=718146"}],"curies":[{"name":"wp","href":"https:\/\/api.w.org\/{rel}","templated":true}]}}