{"id":718144,"date":"2025-08-27T18:04:35","date_gmt":"2025-08-27T15:04:35","guid":{"rendered":"https:\/\/roveyayinevi.com.tr\/index.php\/urun\/mucize-annelik-okulu\/"},"modified":"2025-11-21T05:19:26","modified_gmt":"2025-11-21T02:19:26","slug":"mucize-annelik-okulu","status":"publish","type":"product","link":"https:\/\/roveyayinevi.com.tr\/index.php\/urun\/mucize-annelik-okulu\/","title":{"rendered":"Mucize Annelik Okulu"},"content":{"rendered":"<p>\u0130yi anne olmak isteyenlere tavsiyeler! Dostlar\u0131m bana sordu, niye &#8216;mucize annelik&#8217; diye&#8230; Dedim ki &#8216;evet annelik mucizedir&#8217;, Allah&#8217;\u0131n mucizesi! Bizlere, annelere d\u00fc\u015fense bu ilahi tevecc\u00fch\u00fc, bu emaneti hakk\u0131yla ta\u015f\u0131mak. Ben y\u0131llard\u0131r ayn\u0131 soru \u00fczerine kafa patlat\u0131yorum: &#8216;Nas\u0131l iyi anne olunur? Bunun form\u00fcl\u00fc nedir?&#8217; \u0130\u015fte bu kitab\u0131n sayfalar\u0131na s\u00fcz\u00fclenler bu \u00e7abalar\u0131n sonucudur. Hem anne olarak deneyimlediklerimin hem de konu \u00fczerinde yapt\u0131\u011f\u0131m okuma ve \u00e7al\u0131\u015fmalar\u0131n \u00f6zet form\u00fcl\u00fcd\u00fcr! Kuran-\u0131 Kerim&#8217;in, Peygamber Efendimizin s\u00fcnnetinin ve pedagojik \u00f6\u011fretilerin bu topraklara uygun olan k\u0131s\u0131mlar\u0131n\u0131n sentezidir. Ve dahi kimi zaman b\u00fcy\u00fcklerimizin bilgelikle dolu s\u00f6zlerini dinlemektir. <\/p>\n","protected":false},"excerpt":{"rendered":"<p>\u0130yi anne olmak isteyenlere tavsiyeler! Dostlar\u0131m bana sordu, niye &#8216;mucize annelik&#8217; diye&#8230; Dedim ki &#8216;evet annelik mucizedir&#8217;, Allah&#8217;\u0131n mucizesi! Bizlere, annelere d\u00fc\u015fense bu ilahi tevecc\u00fch\u00fc, bu<span class=\"excerpt-hellip\"> [\u2026]<\/span><\/p>\n","protected":false},"featured_media":0,"template":"","meta":{"_monsterinsights_skip_tracking":false,"_monsterinsights_sitenote_active":false,"_monsterinsights_sitenote_note":"","_monsterinsights_sitenote_category":0},"product_brand":[],"product_cat":[14902,13365],"product_tag":[],"class_list":{"0":"post-718144","1":"product","2":"type-product","3":"status-publish","5":"product_cat-annelik-ve-cocuk-bakimi","6":"product_cat-saglik","7":"pa_cilt-ciltsiz","8":"pa_tur-kitap","9":"pa_yayinevi-hayykitap","10":"pa_yazar-asiye-turkan","12":"first","13":"instock","14":"sale","15":"shipping-taxable","16":"purchasable","17":"product-type-simple"},"_links":{"self":[{"href":"https:\/\/roveyayinevi.com.tr\/index.php\/wp-json\/wp\/v2\/product\/718144","targetHints":{"allow":["GET"]}}],"collection":[{"href":"https:\/\/roveyayinevi.com.tr\/index.php\/wp-json\/wp\/v2\/product"}],"about":[{"href":"https:\/\/roveyayinevi.com.tr\/index.php\/wp-json\/wp\/v2\/types\/product"}],"wp:attachment":[{"href":"https:\/\/roveyayinevi.com.tr\/index.php\/wp-json\/wp\/v2\/media?parent=718144"}],"wp:term":[{"taxonomy":"product_brand","embeddable":true,"href":"https:\/\/roveyayinevi.com.tr\/index.php\/wp-json\/wp\/v2\/product_brand?post=718144"},{"taxonomy":"product_cat","embeddable":true,"href":"https:\/\/roveyayinevi.com.tr\/index.php\/wp-json\/wp\/v2\/product_cat?post=718144"},{"taxonomy":"product_tag","embeddable":true,"href":"https:\/\/roveyayinevi.com.tr\/index.php\/wp-json\/wp\/v2\/product_tag?post=718144"}],"curies":[{"name":"wp","href":"https:\/\/api.w.org\/{rel}","templated":true}]}}