{"id":718143,"date":"2025-08-27T18:04:34","date_gmt":"2025-08-27T15:04:34","guid":{"rendered":"https:\/\/roveyayinevi.com.tr\/index.php\/urun\/sekizinci-gece\/"},"modified":"2025-10-13T05:08:02","modified_gmt":"2025-10-13T02:08:02","slug":"sekizinci-gece","status":"publish","type":"product","link":"https:\/\/roveyayinevi.com.tr\/index.php\/urun\/sekizinci-gece\/","title":{"rendered":"Sekizinci Gece"},"content":{"rendered":"<p>8 A\u011fustos  Saat 20.08,Tek bir isim se\u00e7ildi.D\u00fc\u015fmanlar\u0131n\u0131n say\u0131s\u0131 80 milyon.Bir \u00f6l\u00fcm piyangosu d\u00fczenlendi.Herkes nefret etti\u011fi ki\u015finin ismini listeye ekleyebilir.Ve her y\u0131l \u201cSekizinci Gece\u201dde, yani 8. ay\u0131n 8. gecesinde t\u00fcm bu isimler aras\u0131ndan bir isim se\u00e7ilecek.Se\u00e7ilen ki\u015fi Sekizinci Gece boyunca bir av haline gelecek. Almanya\u2019daki herkes onu ceza almadan \u00f6ld\u00fcrebilecek, \u00fcst\u00fcne de \u00f6d\u00fcl paras\u0131 olan on milyon avroyu kazanabilecek.Bu hayali bir oyun de\u011fil. Ac\u0131mas\u0131z bir ger\u00e7ek.Ufak bir sosyal deney \u00e7\u0131\u011f\u0131r\u0131ndan \u00e7\u0131k\u0131p kitlesel bir insan av\u0131na d\u00f6n\u00fc\u015ft\u00fc. Ve \u00e7ekilen isim senin ismin!Sekizinci geceden kurtulabilmeyi ba\u015farabilecek misin?\u201cAhlaks\u0131zca m\u0131? Evet. S\u00fcr\u00fckleyici mi? Hem de nas\u0131l!\u201dChemnitzer Zeitung\u201cKorkutucu bir psikolojik oyunun i\u00e7ine d\u00fc\u015feceksiniz.\u201dLaura \u201cAmac\u0131n\u0131 a\u015fan bir sosyal deney \u00fczerine soluk solu\u011fa okunacak bir roman.\u201dBild am Sonntag\u201cSebastian Fitzek yine her zamanki gibi sonunu tahmin edemeyece\u011finiz bir hik\u00e2ye ve inand\u0131r\u0131c\u0131 karakterler yaratmay\u0131 ba\u015farm\u0131\u015f.\u201dDer phantastische B\u00fccherbrief\u201cSekizinci Gece uydurma bir haberin bile ne derece pop\u00fclerlik kazand\u0131\u011f\u0131n\u0131 g\u00f6zler \u00f6n\u00fcne seren, g\u00fcn\u00fcm\u00fcz d\u00fcnyas\u0131n\u0131 ve sosyal medya neslini \u00e7ok iyi anlam\u0131\u015f bir gerilim roman\u0131.\u201dPeter B\u00fccherkiste<\/p>\n","protected":false},"excerpt":{"rendered":"<p>8 A\u011fustos Saat 20.08,Tek bir isim se\u00e7ildi.D\u00fc\u015fmanlar\u0131n\u0131n say\u0131s\u0131 80 milyon.Bir \u00f6l\u00fcm piyangosu d\u00fczenlendi.Herkes nefret etti\u011fi ki\u015finin ismini listeye ekleyebilir.Ve her y\u0131l \u201cSekizinci Gece\u201dde, yani 8. ay\u0131n<span class=\"excerpt-hellip\"> [\u2026]<\/span><\/p>\n","protected":false},"featured_media":0,"template":"","meta":{"_monsterinsights_skip_tracking":false,"_monsterinsights_sitenote_active":false,"_monsterinsights_sitenote_note":"","_monsterinsights_sitenote_category":0},"product_brand":[],"product_cat":[12291,17033],"product_tag":[],"class_list":{"0":"post-718143","1":"product","2":"type-product","3":"status-publish","5":"product_cat-edebiyat","6":"product_cat-korku-gerilim","7":"pa_cilt-ciltsiz","8":"pa_tur-kitap","9":"pa_yayinevi-pegasus-yayinlari","10":"pa_yazar-sebastian-fitzek","12":"first","13":"instock","14":"sale","15":"shipping-taxable","16":"purchasable","17":"product-type-simple"},"_links":{"self":[{"href":"https:\/\/roveyayinevi.com.tr\/index.php\/wp-json\/wp\/v2\/product\/718143","targetHints":{"allow":["GET"]}}],"collection":[{"href":"https:\/\/roveyayinevi.com.tr\/index.php\/wp-json\/wp\/v2\/product"}],"about":[{"href":"https:\/\/roveyayinevi.com.tr\/index.php\/wp-json\/wp\/v2\/types\/product"}],"wp:attachment":[{"href":"https:\/\/roveyayinevi.com.tr\/index.php\/wp-json\/wp\/v2\/media?parent=718143"}],"wp:term":[{"taxonomy":"product_brand","embeddable":true,"href":"https:\/\/roveyayinevi.com.tr\/index.php\/wp-json\/wp\/v2\/product_brand?post=718143"},{"taxonomy":"product_cat","embeddable":true,"href":"https:\/\/roveyayinevi.com.tr\/index.php\/wp-json\/wp\/v2\/product_cat?post=718143"},{"taxonomy":"product_tag","embeddable":true,"href":"https:\/\/roveyayinevi.com.tr\/index.php\/wp-json\/wp\/v2\/product_tag?post=718143"}],"curies":[{"name":"wp","href":"https:\/\/api.w.org\/{rel}","templated":true}]}}