{"id":718142,"date":"2025-08-27T18:04:34","date_gmt":"2025-08-27T15:04:34","guid":{"rendered":"https:\/\/roveyayinevi.com.tr\/index.php\/urun\/yumurtayi-hangi-ucundan-kirmali\/"},"modified":"2026-04-16T02:26:19","modified_gmt":"2026-04-15T23:26:19","slug":"yumurtayi-hangi-ucundan-kirmali","status":"publish","type":"product","link":"https:\/\/roveyayinevi.com.tr\/index.php\/urun\/yumurtayi-hangi-ucundan-kirmali\/","title":{"rendered":"Yumurtay\u0131 Hangi Ucundan K\u0131rmal\u0131"},"content":{"rendered":"<p>Bat\u0131 ve \u0130slam; iki k\u00fclt\u00fcr ve tefekk\u00fcr\u00fcn aras\u0131ndaki farklar nelerdir? Bat\u0131 d\u00fcnyas\u0131 hakk\u0131nda azgeli\u015fmi\u015f \u00fclkelere hangi yan\u0131lt\u0131c\u0131 imajlar verilmektedir? T\u00fcrkiye\u2019de Bat\u0131 ve Bat\u0131l\u0131la\u015fma konusu, \u00e7a\u011fda\u015fl\u0131k ve bilimsellik gibi kavramlardan anla\u015f\u0131lmas\u0131 gerekenler relerdir? Bat\u0131 uygarl\u0131\u011f\u0131n\u0131n paradokslar\u0131 ve \u0130slam\u2019dan bekledi\u011fi yard\u0131mlar hangileridir? D\u00fc\u015f\u00fcnce ve edebiyat d\u00fcnyam\u0131z\u0131n \u00f6nde gelen imzalar\u0131ndan Rasim \u00d6zden\u00f6ren, insan\u0131m\u0131z i\u00e7in \u00f6zellikle bu d\u00f6nemde yeniden incelenip d\u00fc\u015f\u00fcn\u00fclmesi gereken bu ve benzeri bir \u00e7ok \u00f6nemli konuyu b\u00fcy\u00fck bir yetkinlikle tart\u0131\u015fmaya a\u00e7\u0131yor.<\/p>\n","protected":false},"excerpt":{"rendered":"<p>Bat\u0131 ve \u0130slam; iki k\u00fclt\u00fcr ve tefekk\u00fcr\u00fcn aras\u0131ndaki farklar nelerdir? Bat\u0131 d\u00fcnyas\u0131 hakk\u0131nda azgeli\u015fmi\u015f \u00fclkelere hangi yan\u0131lt\u0131c\u0131 imajlar verilmektedir? T\u00fcrkiye\u2019de Bat\u0131 ve Bat\u0131l\u0131la\u015fma konusu, \u00e7a\u011fda\u015fl\u0131k ve<span class=\"excerpt-hellip\"> [\u2026]<\/span><\/p>\n","protected":false},"featured_media":0,"template":"","meta":{"_monsterinsights_skip_tracking":false,"_monsterinsights_sitenote_active":false,"_monsterinsights_sitenote_note":"","_monsterinsights_sitenote_category":0},"product_brand":[],"product_cat":[12365,12364],"product_tag":[],"class_list":{"0":"post-718142","1":"product","2":"type-product","3":"status-publish","5":"product_cat-diger-genel-konular","6":"product_cat-genel-konular","7":"pa_cilt-ciltsiz","8":"pa_tur-kitap","9":"pa_yayinevi-iz-yayincilik","10":"pa_yazar-rasim-ozdenoren","12":"first","13":"instock","14":"sale","15":"shipping-taxable","16":"purchasable","17":"product-type-simple"},"_links":{"self":[{"href":"https:\/\/roveyayinevi.com.tr\/index.php\/wp-json\/wp\/v2\/product\/718142","targetHints":{"allow":["GET"]}}],"collection":[{"href":"https:\/\/roveyayinevi.com.tr\/index.php\/wp-json\/wp\/v2\/product"}],"about":[{"href":"https:\/\/roveyayinevi.com.tr\/index.php\/wp-json\/wp\/v2\/types\/product"}],"wp:attachment":[{"href":"https:\/\/roveyayinevi.com.tr\/index.php\/wp-json\/wp\/v2\/media?parent=718142"}],"wp:term":[{"taxonomy":"product_brand","embeddable":true,"href":"https:\/\/roveyayinevi.com.tr\/index.php\/wp-json\/wp\/v2\/product_brand?post=718142"},{"taxonomy":"product_cat","embeddable":true,"href":"https:\/\/roveyayinevi.com.tr\/index.php\/wp-json\/wp\/v2\/product_cat?post=718142"},{"taxonomy":"product_tag","embeddable":true,"href":"https:\/\/roveyayinevi.com.tr\/index.php\/wp-json\/wp\/v2\/product_tag?post=718142"}],"curies":[{"name":"wp","href":"https:\/\/api.w.org\/{rel}","templated":true}]}}