{"id":718138,"date":"2025-08-27T18:04:31","date_gmt":"2025-08-27T15:04:31","guid":{"rendered":"https:\/\/roveyayinevi.com.tr\/index.php\/urun\/hayvan-haklari-2\/"},"modified":"2026-04-16T02:26:19","modified_gmt":"2026-04-15T23:26:19","slug":"hayvan-haklari-2","status":"publish","type":"product","link":"https:\/\/roveyayinevi.com.tr\/index.php\/urun\/hayvan-haklari-2\/","title":{"rendered":"Hayvan Haklar\u0131"},"content":{"rendered":"<p>Biri Avrupa Birli\u011fi Temel Haklar Ajans\u0131&#8217;nda Fransa temsilcisi, deneyimli bir yarg\u0131\u00e7, di\u011feri hayvan sa\u011fl\u0131\u011f\u0131 ve hayvanlar\u0131 koruma \u00fczerine \u00e7al\u0131\u015fan \u00fcniversite hocas\u0131 bir patolog. Soru-cevap \u015feklinde ilerleyen keyifli bir sohbet. G\u00fcncel tart\u0131\u015fmalar\u0131 yoklayarak, meseleye etik, hukuk ve bilimsellik ekseninde yakla\u015fan ak\u0131lc\u0131 ve serinkanl\u0131 bir yakla\u015f\u0131m. Orta yolcu de\u011fil, tam bir ortak yolcu kafas\u0131. <\/p>\n","protected":false},"excerpt":{"rendered":"<p>Biri Avrupa Birli\u011fi Temel Haklar Ajans\u0131&#8217;nda Fransa temsilcisi, deneyimli bir yarg\u0131\u00e7, di\u011feri hayvan sa\u011fl\u0131\u011f\u0131 ve hayvanlar\u0131 koruma \u00fczerine \u00e7al\u0131\u015fan \u00fcniversite hocas\u0131 bir patolog. Soru-cevap \u015feklinde ilerleyen<span class=\"excerpt-hellip\"> [\u2026]<\/span><\/p>\n","protected":false},"featured_media":0,"template":"","meta":{"_monsterinsights_skip_tracking":false,"_monsterinsights_sitenote_active":false,"_monsterinsights_sitenote_note":"","_monsterinsights_sitenote_category":0},"product_brand":[],"product_cat":[12777,12291],"product_tag":[],"class_list":{"0":"post-718138","1":"product","2":"type-product","3":"status-publish","5":"product_cat-deneme","6":"product_cat-edebiyat","7":"pa_cilt-ciltsiz","8":"pa_tur-kitap","9":"pa_yayinevi-kirmizi-kedi-yayinevi","10":"pa_yazar-jean-marie-coulon-jena-claude-nouet","12":"first","13":"instock","14":"sale","15":"shipping-taxable","16":"purchasable","17":"product-type-simple"},"_links":{"self":[{"href":"https:\/\/roveyayinevi.com.tr\/index.php\/wp-json\/wp\/v2\/product\/718138","targetHints":{"allow":["GET"]}}],"collection":[{"href":"https:\/\/roveyayinevi.com.tr\/index.php\/wp-json\/wp\/v2\/product"}],"about":[{"href":"https:\/\/roveyayinevi.com.tr\/index.php\/wp-json\/wp\/v2\/types\/product"}],"wp:attachment":[{"href":"https:\/\/roveyayinevi.com.tr\/index.php\/wp-json\/wp\/v2\/media?parent=718138"}],"wp:term":[{"taxonomy":"product_brand","embeddable":true,"href":"https:\/\/roveyayinevi.com.tr\/index.php\/wp-json\/wp\/v2\/product_brand?post=718138"},{"taxonomy":"product_cat","embeddable":true,"href":"https:\/\/roveyayinevi.com.tr\/index.php\/wp-json\/wp\/v2\/product_cat?post=718138"},{"taxonomy":"product_tag","embeddable":true,"href":"https:\/\/roveyayinevi.com.tr\/index.php\/wp-json\/wp\/v2\/product_tag?post=718138"}],"curies":[{"name":"wp","href":"https:\/\/api.w.org\/{rel}","templated":true}]}}