{"id":718132,"date":"2025-08-27T18:04:28","date_gmt":"2025-08-27T15:04:28","guid":{"rendered":"https:\/\/roveyayinevi.com.tr\/index.php\/urun\/golge-ve-kan\/"},"modified":"2026-04-16T02:26:19","modified_gmt":"2026-04-15T23:26:19","slug":"golge-ve-kan","status":"publish","type":"product","link":"https:\/\/roveyayinevi.com.tr\/index.php\/urun\/golge-ve-kan\/","title":{"rendered":"G\u00f6lge ve Kan"},"content":{"rendered":"<p>\u201cManiscalco yaratt\u0131\u011f\u0131 karakterlerle akl\u0131n\u0131z\u0131 ba\u015f\u0131n\u0131zdan alacak!\u201d Booklist \u201cDaha \u00f6nce b\u00f6yle bir kitap okumam\u0131\u015f olabilirsiniz. Sonuna kadar elinizden d\u00fc\u015f\u00fcremeyece\u011finiz garanti.\u201d School Library Journal \u201cKaranl\u0131k, s\u00fcr\u00fckleyici bir hikaye. Tahminlerinizi bo\u015fa \u00e7\u0131karan bir son. Bir kitaptan ba\u015fka  ne istenir ki?\u201d Anna Carey Haftalarca New York Times\u2019\u0131n zirvesinde kalan, yirmiden fazla dile \u00e7evrilen G\u00f6lge ve Kan, \u015fimdi T\u00fcrkiye\u2019de! Asil bir \u0130ngiliz ailesine mensup 17 ya\u015f\u0131ndaki Audrey Rose ayr\u0131cal\u0131kl\u0131 bir hayat\u0131 s\u00fcrmektedir, ama toplumun beklentilerinin aksine gizli ve tekinsiz bir d\u00fcnyas\u0131 da vard\u0131r. \u00c7\u00fcnk\u00fc gen\u00e7 k\u0131z, amcas\u0131na adli t\u0131p laboratuvar\u0131nda otopsi konusunda yard\u0131m etmektedir. Ama Audrey bir g\u00fcn kendini amans\u0131z bir katilin pe\u015finde bulur ve hayat\u0131 tek kelimeyle tersy\u00fcz olur\u2026 Kerri Maniscalco\u2019nun sat\u0131\u015f rekorlar\u0131 k\u0131ran serisinin ilk kitab\u0131 G\u00f6lge ve Kan, haf\u0131zalarda iz b\u0131rakacak karakterleri, s\u00fcrpriz geli\u015fmeleri, e\u015fsiz \u0130ngiltere tasvirleri ve g\u00f6rkemli finaliyle y\u0131l\u0131n kesinlikle favori kitaplar\u0131ndan biri! <\/p>\n","protected":false},"excerpt":{"rendered":"<p>\u201cManiscalco yaratt\u0131\u011f\u0131 karakterlerle akl\u0131n\u0131z\u0131 ba\u015f\u0131n\u0131zdan alacak!\u201d Booklist \u201cDaha \u00f6nce b\u00f6yle bir kitap okumam\u0131\u015f olabilirsiniz. Sonuna kadar elinizden d\u00fc\u015f\u00fcremeyece\u011finiz garanti.\u201d School Library Journal \u201cKaranl\u0131k, s\u00fcr\u00fckleyici bir hikaye.<span class=\"excerpt-hellip\"> [\u2026]<\/span><\/p>\n","protected":false},"featured_media":0,"template":"","meta":{"_monsterinsights_skip_tracking":false,"_monsterinsights_sitenote_active":false,"_monsterinsights_sitenote_note":"","_monsterinsights_sitenote_category":0},"product_brand":[],"product_cat":[12803,12291],"product_tag":[],"class_list":{"0":"post-718132","1":"product","2":"type-product","3":"status-publish","5":"product_cat-aksiyon-macera","6":"product_cat-edebiyat","7":"pa_cilt-ciltsiz","8":"pa_tur-kitap","9":"pa_yayinevi-ephesus-yayinlari","10":"pa_yazar-kerri-maniscalco","12":"first","13":"instock","14":"sale","15":"shipping-taxable","16":"purchasable","17":"product-type-simple"},"_links":{"self":[{"href":"https:\/\/roveyayinevi.com.tr\/index.php\/wp-json\/wp\/v2\/product\/718132","targetHints":{"allow":["GET"]}}],"collection":[{"href":"https:\/\/roveyayinevi.com.tr\/index.php\/wp-json\/wp\/v2\/product"}],"about":[{"href":"https:\/\/roveyayinevi.com.tr\/index.php\/wp-json\/wp\/v2\/types\/product"}],"wp:attachment":[{"href":"https:\/\/roveyayinevi.com.tr\/index.php\/wp-json\/wp\/v2\/media?parent=718132"}],"wp:term":[{"taxonomy":"product_brand","embeddable":true,"href":"https:\/\/roveyayinevi.com.tr\/index.php\/wp-json\/wp\/v2\/product_brand?post=718132"},{"taxonomy":"product_cat","embeddable":true,"href":"https:\/\/roveyayinevi.com.tr\/index.php\/wp-json\/wp\/v2\/product_cat?post=718132"},{"taxonomy":"product_tag","embeddable":true,"href":"https:\/\/roveyayinevi.com.tr\/index.php\/wp-json\/wp\/v2\/product_tag?post=718132"}],"curies":[{"name":"wp","href":"https:\/\/api.w.org\/{rel}","templated":true}]}}