{"id":718131,"date":"2025-08-27T18:04:27","date_gmt":"2025-08-27T15:04:27","guid":{"rendered":"https:\/\/roveyayinevi.com.tr\/index.php\/urun\/denek-e-e-e\/"},"modified":"2026-04-16T02:26:19","modified_gmt":"2026-04-15T23:26:19","slug":"denek-e-e-e","status":"publish","type":"product","link":"https:\/\/roveyayinevi.com.tr\/index.php\/urun\/denek-e-e-e\/","title":{"rendered":"Denek E.E.E."},"content":{"rendered":"<p>D\u00fcnyay\u0131 yapay zek\u00e2 de\u011fil, onu icat edenler kurtarabilir! Evde E\u011fitilen Ekim, k\u0131saca E.E.E., zeki bir \u00e7ocuktur. Bilime merakl\u0131 ailesinin y\u00f6nlendirmesiyle kat\u0131ld\u0131\u011f\u0131 deneyde YAZ adl\u0131 robotla tan\u0131\u015f\u0131r. Deneyin amac\u0131, insan\u0131n sosyal etkile\u015fimlerini ve becerilerini r\u00fcyalar yoluyla g\u00f6zlemlemektir. Her seansta anlatacak yeni bir hik\u00e2ye bulmas\u0131 gereken Ekim ilk kez, ya\u015fad\u0131\u011f\u0131 sitenin d\u0131\u015f\u0131ndaki mahalleyle tan\u0131\u015f\u0131r. Art\u0131k onu \u015fa\u015f\u0131rt\u0131c\u0131 ke\u015fifler, ummad\u0131\u011f\u0131 arkada\u015fl\u0131klar ve d\u00fcnyan\u0131n gelece\u011fi i\u00e7in cevaplamas\u0131 gereken sorular beklemektedir\u2026<\/p>\n","protected":false},"excerpt":{"rendered":"<p>D\u00fcnyay\u0131 yapay zek\u00e2 de\u011fil, onu icat edenler kurtarabilir! Evde E\u011fitilen Ekim, k\u0131saca E.E.E., zeki bir \u00e7ocuktur. Bilime merakl\u0131 ailesinin y\u00f6nlendirmesiyle kat\u0131ld\u0131\u011f\u0131 deneyde YAZ adl\u0131 robotla tan\u0131\u015f\u0131r.<span class=\"excerpt-hellip\"> [\u2026]<\/span><\/p>\n","protected":false},"featured_media":0,"template":"","meta":{"_monsterinsights_skip_tracking":false,"_monsterinsights_sitenote_active":false,"_monsterinsights_sitenote_note":"","_monsterinsights_sitenote_category":0},"product_brand":[],"product_cat":[12275,12274],"product_tag":[],"class_list":{"0":"post-718131","1":"product","2":"type-product","3":"status-publish","5":"product_cat-6-12-yas-kitaplari","6":"product_cat-cocuk-ve-genclik-kitaplari","7":"pa_cilt-ciltsiz","8":"pa_tur-kitap","9":"pa_yayinevi-gunisigi-kitapligi","10":"pa_yazar-asli-der","12":"first","13":"instock","14":"sale","15":"shipping-taxable","16":"purchasable","17":"product-type-simple"},"_links":{"self":[{"href":"https:\/\/roveyayinevi.com.tr\/index.php\/wp-json\/wp\/v2\/product\/718131","targetHints":{"allow":["GET"]}}],"collection":[{"href":"https:\/\/roveyayinevi.com.tr\/index.php\/wp-json\/wp\/v2\/product"}],"about":[{"href":"https:\/\/roveyayinevi.com.tr\/index.php\/wp-json\/wp\/v2\/types\/product"}],"wp:attachment":[{"href":"https:\/\/roveyayinevi.com.tr\/index.php\/wp-json\/wp\/v2\/media?parent=718131"}],"wp:term":[{"taxonomy":"product_brand","embeddable":true,"href":"https:\/\/roveyayinevi.com.tr\/index.php\/wp-json\/wp\/v2\/product_brand?post=718131"},{"taxonomy":"product_cat","embeddable":true,"href":"https:\/\/roveyayinevi.com.tr\/index.php\/wp-json\/wp\/v2\/product_cat?post=718131"},{"taxonomy":"product_tag","embeddable":true,"href":"https:\/\/roveyayinevi.com.tr\/index.php\/wp-json\/wp\/v2\/product_tag?post=718131"}],"curies":[{"name":"wp","href":"https:\/\/api.w.org\/{rel}","templated":true}]}}