{"id":718130,"date":"2025-08-27T18:04:26","date_gmt":"2025-08-27T15:04:26","guid":{"rendered":"https:\/\/roveyayinevi.com.tr\/index.php\/urun\/canavar-pesinde-57\/"},"modified":"2026-04-13T02:32:45","modified_gmt":"2026-04-12T23:32:45","slug":"canavar-pesinde-57","status":"publish","type":"product","link":"https:\/\/roveyayinevi.com.tr\/index.php\/urun\/canavar-pesinde-57\/","title":{"rendered":"Canavar Pe\u015finde 57"},"content":{"rendered":"<p>Yepyeni Canavar Pe\u015finde maceras\u0131na ho\u015f geldiniz: Canavarlar\u0131n Efendisi Malvel, Tom\u2019u yok etmesi i\u00e7in Alev P\u00fcsk\u00fcrten Lustor\u2019u yaratt\u0131. Bu korkun\u00e7 yarat\u0131k, Sar\u0131 Batakl\u0131klarda gizleniyordu. Ac\u0131mas\u0131z Canavar Lustor bir anda batakl\u0131ktan \u00e7\u0131kt\u0131 ve alev sa\u00e7maya ba\u015flad\u0131. Kahramanlar\u0131m\u0131z bu alevlerden ka\u00e7abilecek kadar h\u0131zl\u0131 m\u0131?<\/p>\n","protected":false},"excerpt":{"rendered":"<p>Yepyeni Canavar Pe\u015finde maceras\u0131na ho\u015f geldiniz: Canavarlar\u0131n Efendisi Malvel, Tom\u2019u yok etmesi i\u00e7in Alev P\u00fcsk\u00fcrten Lustor\u2019u yaratt\u0131. Bu korkun\u00e7 yarat\u0131k, Sar\u0131 Batakl\u0131klarda gizleniyordu. Ac\u0131mas\u0131z Canavar Lustor<span class=\"excerpt-hellip\"> [\u2026]<\/span><\/p>\n","protected":false},"featured_media":0,"template":"","meta":{"_monsterinsights_skip_tracking":false,"_monsterinsights_sitenote_active":false,"_monsterinsights_sitenote_note":"","_monsterinsights_sitenote_category":0},"product_brand":[],"product_cat":[12275,12274],"product_tag":[],"class_list":{"0":"post-718130","1":"product","2":"type-product","3":"status-publish","5":"product_cat-6-12-yas-kitaplari","6":"product_cat-cocuk-ve-genclik-kitaplari","7":"pa_cilt-ciltsiz","8":"pa_tur-kitap","9":"pa_yayinevi-beyaz-balina-yayinlari","10":"pa_yazar-adam-blade","12":"first","13":"instock","14":"sale","15":"shipping-taxable","16":"purchasable","17":"product-type-simple"},"_links":{"self":[{"href":"https:\/\/roveyayinevi.com.tr\/index.php\/wp-json\/wp\/v2\/product\/718130","targetHints":{"allow":["GET"]}}],"collection":[{"href":"https:\/\/roveyayinevi.com.tr\/index.php\/wp-json\/wp\/v2\/product"}],"about":[{"href":"https:\/\/roveyayinevi.com.tr\/index.php\/wp-json\/wp\/v2\/types\/product"}],"wp:attachment":[{"href":"https:\/\/roveyayinevi.com.tr\/index.php\/wp-json\/wp\/v2\/media?parent=718130"}],"wp:term":[{"taxonomy":"product_brand","embeddable":true,"href":"https:\/\/roveyayinevi.com.tr\/index.php\/wp-json\/wp\/v2\/product_brand?post=718130"},{"taxonomy":"product_cat","embeddable":true,"href":"https:\/\/roveyayinevi.com.tr\/index.php\/wp-json\/wp\/v2\/product_cat?post=718130"},{"taxonomy":"product_tag","embeddable":true,"href":"https:\/\/roveyayinevi.com.tr\/index.php\/wp-json\/wp\/v2\/product_tag?post=718130"}],"curies":[{"name":"wp","href":"https:\/\/api.w.org\/{rel}","templated":true}]}}