{"id":718128,"date":"2025-08-27T18:04:25","date_gmt":"2025-08-27T15:04:25","guid":{"rendered":"https:\/\/roveyayinevi.com.tr\/index.php\/urun\/aglayan-kelebekler\/"},"modified":"2025-11-21T05:19:20","modified_gmt":"2025-11-21T02:19:20","slug":"aglayan-kelebekler","status":"publish","type":"product","link":"https:\/\/roveyayinevi.com.tr\/index.php\/urun\/aglayan-kelebekler\/","title":{"rendered":"A\u011flayan Kelebekler"},"content":{"rendered":"<p>Saklad\u0131m d\u00fc\u015flerimi y\u0131ld\u0131zlara. Tutamad\u0131m g\u00fcne\u015fi ellerim yand\u0131. Darmada\u011f\u0131n y\u00fcre\u011fim buz kesmi\u015f. A\u011flayam\u0131yor g\u00f6zlerim karanl\u0131\u011fa g\u00f6m\u00fclm\u00fc\u015f. Kaybolmak istiyorum gamzede. Hayallerim yetim, bi\u00e7are kalm\u0131\u015f. Susuz kalm\u0131\u015f dilim, kuyular da yok. Derin ma\u011faralarda ba\u011f\u0131ras\u0131m geliyor, nefes yok. <\/p>\n","protected":false},"excerpt":{"rendered":"<p>Saklad\u0131m d\u00fc\u015flerimi y\u0131ld\u0131zlara. Tutamad\u0131m g\u00fcne\u015fi ellerim yand\u0131. Darmada\u011f\u0131n y\u00fcre\u011fim buz kesmi\u015f. A\u011flayam\u0131yor g\u00f6zlerim karanl\u0131\u011fa g\u00f6m\u00fclm\u00fc\u015f. Kaybolmak istiyorum gamzede. Hayallerim yetim, bi\u00e7are kalm\u0131\u015f. Susuz kalm\u0131\u015f dilim, kuyular<span class=\"excerpt-hellip\"> [\u2026]<\/span><\/p>\n","protected":false},"featured_media":0,"template":"","meta":{"_monsterinsights_skip_tracking":false,"_monsterinsights_sitenote_active":false,"_monsterinsights_sitenote_note":"","_monsterinsights_sitenote_category":0},"product_brand":[],"product_cat":[12291,12509],"product_tag":[],"class_list":{"0":"post-718128","1":"product","2":"type-product","3":"status-publish","5":"product_cat-edebiyat","6":"product_cat-siir","7":"pa_cilt-ciltsiz","8":"pa_tur-kitap","9":"pa_yayinevi-luna-yayinlari","10":"pa_yazar-hasan-adsoy","12":"first","13":"instock","14":"sale","15":"shipping-taxable","16":"purchasable","17":"product-type-simple"},"_links":{"self":[{"href":"https:\/\/roveyayinevi.com.tr\/index.php\/wp-json\/wp\/v2\/product\/718128","targetHints":{"allow":["GET"]}}],"collection":[{"href":"https:\/\/roveyayinevi.com.tr\/index.php\/wp-json\/wp\/v2\/product"}],"about":[{"href":"https:\/\/roveyayinevi.com.tr\/index.php\/wp-json\/wp\/v2\/types\/product"}],"wp:attachment":[{"href":"https:\/\/roveyayinevi.com.tr\/index.php\/wp-json\/wp\/v2\/media?parent=718128"}],"wp:term":[{"taxonomy":"product_brand","embeddable":true,"href":"https:\/\/roveyayinevi.com.tr\/index.php\/wp-json\/wp\/v2\/product_brand?post=718128"},{"taxonomy":"product_cat","embeddable":true,"href":"https:\/\/roveyayinevi.com.tr\/index.php\/wp-json\/wp\/v2\/product_cat?post=718128"},{"taxonomy":"product_tag","embeddable":true,"href":"https:\/\/roveyayinevi.com.tr\/index.php\/wp-json\/wp\/v2\/product_tag?post=718128"}],"curies":[{"name":"wp","href":"https:\/\/api.w.org\/{rel}","templated":true}]}}