{"id":718127,"date":"2025-08-27T18:04:24","date_gmt":"2025-08-27T15:04:24","guid":{"rendered":"https:\/\/roveyayinevi.com.tr\/index.php\/urun\/yeniden-dogus-2\/"},"modified":"2026-04-16T02:26:19","modified_gmt":"2026-04-15T23:26:19","slug":"yeniden-dogus-2","status":"publish","type":"product","link":"https:\/\/roveyayinevi.com.tr\/index.php\/urun\/yeniden-dogus-2\/","title":{"rendered":"Yeniden Do\u011fu\u015f"},"content":{"rendered":"<p>\u0130nsanlar yar\u0131n \u00f6lecekmi\u015f gibi ya\u015fasalard\u0131 \u00d6l\u00fcm\u00fc ak\u0131llar\u0131ndan hi\u00e7 \u00e7\u0131karmasayd\u0131lar e\u011fer, Ayr\u0131l\u0131klar hi\u00e7 olmazd\u0131, \u0130hanetler olmazd\u0131, Kimse aldat\u0131lmazd\u0131 mesela, Sevenler ayr\u0131lmazd\u0131 Bu para denen illetin pe\u015fine d\u00fc\u015fmezdi insanlar, \u015ean \u015f\u00f6hret pe\u015finde olmazd\u0131 kimse Herkes mutlu olurdu Unutmay\u0131n bir g\u00fcn elbet \u00f6lece\u011fiz, Bunu hat\u0131rlay\u0131n Kelebekler gibi olsak ke\u015fke, Bir g\u00fcn ya\u015fasak ama mutlu ya\u015fasak. <\/p>\n","protected":false},"excerpt":{"rendered":"<p>\u0130nsanlar yar\u0131n \u00f6lecekmi\u015f gibi ya\u015fasalard\u0131 \u00d6l\u00fcm\u00fc ak\u0131llar\u0131ndan hi\u00e7 \u00e7\u0131karmasayd\u0131lar e\u011fer, Ayr\u0131l\u0131klar hi\u00e7 olmazd\u0131, \u0130hanetler olmazd\u0131, Kimse aldat\u0131lmazd\u0131 mesela, Sevenler ayr\u0131lmazd\u0131 Bu para denen illetin pe\u015fine d\u00fc\u015fmezdi<span class=\"excerpt-hellip\"> [\u2026]<\/span><\/p>\n","protected":false},"featured_media":0,"template":"","meta":{"_monsterinsights_skip_tracking":false,"_monsterinsights_sitenote_active":false,"_monsterinsights_sitenote_note":"","_monsterinsights_sitenote_category":0},"product_brand":[],"product_cat":[12291,12509],"product_tag":[],"class_list":{"0":"post-718127","1":"product","2":"type-product","3":"status-publish","5":"product_cat-edebiyat","6":"product_cat-siir","7":"pa_cilt-ciltsiz","8":"pa_tur-kitap","9":"pa_yayinevi-luna-yayinlari","10":"pa_yazar-hasan-akbas","12":"first","13":"instock","14":"sale","15":"shipping-taxable","16":"purchasable","17":"product-type-simple"},"_links":{"self":[{"href":"https:\/\/roveyayinevi.com.tr\/index.php\/wp-json\/wp\/v2\/product\/718127","targetHints":{"allow":["GET"]}}],"collection":[{"href":"https:\/\/roveyayinevi.com.tr\/index.php\/wp-json\/wp\/v2\/product"}],"about":[{"href":"https:\/\/roveyayinevi.com.tr\/index.php\/wp-json\/wp\/v2\/types\/product"}],"wp:attachment":[{"href":"https:\/\/roveyayinevi.com.tr\/index.php\/wp-json\/wp\/v2\/media?parent=718127"}],"wp:term":[{"taxonomy":"product_brand","embeddable":true,"href":"https:\/\/roveyayinevi.com.tr\/index.php\/wp-json\/wp\/v2\/product_brand?post=718127"},{"taxonomy":"product_cat","embeddable":true,"href":"https:\/\/roveyayinevi.com.tr\/index.php\/wp-json\/wp\/v2\/product_cat?post=718127"},{"taxonomy":"product_tag","embeddable":true,"href":"https:\/\/roveyayinevi.com.tr\/index.php\/wp-json\/wp\/v2\/product_tag?post=718127"}],"curies":[{"name":"wp","href":"https:\/\/api.w.org\/{rel}","templated":true}]}}