{"id":718121,"date":"2025-08-27T18:04:20","date_gmt":"2025-08-27T15:04:20","guid":{"rendered":"https:\/\/roveyayinevi.com.tr\/index.php\/urun\/istanbulun-belediyeleri\/"},"modified":"2026-04-16T02:26:19","modified_gmt":"2026-04-15T23:26:19","slug":"istanbulun-belediyeleri","status":"publish","type":"product","link":"https:\/\/roveyayinevi.com.tr\/index.php\/urun\/istanbulun-belediyeleri\/","title":{"rendered":"\u0130stanbul&#8217;un Belediyeleri"},"content":{"rendered":"<p>Belediye, sadece yerel y\u00f6netim olarak tan\u0131mlanmaktan \u00f6te \u00fcstlendi\u011fi i\u015f ve hizmetlerle bir beldeyi ya\u015fanabilir hale getiren en temel kurumdur. \u0130stanbul, uzun zaman \u00f6nce siyasi ba\u015fkent olmaktan \u00e7\u0131km\u0131\u015f olmas\u0131na ra\u011fmen, pek \u00e7ok ba\u015fka sahada oldu\u011fu gibi yerel y\u00f6netim bak\u0131m\u0131ndan edindi\u011fi tecr\u00fcbeler ile asl\u0131nda \u00fclkemizin di\u011fer belediye y\u00f6netimlerine \u00f6rnekler sunmaktad\u0131r. Bu imparatorluk \u015fehrinin ya\u015fad\u0131\u011f\u0131 sorunlar ve \u00e7\u00f6z\u00fcmler di\u011fer illerimiz i\u00e7in de bir emsal niteli\u011fi ta\u015f\u0131maktad\u0131r. Ba\u015flang\u0131\u00e7tan Bug\u00fcne \u0130stanbul\u2019un Belediyeleri isimli bu eser, \u0130stanbul s\u0131n\u0131rlar\u0131 i\u00e7erisinde kurulmu\u015f olan belediyeleri kurulu\u015f a\u015famalar\u0131, s\u0131n\u0131rlar\u0131, sahip olduklar\u0131 imkanlar, sorunlar\u0131 \u00e7\u00f6zme kabiliyetleri ve kapat\u0131lma-d\u00f6n\u00fc\u015ft\u00fcrme s\u00fcre\u00e7leri ile ele almaktad\u0131r. <\/p>\n","protected":false},"excerpt":{"rendered":"<p>Belediye, sadece yerel y\u00f6netim olarak tan\u0131mlanmaktan \u00f6te \u00fcstlendi\u011fi i\u015f ve hizmetlerle bir beldeyi ya\u015fanabilir hale getiren en temel kurumdur. \u0130stanbul, uzun zaman \u00f6nce siyasi ba\u015fkent olmaktan<span class=\"excerpt-hellip\"> [\u2026]<\/span><\/p>\n","protected":false},"featured_media":0,"template":"","meta":{"_monsterinsights_skip_tracking":false,"_monsterinsights_sitenote_active":false,"_monsterinsights_sitenote_note":"","_monsterinsights_sitenote_category":0},"product_brand":[],"product_cat":[12370,12304],"product_tag":[],"class_list":{"0":"post-718121","1":"product","2":"type-product","3":"status-publish","5":"product_cat-arastirma-inceleme","6":"product_cat-tarih","7":"pa_cilt-ciltsiz","8":"pa_tur-kitap","9":"pa_yayinevi-ideal-kultur-yayincilik","10":"pa_yazar-ali-ihsan-ozturk","12":"first","13":"instock","14":"sale","15":"shipping-taxable","16":"purchasable","17":"product-type-simple"},"_links":{"self":[{"href":"https:\/\/roveyayinevi.com.tr\/index.php\/wp-json\/wp\/v2\/product\/718121","targetHints":{"allow":["GET"]}}],"collection":[{"href":"https:\/\/roveyayinevi.com.tr\/index.php\/wp-json\/wp\/v2\/product"}],"about":[{"href":"https:\/\/roveyayinevi.com.tr\/index.php\/wp-json\/wp\/v2\/types\/product"}],"wp:attachment":[{"href":"https:\/\/roveyayinevi.com.tr\/index.php\/wp-json\/wp\/v2\/media?parent=718121"}],"wp:term":[{"taxonomy":"product_brand","embeddable":true,"href":"https:\/\/roveyayinevi.com.tr\/index.php\/wp-json\/wp\/v2\/product_brand?post=718121"},{"taxonomy":"product_cat","embeddable":true,"href":"https:\/\/roveyayinevi.com.tr\/index.php\/wp-json\/wp\/v2\/product_cat?post=718121"},{"taxonomy":"product_tag","embeddable":true,"href":"https:\/\/roveyayinevi.com.tr\/index.php\/wp-json\/wp\/v2\/product_tag?post=718121"}],"curies":[{"name":"wp","href":"https:\/\/api.w.org\/{rel}","templated":true}]}}