{"id":718115,"date":"2025-08-27T18:04:16","date_gmt":"2025-08-27T15:04:16","guid":{"rendered":"https:\/\/roveyayinevi.com.tr\/index.php\/urun\/tasin-dedigi\/"},"modified":"2026-04-16T02:26:19","modified_gmt":"2026-04-15T23:26:19","slug":"tasin-dedigi","status":"publish","type":"product","link":"https:\/\/roveyayinevi.com.tr\/index.php\/urun\/tasin-dedigi\/","title":{"rendered":"Ta\u015f\u0131n Dedi\u011fi"},"content":{"rendered":"<p>Recep Kayal\u0131, Ta\u015f\u0131n Dedi\u011fi\u2019nde kaybetmi\u015f \u201ck\u00fc\u00e7\u00fck\u201d adamlar\u0131n b\u00fcy\u00fck hik\u00e2yelerini anlat\u0131yor bize. Yazar\u0131n kitaptaki \u00f6yk\u00fclerde kulland\u0131\u011f\u0131 dili; yaz\u0131lan \u00f6yk\u00fcn\u00fcn talebi belirlemi\u015f g\u00f6r\u00fcn\u00fcyor. Dilde do\u011fall\u0131\u011f\u0131 seven ve dilin perdelerine olduk\u00e7a h\u00e2kim olan Kayal\u0131, ad aktarmalar\u0131n\u0131 ustal\u0131kla kullan\u0131yor. S\u0131n\u0131r boylar\u0131n\u0131n ola\u011fan\u00fcst\u00fc ortamlar\u0131 ile Anadolu\u2019daki bir k\u00f6y\u00fcn sade bir k\u00f6\u015fesi; fele\u011fin \u00e7emberinden ge\u00e7mi\u015f adamlarla ba\u015flar\u0131nda kavak yeli esen hayta, toy delikanl\u0131lar yan yana bu \u00f6yk\u00fclerde. Kayal\u0131 bunlar\u0131 anlat\u0131rken \u00fczerine mitsel bir b\u00fcy\u00fc \u015fal\u0131 \u00e7ekerek ger\u00e7ekli\u011fin s\u0131n\u0131rlar\u0131n\u0131 geni\u015fletiyor. B\u00f6ylece okuru b\u00fcy\u00fcl\u00fc ger\u00e7ekli\u011fin t\u00fcts\u00fcl\u00fc d\u00fcnyas\u0131na \u00e7ekiyor Kayal\u0131. Y\u00fcks\u00fcnmeden ifade edebilirim: Ele ald\u0131\u011f\u0131 her konudan bir \u00f6yk\u00fc \u00e7\u0131karacakm\u0131\u015f izlenimi veren Kayal\u0131, Ta\u015f\u0131n Dedi\u011fi ile ileri vitesle kalk\u0131\u015f yapabilen kapasitesi g\u00fc\u00e7l\u00fc ara\u00e7lar gibi ba\u015far\u0131l\u0131 bir \u00e7\u0131k\u0131\u015f yap\u0131yor. Anlatt\u0131\u011f\u0131 \u00f6yk\u00fcler ve kulland\u0131\u011f\u0131 dil imk\u00e2nlar\u0131 bak\u0131m\u0131ndan \u00f6yk\u00fcye g\u00fc\u00e7l\u00fc bir ses olarak geliyor Kayal\u0131. Recep SEYHAN B\u00fcy\u00fcl\u00fc ger\u00e7ek\u00e7ili\u011fin usta b\u00fcy\u00fcc\u00fclerinden Gabriel Garcia Marquez, g\u00fcn\u00fcm\u00fczde \u00dcmraniye&#8217;de ya\u015fayan gen\u00e7 bir yazar olsayd\u0131 muhtemelen Ta\u015f\u0131n Dedi\u011fi\u2019ni yazard\u0131. Kalemiyle sihir yapan Recep Kayal\u0131, bundan 300 &#8211; 400 y\u0131l \u00f6nce ya\u015fasayd\u0131 muhtemelen bir at\u0131n s\u0131rt\u0131nda k\u00f6y k\u00f6y dola\u015fan bir hik\u00e2ye anlat\u0131c\u0131s\u0131 olurdu. Ta\u015f\u0131n Dedi\u011fi&#8217;ndeki hik\u00e2yelerin \u00e7o\u011funu \u00f6nce anlat\u0131c\u0131s\u0131ndan dinledim sonra yazar\u0131ndan okudum; bir g\u00fcl neden kanar, su haf\u0131zas\u0131nda neleri saklar, ulumalar y\u00fckselirken hangi sesler duyulmaz olur anlad\u0131m. Eminim ki okudu\u011funuz zaman siz de anlayacaks\u0131n\u0131z kitaptan ta\u015fan g\u00fcl kokusunun kayna\u011f\u0131n\u0131 ve de duyacaks\u0131n\u0131z ta\u015f\u0131n dedi\u011fini&#8230; Mehmet F\u0131rat P\u00dcRSEL\u0130M <\/p>\n","protected":false},"excerpt":{"rendered":"<p>Recep Kayal\u0131, Ta\u015f\u0131n Dedi\u011fi\u2019nde kaybetmi\u015f \u201ck\u00fc\u00e7\u00fck\u201d adamlar\u0131n b\u00fcy\u00fck hik\u00e2yelerini anlat\u0131yor bize. Yazar\u0131n kitaptaki \u00f6yk\u00fclerde kulland\u0131\u011f\u0131 dili; yaz\u0131lan \u00f6yk\u00fcn\u00fcn talebi belirlemi\u015f g\u00f6r\u00fcn\u00fcyor. Dilde do\u011fall\u0131\u011f\u0131 seven ve dilin<span class=\"excerpt-hellip\"> [\u2026]<\/span><\/p>\n","protected":false},"featured_media":0,"template":"","meta":{"_monsterinsights_skip_tracking":false,"_monsterinsights_sitenote_active":false,"_monsterinsights_sitenote_note":"","_monsterinsights_sitenote_category":0},"product_brand":[],"product_cat":[12291,12745],"product_tag":[],"class_list":{"0":"post-718115","1":"product","2":"type-product","3":"status-publish","5":"product_cat-edebiyat","6":"product_cat-tarihi-roman","7":"pa_cilt-ciltsiz","8":"pa_tur-kitap","9":"pa_yayinevi-bilge-kultur-sanat","10":"pa_yazar-recep-kayali","12":"first","13":"instock","14":"sale","15":"shipping-taxable","16":"purchasable","17":"product-type-simple"},"_links":{"self":[{"href":"https:\/\/roveyayinevi.com.tr\/index.php\/wp-json\/wp\/v2\/product\/718115","targetHints":{"allow":["GET"]}}],"collection":[{"href":"https:\/\/roveyayinevi.com.tr\/index.php\/wp-json\/wp\/v2\/product"}],"about":[{"href":"https:\/\/roveyayinevi.com.tr\/index.php\/wp-json\/wp\/v2\/types\/product"}],"wp:attachment":[{"href":"https:\/\/roveyayinevi.com.tr\/index.php\/wp-json\/wp\/v2\/media?parent=718115"}],"wp:term":[{"taxonomy":"product_brand","embeddable":true,"href":"https:\/\/roveyayinevi.com.tr\/index.php\/wp-json\/wp\/v2\/product_brand?post=718115"},{"taxonomy":"product_cat","embeddable":true,"href":"https:\/\/roveyayinevi.com.tr\/index.php\/wp-json\/wp\/v2\/product_cat?post=718115"},{"taxonomy":"product_tag","embeddable":true,"href":"https:\/\/roveyayinevi.com.tr\/index.php\/wp-json\/wp\/v2\/product_tag?post=718115"}],"curies":[{"name":"wp","href":"https:\/\/api.w.org\/{rel}","templated":true}]}}