{"id":718114,"date":"2025-08-27T18:04:15","date_gmt":"2025-08-27T15:04:15","guid":{"rendered":"https:\/\/roveyayinevi.com.tr\/index.php\/urun\/kilcikli-hikayeler\/"},"modified":"2026-04-16T02:26:19","modified_gmt":"2026-04-15T23:26:19","slug":"kilcikli-hikayeler","status":"publish","type":"product","link":"https:\/\/roveyayinevi.com.tr\/index.php\/urun\/kilcikli-hikayeler\/","title":{"rendered":"K\u0131l\u00e7\u0131kl\u0131 Hikayeler"},"content":{"rendered":"<p>Yazar\u0131n \u00fcslubundaki ironi kadar el att\u0131\u011f\u0131 konulara bat\u0131rd\u0131\u011f\u0131 k\u0131l\u00e7\u0131kla da \u00f6ne \u00e7\u0131k\u0131yor, bu kitap. Kitapta yer alan k\u0131sa ve uzun hik\u00e2yeler, t\u00fcm \u00e7a\u011flar\u0131n felsefi merak\u0131yla ba\u011flar\u0131n\u0131 yenileyebilecek olan ve daima yeni sorulara a\u00e7\u0131k insanla ilgilidir.  Ak\u0131l ile duygu bug\u00fcn asla yan yana gelmeyen, do\u011fu ile bat\u0131 kadar birbirinden ayr\u0131 iki kanalda ak\u0131yor.  \u0130nsanlara g\u00f6nderilen mesajlar \u015fehirlerde, k\u00f6ylerde, k\u0131y\u0131da k\u00f6\u015fede dolan\u0131p durur. Ta ki o insana, ger\u00e7ek okuyucuya ula\u015fana kadar. G\u00fcn\u00fcm\u00fczde birbirinden muazzam mesafelerle ayr\u0131lm\u0131\u015f d\u00fcnyalar aras\u0131nda bu kadar ince p\u0131narlar\u0131n nas\u0131l olup da kuruyup gitmedi\u011fini ya da buharla\u015fmad\u0131\u011f\u0131n\u0131 merak etmez mi \u0130nsan? \u0130\u00e7ine d\u00fc\u015ft\u00fc\u011f\u00fc dar zamanlar\u0131nda bir k\u0131v\u0131lc\u0131m\u0131n y\u00fcreklere ate\u015f olarak nas\u0131l d\u00fc\u015ft\u00fc\u011f\u00fcn\u00fc anlamakta zorlan\u0131r elbette. \u0130\u015fte o zaman hik\u00e2yeler girer devreye. K\u0131l\u00e7\u0131kl\u0131 Hik\u00e2yeler, ya\u015fl\u0131lar\u0131n, gen\u00e7lerin, bug\u00fcn\u00fcn ve gelece\u011fin, k\u00f6pr\u00fclerin, apartman dairelerinin, kedilerin, insanlar\u0131n alt\u0131n ve g\u00fcm\u00fc\u015f hik\u00e2yelerini dile getiriyor. \u0130nteraktif bir ortamda okuyucu kendini kat\u0131yor bu hik\u00e2yelere. Okuyucu yazar, yazar okuyucu oluyor. Gelece\u011fin edebiyat\u0131, K\u0131l\u00e7\u0131kl\u0131 Hik\u00e2yeler\u2019in can verdi\u011fi ortamda hayat bulacak. <\/p>\n","protected":false},"excerpt":{"rendered":"<p>Yazar\u0131n \u00fcslubundaki ironi kadar el att\u0131\u011f\u0131 konulara bat\u0131rd\u0131\u011f\u0131 k\u0131l\u00e7\u0131kla da \u00f6ne \u00e7\u0131k\u0131yor, bu kitap. Kitapta yer alan k\u0131sa ve uzun hik\u00e2yeler, t\u00fcm \u00e7a\u011flar\u0131n felsefi merak\u0131yla ba\u011flar\u0131n\u0131<span class=\"excerpt-hellip\"> [\u2026]<\/span><\/p>\n","protected":false},"featured_media":0,"template":"","meta":{"_monsterinsights_skip_tracking":false,"_monsterinsights_sitenote_active":false,"_monsterinsights_sitenote_note":"","_monsterinsights_sitenote_category":0},"product_brand":[],"product_cat":[12291,12711],"product_tag":[],"class_list":{"0":"post-718114","1":"product","2":"type-product","3":"status-publish","5":"product_cat-edebiyat","6":"product_cat-roman-oyku","7":"pa_cilt-ciltsiz","8":"pa_tur-kitap","9":"pa_yayinevi-bilge-kultur-sanat","10":"pa_yazar-mustafa-everdi","12":"first","13":"instock","14":"sale","15":"shipping-taxable","16":"purchasable","17":"product-type-simple"},"_links":{"self":[{"href":"https:\/\/roveyayinevi.com.tr\/index.php\/wp-json\/wp\/v2\/product\/718114","targetHints":{"allow":["GET"]}}],"collection":[{"href":"https:\/\/roveyayinevi.com.tr\/index.php\/wp-json\/wp\/v2\/product"}],"about":[{"href":"https:\/\/roveyayinevi.com.tr\/index.php\/wp-json\/wp\/v2\/types\/product"}],"wp:attachment":[{"href":"https:\/\/roveyayinevi.com.tr\/index.php\/wp-json\/wp\/v2\/media?parent=718114"}],"wp:term":[{"taxonomy":"product_brand","embeddable":true,"href":"https:\/\/roveyayinevi.com.tr\/index.php\/wp-json\/wp\/v2\/product_brand?post=718114"},{"taxonomy":"product_cat","embeddable":true,"href":"https:\/\/roveyayinevi.com.tr\/index.php\/wp-json\/wp\/v2\/product_cat?post=718114"},{"taxonomy":"product_tag","embeddable":true,"href":"https:\/\/roveyayinevi.com.tr\/index.php\/wp-json\/wp\/v2\/product_tag?post=718114"}],"curies":[{"name":"wp","href":"https:\/\/api.w.org\/{rel}","templated":true}]}}